{"id":1177,"date":"2022-05-04T13:16:00","date_gmt":"2022-05-04T11:16:00","guid":{"rendered":"https:\/\/www.ganzheitliche-arztpraxis-kronberg.de\/?page_id=1177"},"modified":"2024-07-09T09:29:20","modified_gmt":"2024-07-09T07:29:20","slug":"allergien-unvertraeglichkeiten","status":"publish","type":"page","link":"https:\/\/www.inuspherese-zentrum-dortmund-holzwickede.de\/de\/unser-anliegen\/allergien-unvertraeglichkeiten\/","title":{"rendered":"Allergien &#038; Unvertr\u00e4glich&shy;keiten"},"content":{"rendered":"<section id=\"content-standard-block_fe3c4ac1921f79c21a615cbad7fee8af\" class=\"content-standard bg-trans   text-default pt-md-5 pt-4 pb-md-5 pb-4 \" >\r\n\t<div class=\"container\">\r\n    \t<div class=\"row\">\r\n\t\t\t<div class=\"col-12\"><h3>Zahnmaterial-unvertr\u00e4glichkeiten &amp; ganzheitliche Zahngesundheit<\/h3>\n<p>Aufgrund ihres Quecksilbergehaltes gelten <strong>Amalgam-F\u00fcllungen<\/strong> heutzutage als veraltet und werden inzwischen vermieden. Deshalb werden seit einigen Jahrzehnten bevorzugt andere Materialien aus Gold oder Kunststoff verwendet. Manche Menschen vertragen diese Materialien weniger gut als andere.<\/p>\n<p>Unvertr\u00e4gliche Nahrungsmittel aus der t\u00e4glichen Ern\u00e4hrung k\u00f6nnen relativ einfach umgangen und substituiert werden. Dies ist bei einmal eingesetztem Zahnmaterial nicht unm\u00f6glich, jedoch aufw\u00e4ndiger.<\/p>\n<p>Gemeinsam k\u00f6nnen wir uns Ihre Beschwerden ansehen und ergr\u00fcnden, wie diese eventuell mit den eingesetzten Zahnmaterialien in Verbindung stehen k\u00f6nnten:<\/p>\n<ul class=\"multicolumn\">\n<li>metallischer Mundgeschmack<\/li>\n<li>Energielosigkeit<\/li>\n<li>Konzentrationsst\u00f6rungen<\/li>\n<li>Haarausfall<\/li>\n<li>Infektanf\u00e4lligkeit<\/li>\n<li>Schwindel<\/li>\n<li>Empfindungsst\u00f6rungen an Armen und Beinen<\/li>\n<\/ul>\n<p>Gerne testen wir Zahnmaterialien f\u00fcr Sie aus, idealerweise auch bereits vor deren Einsatz durch den Zahnarzt.<\/p>\n<p>Damit Ihr Zahnarzt wei\u00df, welche Materialien Sie vertragen, arbeiten wir mit aufgeschlossenen Zahn\u00e4rzten zusammen und fu\u0308hren Allergie- und Vertr\u00e4glichkeits-Testungen durch. <a href=\"https:\/\/www.inuspherese-zentrum-dortmund-holzwickede.de\/kontakt\/\">Kontaktieren Sie uns<\/a><\/p>\n<h4>Testungs-Vorbereitung:<\/h4>\n<ul class=\"onecolumn\">\n<li>Wenn das zu testende Material noch nicht von Ihnen verwendet wurde, ist es wichtig das Material, (nur feste Materialien im Endverarbeitungszustand) 5 min. in den Mund zu nehmen, um eine Antik\u00f6rper-Reaktion auszul\u00f6sen.<\/li>\n<li>Nach 5 Tagen kann die Testung (Blut-Speichelabnahme) erfolgen<\/li>\n<li>Materialien zur Terminvereinbarung mitbringen.<\/li>\n<li>Wenn die zu testenden Materialien bereits im K\u00f6rper verarbeitet wurden oder gegessen wurden (Zahnmaterialien, Gelenke, Nahrungsmittel\u2026.) kann sofort ein Blut- und Speichelabnahme Termin vereinbart werden.<\/li>\n<li>Bitte kommen Sie mit geputzten Z\u00e4hnen ohne Zahnpasta zu uns. Vor der Testung essen und trinken Sie bitte 60 min nicht mehr.<\/li>\n<li>Nehmen Sie an diesem Tag keine Vitamine, Mineralstoffe und Milchprodukte zu sich.<\/li>\n<\/ul>\n<\/div>\r\n\t\t<\/div>\r\n\t<\/div>\r\n<\/section>\n\n<section id=\"content-standard-block_83b32e7889047a4187806e20819c776d\" class=\"content-standard bg-light   text-default pt-md-5 pt-4 pb-md-5 pb-4 \" >\r\n\t<div class=\"container\">\r\n    \t<div class=\"row\">\r\n\t\t\t<div class=\"col-12\"><h3>Brust und Gelenkimplantate<\/h3>\n<p>Was f\u00fcr Zahnimplantate gilt, gilt nat\u00fcrlich auch f\u00fcr Implantate im restlichen K\u00f6rper:<\/p>\n<p>Wer plant, ein z.B. k\u00fcnstliches H\u00fcftgelenk oder aber auch ein Brustimplantat einsetzen zu lassen, bei dem empfiehlt es sich, das Material von uns austesten zu lassen.<\/p>\n<p>Sollten Sie unter \u201eunerkl\u00e4rlichen\u201c Symptomen leiden, seit Ihnen ein k\u00fcnstliches Gelenk, ein Brustimplantat oder auch Materialien zur Fixierung nach Knochenbr\u00fcchen eingesetzt wurden, dann lohnt es sich, die Vertr\u00e4glichkeit der Materialien im Nachhinein zu pr\u00fcfen und ggf. Ersatzmaterialien auszutesten.<\/p>\n<p>Bitte vereinbaren Sie einen Termin f\u00fcr ein Erstgespr\u00e4ch unter: <a href=\"mailto:info@praxis-lubon.de\">info@praxis-lubon.de<\/a><\/p>\n<\/div>\r\n\t\t<\/div>\r\n\t<\/div>\r\n<\/section>\n\n<section id=\"content-standard-block_7fb914b98150b68b500fc22e428ec04b\" class=\"content-standard bg-trans   text-default pt-md-5 pt-4 pb-md-5 pb-4 \" >\r\n\t<div class=\"container\">\r\n    \t<div class=\"row\">\r\n\t\t\t<div class=\"col-12\"><h3>(Nahrungsmittel)\u00adunvertr\u00e4glichkeiten<\/h3>\n<p>Laut einer <a href=\"https:\/\/www.pronovabkk.de\/media\/downloads\/presse_studien\/studie_maenner_frauengesundheit_2018\/Infografik-Unvertraeglichkeiten.pdf\">B\u00fcrgerbefragung der Pronova BKK<\/a> leiden 25% der Bundesb\u00fcrger unter Nahrungsmittel-Unvertr\u00e4glichkeiten. Die meisten von ihnen versuchen, die entsprechenden Lebensmittel so gut es geht zu meiden &#8211; wodurch ihre Lebensqualit\u00e4t oft erheblich eingeschr\u00e4nkt wird.<\/p>\n<p>Leider wissen viele Betroffene nicht, dass es Therapien speziell bei Nahrungsmittelunvertr\u00e4glichkeiten gibt, und bleiben in ihrer Passivit\u00e4t.<\/p>\n<p>Was Sie unternehmen k\u00f6nnen, um Ihr Essen wieder genie\u00dfen zu k\u00f6nnen, erfahren Sie unter <a href=\"https:\/\/www.inuspherese-zentrum-dortmund-holzwickede.de\/diagnostik\/\">Diagnoseverfahren<\/a> und <a href=\"https:\/\/www.inuspherese-zentrum-dortmund-holzwickede.de\/therapie\/\">Therapieverfahren<\/a>.<\/p>\n<p>Oder vereinbaren Sie gleich einen <a href=\"https:\/\/www.inuspherese-zentrum-dortmund-holzwickede.de\/kontakt\/\">Termin<\/a> mit uns.<\/p>\n<\/div>\r\n\t\t<\/div>\r\n\t<\/div>\r\n<\/section>\n\n<section id=\"content-standard-block_b63044ef320abfb5571c505b1ac7c501\" class=\"content-standard bg-light   text-default pt-md-5 pt-4 pb-md-5 pb-4 \" >\r\n\t<div class=\"container\">\r\n    \t<div class=\"row\">\r\n\t\t\t<div class=\"col-12\"><h3>Heuschnupfen und Pollenallergie<\/h3>\n<p>In der heutigen Zeit klagen immer mehr Menschen \u00fcber Heuschnupfen und Pollenallergie. Je nach Studienergebnis ist jedes dritte bis jedes siebte Kind davon betroffen (Quelle: Ingrid Moll,\u00a0Duale Reihe &#8211; Dermatologie. 2005, S. 166).<\/p>\n<p>In unserer Praxis f\u00fchren wir <a href=\"https:\/\/www.inuspherese-zentrum-dortmund-holzwickede.de\/diagnostik\/\">Allergietests<\/a> durch und passen <a href=\"https:\/\/www.inuspherese-zentrum-dortmund-holzwickede.de\/therapie\/\">Therapieverfahren<\/a> individuell auf unsere Patienten an.<\/p>\n<p>Wenn Sie von Ihrem Heuschnupfen die Nase voll haben und Sie wollen den Fr\u00fchling wieder genie\u00dfen k\u00f6nnen, dann <a href=\"https:\/\/www.inuspherese-zentrum-dortmund-holzwickede.de\/kontakt\/\">kontaktieren Sie uns<\/a>.<\/p>\n<\/div>\r\n\t\t<\/div>\r\n\t<\/div>\r\n<\/section>\n\n<section id=\"content-standard-block_de4f5cfb1de953f48463c8832e8f240d\" class=\"content-nav bg-trans   text-default pt-md-5 pt-4 pb-md-5 pb-4 \" >\r\n\t<div class=\"container\">\r\n\t\t\t\t\t<h2 class=\" mb-5\"><span>Weitere<\/span> Anliegen<\/h2>\r\n\t\t\t\t<div class=\"row mb-lg-0 mb-n4 d-flex justify-content-centerX\">\r\n\t\t\t\t\t\t\t\t\t<div class=\"col-lg-4 col-md-6 mb-5 px-lg-4 px-3\">\r\n\t\t\t\t\t<a class=\"block inherit h-100 text-centerX \" href=\"https:\/\/www.inuspherese-zentrum-dortmund-holzwickede.de\/de\/unser-anliegen\/inuspherese\/\">\r\n\t\t\t\t\t\t\r\n\t\t\t\t\t\t\t<div class=\"bobbel-wrapper\">\r\n\t\t\t\t\t\t\t\t<div class=\"bobbel mb-4\">\r\n\t\t\t\t\t\t\t\t\t<img loading=\"lazy\" decoding=\"async\" width=\"480\" height=\"480\" src=\"https:\/\/www.inuspherese-zentrum-dortmund-holzwickede.de\/wp-content\/uploads\/2022\/11\/AdobeStock_31677497-480x480.jpeg\" class=\" wp-post-image\" alt=\"Praxis f\u00fcr Inuspherese in Kronberg bei Frankfurt\" srcset=\"https:\/\/www.inuspherese-zentrum-dortmund-holzwickede.de\/wp-content\/uploads\/2022\/11\/AdobeStock_31677497-480x480.jpeg 480w, https:\/\/www.inuspherese-zentrum-dortmund-holzwickede.de\/wp-content\/uploads\/2022\/11\/AdobeStock_31677497-300x300.jpeg 300w, https:\/\/www.inuspherese-zentrum-dortmund-holzwickede.de\/wp-content\/uploads\/2022\/11\/AdobeStock_31677497-100x100.jpeg 100w\" sizes=\"auto, (max-width: 480px) 100vw, 480px\" title=\"Praxis f\u00fcr Inuspherese in Kronberg bei Frankfurt\" \/>\t\t\t\t\t\t\t\t<\/div>\r\n\t\t\t\t\t\t\t<\/div>\r\n\t\t\t\t\t\t\t<h3>INUSpherese<sup>\u00ae<\/sup><\/h3>\r\n\t\t\t\t\t\t\tEffektive Methode zur Entgiftung des K\u00f6rpers\t\t\t\t\t\t\t<span class=\"wichtig\">&raquo;&nbsp;mehr<\/span>\r\n\t\t\t\t\t\t\r\n\t\t\t\t\t<\/a>\r\n\t\t\t\t<\/div>\r\n\t\t\t\t\t\t\t<div class=\"col-lg-4 col-md-6 mb-5 px-lg-4 px-3\">\r\n\t\t\t\t\t<a class=\"block inherit h-100 text-centerX \" href=\"https:\/\/www.inuspherese-zentrum-dortmund-holzwickede.de\/de\/unser-anliegen\/ganzheitliche-medizin\/\">\r\n\t\t\t\t\t\t\r\n\t\t\t\t\t\t\t<div class=\"bobbel-wrapper\">\r\n\t\t\t\t\t\t\t\t<div class=\"bobbel mb-4\">\r\n\t\t\t\t\t\t\t\t\t<img loading=\"lazy\" decoding=\"async\" width=\"480\" height=\"480\" src=\"https:\/\/www.inuspherese-zentrum-dortmund-holzwickede.de\/wp-content\/uploads\/2022\/06\/AdobeStock_247969304-1-e1654983526943-480x480.jpeg\" class=\" wp-post-image\" alt=\"Ganzheitliche Familienmedizin\" srcset=\"https:\/\/www.inuspherese-zentrum-dortmund-holzwickede.de\/wp-content\/uploads\/2022\/06\/AdobeStock_247969304-1-e1654983526943-480x480.jpeg 480w, https:\/\/www.inuspherese-zentrum-dortmund-holzwickede.de\/wp-content\/uploads\/2022\/06\/AdobeStock_247969304-1-e1654983526943-600x599.jpeg 600w, https:\/\/www.inuspherese-zentrum-dortmund-holzwickede.de\/wp-content\/uploads\/2022\/06\/AdobeStock_247969304-1-e1654983526943-300x300.jpeg 300w, https:\/\/www.inuspherese-zentrum-dortmund-holzwickede.de\/wp-content\/uploads\/2022\/06\/AdobeStock_247969304-1-e1654983526943-800x800.jpeg 800w, https:\/\/www.inuspherese-zentrum-dortmund-holzwickede.de\/wp-content\/uploads\/2022\/06\/AdobeStock_247969304-1-e1654983526943-100x100.jpeg 100w, https:\/\/www.inuspherese-zentrum-dortmund-holzwickede.de\/wp-content\/uploads\/2022\/06\/AdobeStock_247969304-1-e1654983526943.jpeg 897w\" sizes=\"auto, (max-width: 480px) 100vw, 480px\" title=\"Ganzheitliche Familienmedizin\" \/>\t\t\t\t\t\t\t\t<\/div>\r\n\t\t\t\t\t\t\t<\/div>\r\n\t\t\t\t\t\t\t<h3>Ganzheitliche Medizin<\/h3>\r\n\t\t\t\t\t\t\tGesundheit und Wohlbefinden f\u00fcr Kinder und Erwachsene\t\t\t\t\t\t\t<span class=\"wichtig\">&raquo;&nbsp;mehr<\/span>\r\n\t\t\t\t\t\t\r\n\t\t\t\t\t<\/a>\r\n\t\t\t\t<\/div>\r\n\t\t\t\t\t\t\t<div class=\"col-lg-4 col-md-6 mb-5 px-lg-4 px-3\">\r\n\t\t\t\t\t<a class=\"block inherit h-100 text-centerX \" href=\"https:\/\/www.inuspherese-zentrum-dortmund-holzwickede.de\/de\/unser-anliegen\/bioidentische-hormontherapie\/\">\r\n\t\t\t\t\t\t\r\n\t\t\t\t\t\t\t<div class=\"bobbel-wrapper\">\r\n\t\t\t\t\t\t\t\t<div class=\"bobbel mb-4\">\r\n\t\t\t\t\t\t\t\t\t<img loading=\"lazy\" decoding=\"async\" width=\"480\" height=\"480\" src=\"https:\/\/www.inuspherese-zentrum-dortmund-holzwickede.de\/wp-content\/uploads\/2022\/06\/AdobeStock_432637966-1-e1654983363510-480x480.jpeg\" class=\" wp-post-image\" alt=\"Bioidentische Hormontherapie\" srcset=\"https:\/\/www.inuspherese-zentrum-dortmund-holzwickede.de\/wp-content\/uploads\/2022\/06\/AdobeStock_432637966-1-e1654983363510-480x480.jpeg 480w, https:\/\/www.inuspherese-zentrum-dortmund-holzwickede.de\/wp-content\/uploads\/2022\/06\/AdobeStock_432637966-1-e1654983363510-300x300.jpeg 300w, https:\/\/www.inuspherese-zentrum-dortmund-holzwickede.de\/wp-content\/uploads\/2022\/06\/AdobeStock_432637966-1-e1654983363510-600x599.jpeg 600w, https:\/\/www.inuspherese-zentrum-dortmund-holzwickede.de\/wp-content\/uploads\/2022\/06\/AdobeStock_432637966-1-e1654983363510-800x798.jpeg 800w, https:\/\/www.inuspherese-zentrum-dortmund-holzwickede.de\/wp-content\/uploads\/2022\/06\/AdobeStock_432637966-1-e1654983363510-100x100.jpeg 100w, https:\/\/www.inuspherese-zentrum-dortmund-holzwickede.de\/wp-content\/uploads\/2022\/06\/AdobeStock_432637966-1-e1654983363510.jpeg 1046w\" sizes=\"auto, (max-width: 480px) 100vw, 480px\" title=\"Bioidentische Hormontherapie\" \/>\t\t\t\t\t\t\t\t<\/div>\r\n\t\t\t\t\t\t\t<\/div>\r\n\t\t\t\t\t\t\t<h3>Bioidentische Hormontherapie<\/h3>\r\n\t\t\t\t\t\t\tHormonelle Dysbalancen nat\u00fcrlich ausgleichen\t\t\t\t\t\t\t<span class=\"wichtig\">&raquo;&nbsp;mehr<\/span>\r\n\t\t\t\t\t\t\r\n\t\t\t\t\t<\/a>\r\n\t\t\t\t<\/div>\r\n\t\t\t\t\t\t\t<div class=\"col-lg-4 col-md-6 mb-5 px-lg-4 px-3\">\r\n\t\t\t\t\t<a class=\"block inherit h-100 text-centerX \" href=\"https:\/\/www.inuspherese-zentrum-dortmund-holzwickede.de\/de\/unser-anliegen\/schmerz-therapie\/\">\r\n\t\t\t\t\t\t\r\n\t\t\t\t\t\t\t<div class=\"bobbel-wrapper\">\r\n\t\t\t\t\t\t\t\t<div class=\"bobbel mb-4\">\r\n\t\t\t\t\t\t\t\t\t<img loading=\"lazy\" decoding=\"async\" width=\"480\" height=\"480\" src=\"https:\/\/www.inuspherese-zentrum-dortmund-holzwickede.de\/wp-content\/uploads\/2022\/06\/AdobeStock_186990770-1-e1654983667744-480x480.jpeg\" class=\" wp-post-image\" alt=\"Schmerz-Therapie\" srcset=\"https:\/\/www.inuspherese-zentrum-dortmund-holzwickede.de\/wp-content\/uploads\/2022\/06\/AdobeStock_186990770-1-e1654983667744-480x480.jpeg 480w, https:\/\/www.inuspherese-zentrum-dortmund-holzwickede.de\/wp-content\/uploads\/2022\/06\/AdobeStock_186990770-1-e1654983667744-300x300.jpeg 300w, https:\/\/www.inuspherese-zentrum-dortmund-holzwickede.de\/wp-content\/uploads\/2022\/06\/AdobeStock_186990770-1-e1654983667744-600x600.jpeg 600w, https:\/\/www.inuspherese-zentrum-dortmund-holzwickede.de\/wp-content\/uploads\/2022\/06\/AdobeStock_186990770-1-e1654983667744-800x800.jpeg 800w, https:\/\/www.inuspherese-zentrum-dortmund-holzwickede.de\/wp-content\/uploads\/2022\/06\/AdobeStock_186990770-1-e1654983667744-1200x1200.jpeg 1200w, https:\/\/www.inuspherese-zentrum-dortmund-holzwickede.de\/wp-content\/uploads\/2022\/06\/AdobeStock_186990770-1-e1654983667744-100x100.jpeg 100w, https:\/\/www.inuspherese-zentrum-dortmund-holzwickede.de\/wp-content\/uploads\/2022\/06\/AdobeStock_186990770-1-e1654983667744.jpeg 1521w\" sizes=\"auto, (max-width: 480px) 100vw, 480px\" title=\"Schmerz-Therapie\" \/>\t\t\t\t\t\t\t\t<\/div>\r\n\t\t\t\t\t\t\t<\/div>\r\n\t\t\t\t\t\t\t<h3>Schmerz-Therapie<\/h3>\r\n\t\t\t\t\t\t\tLassen Sie sich von Schmerzen nicht ausbremsen!\t\t\t\t\t\t\t<span class=\"wichtig\">&raquo;&nbsp;mehr<\/span>\r\n\t\t\t\t\t\t\r\n\t\t\t\t\t<\/a>\r\n\t\t\t\t<\/div>\r\n\t\t\t\t\t\t\t<div class=\"col-lg-4 col-md-6 mb-5 px-lg-4 px-3\">\r\n\t\t\t\t\t<a class=\"block inherit h-100 text-centerX \" href=\"https:\/\/www.inuspherese-zentrum-dortmund-holzwickede.de\/de\/unser-anliegen\/stress-erschoepfung\/\">\r\n\t\t\t\t\t\t\r\n\t\t\t\t\t\t\t<div class=\"bobbel-wrapper\">\r\n\t\t\t\t\t\t\t\t<div class=\"bobbel mb-4\">\r\n\t\t\t\t\t\t\t\t\t<img loading=\"lazy\" decoding=\"async\" width=\"480\" height=\"480\" src=\"https:\/\/www.inuspherese-zentrum-dortmund-holzwickede.de\/wp-content\/uploads\/2022\/06\/AdobeStock_354310924-1-e1654983291789-480x480.jpeg\" class=\" wp-post-image\" alt=\"Stress und Ersch\u00f6pfung\" srcset=\"https:\/\/www.inuspherese-zentrum-dortmund-holzwickede.de\/wp-content\/uploads\/2022\/06\/AdobeStock_354310924-1-e1654983291789-480x480.jpeg 480w, https:\/\/www.inuspherese-zentrum-dortmund-holzwickede.de\/wp-content\/uploads\/2022\/06\/AdobeStock_354310924-1-e1654983291789-300x300.jpeg 300w, https:\/\/www.inuspherese-zentrum-dortmund-holzwickede.de\/wp-content\/uploads\/2022\/06\/AdobeStock_354310924-1-e1654983291789-600x600.jpeg 600w, https:\/\/www.inuspherese-zentrum-dortmund-holzwickede.de\/wp-content\/uploads\/2022\/06\/AdobeStock_354310924-1-e1654983291789-800x800.jpeg 800w, https:\/\/www.inuspherese-zentrum-dortmund-holzwickede.de\/wp-content\/uploads\/2022\/06\/AdobeStock_354310924-1-e1654983291789-100x100.jpeg 100w, https:\/\/www.inuspherese-zentrum-dortmund-holzwickede.de\/wp-content\/uploads\/2022\/06\/AdobeStock_354310924-1-e1654983291789.jpeg 864w\" sizes=\"auto, (max-width: 480px) 100vw, 480px\" title=\"Stress und Ersch\u00f6pfung\" \/>\t\t\t\t\t\t\t\t<\/div>\r\n\t\t\t\t\t\t\t<\/div>\r\n\t\t\t\t\t\t\t<h3>Stress &#038; Ersch\u00f6pfung<\/h3>\r\n\t\t\t\t\t\t\tIn die Ruhe und auf ein hohes Energielevel zur\u00fcckkehren\t\t\t\t\t\t\t<span class=\"wichtig\">&raquo;&nbsp;mehr<\/span>\r\n\t\t\t\t\t\t\r\n\t\t\t\t\t<\/a>\r\n\t\t\t\t<\/div>\r\n\t\t\t\t\t\t\t<div class=\"col-lg-4 col-md-6 mb-5 px-lg-4 px-3\">\r\n\t\t\t\t\t<a class=\"block inherit h-100 text-centerX \" href=\"https:\/\/www.inuspherese-zentrum-dortmund-holzwickede.de\/de\/unser-anliegen\/darm-gesundheit\/\">\r\n\t\t\t\t\t\t\r\n\t\t\t\t\t\t\t<div class=\"bobbel-wrapper\">\r\n\t\t\t\t\t\t\t\t<div class=\"bobbel mb-4\">\r\n\t\t\t\t\t\t\t\t\t<img loading=\"lazy\" decoding=\"async\" width=\"480\" height=\"480\" src=\"https:\/\/www.inuspherese-zentrum-dortmund-holzwickede.de\/wp-content\/uploads\/2022\/06\/AdobeStock_499223182-480x480.jpeg\" class=\" wp-post-image\" alt=\"Darm-Gesundheit\" srcset=\"https:\/\/www.inuspherese-zentrum-dortmund-holzwickede.de\/wp-content\/uploads\/2022\/06\/AdobeStock_499223182-480x480.jpeg 480w, https:\/\/www.inuspherese-zentrum-dortmund-holzwickede.de\/wp-content\/uploads\/2022\/06\/AdobeStock_499223182-300x300.jpeg 300w, https:\/\/www.inuspherese-zentrum-dortmund-holzwickede.de\/wp-content\/uploads\/2022\/06\/AdobeStock_499223182-100x100.jpeg 100w\" sizes=\"auto, (max-width: 480px) 100vw, 480px\" title=\"Darm-Gesundheit\" \/>\t\t\t\t\t\t\t\t<\/div>\r\n\t\t\t\t\t\t\t<\/div>\r\n\t\t\t\t\t\t\t<h3>Darm-Gesundheit<\/h3>\r\n\t\t\t\t\t\t\tBauchschmerzen, Verdauung, Allergien \u2013 was k\u00f6nnen Sie tun?\t\t\t\t\t\t\t<span class=\"wichtig\">&raquo;&nbsp;mehr<\/span>\r\n\t\t\t\t\t\t\r\n\t\t\t\t\t<\/a>\r\n\t\t\t\t<\/div>\r\n\t\t\t\t\t\t\t<\/div>\r\n\t<\/div>\r\n<\/section>","protected":false},"excerpt":{"rendered":"<p>auf Zahnmaterialien, Brust- und Gelenkimplantate, Nahrungsmittel<\/p>\n","protected":false},"author":1,"featured_media":1991,"parent":1160,"menu_order":4,"comment_status":"closed","ping_status":"closed","template":"","meta":{"_acf_changed":false,"inline_featured_image":false,"footnotes":""},"class_list":["post-1177","page","type-page","status-publish","has-post-thumbnail","hentry"],"acf":[],"_links":{"self":[{"href":"https:\/\/www.inuspherese-zentrum-dortmund-holzwickede.de\/de\/wp-json\/wp\/v2\/pages\/1177","targetHints":{"allow":["GET"]}}],"collection":[{"href":"https:\/\/www.inuspherese-zentrum-dortmund-holzwickede.de\/de\/wp-json\/wp\/v2\/pages"}],"about":[{"href":"https:\/\/www.inuspherese-zentrum-dortmund-holzwickede.de\/de\/wp-json\/wp\/v2\/types\/page"}],"author":[{"embeddable":true,"href":"https:\/\/www.inuspherese-zentrum-dortmund-holzwickede.de\/de\/wp-json\/wp\/v2\/users\/1"}],"replies":[{"embeddable":true,"href":"https:\/\/www.inuspherese-zentrum-dortmund-holzwickede.de\/de\/wp-json\/wp\/v2\/comments?post=1177"}],"version-history":[{"count":2,"href":"https:\/\/www.inuspherese-zentrum-dortmund-holzwickede.de\/de\/wp-json\/wp\/v2\/pages\/1177\/revisions"}],"predecessor-version":[{"id":3006,"href":"https:\/\/www.inuspherese-zentrum-dortmund-holzwickede.de\/de\/wp-json\/wp\/v2\/pages\/1177\/revisions\/3006"}],"up":[{"embeddable":true,"href":"https:\/\/www.inuspherese-zentrum-dortmund-holzwickede.de\/de\/wp-json\/wp\/v2\/pages\/1160"}],"wp:featuredmedia":[{"embeddable":true,"href":"https:\/\/www.inuspherese-zentrum-dortmund-holzwickede.de\/de\/wp-json\/wp\/v2\/media\/1991"}],"wp:attachment":[{"href":"https:\/\/www.inuspherese-zentrum-dortmund-holzwickede.de\/de\/wp-json\/wp\/v2\/media?parent=1177"}],"curies":[{"name":"wp","href":"https:\/\/api.w.org\/{rel}","templated":true}]}}