{"id":1421,"date":"2022-06-03T11:53:23","date_gmt":"2022-06-03T09:53:23","guid":{"rendered":"https:\/\/www.ganzheitliche-arztpraxis-kronberg.de\/?page_id=1421"},"modified":"2024-05-27T17:12:28","modified_gmt":"2024-05-27T15:12:28","slug":"peter-lubon","status":"publish","type":"page","link":"https:\/\/www.inuspherese-zentrum-dortmund-holzwickede.de\/de\/ueber-mich\/peter-lubon\/","title":{"rendered":"Peter Lubon"},"content":{"rendered":"<section id=\"content-standard-block_c4c9d4f8aebeda1982ff807bd6f05bfb\" class=\"content-cols bg-trans   text-default pt-md-5 pt-4 pb-md-5 pb-4 \" >\r\n\t<div class=\"container\">\r\n    \t<div class=\"row mb-md-0 mb-n3 align-items-start\">\r\n\t\t\t\t\t\t\t<div class=\"col-lg-4 mb-lg-0 mb-3 pb-5 bobbel-wrapper ml-auto mr-auto\">\r\n\t\t\t\t\t<div class=\"bobbel\">\n<p><img loading=\"lazy\" decoding=\"async\" class=\"alignnone wp-image-1864 size-medium\" title=\"rounded-circle\" src=\"https:\/\/www.ganzheitliche-arztpraxis-kronberg.de\/wp-content\/uploads\/2022\/06\/20220523-schander-007-e1654984099830-600x600.jpg\" alt=\"\" width=\"600\" height=\"600\" srcset=\"https:\/\/www.inuspherese-zentrum-dortmund-holzwickede.de\/wp-content\/uploads\/2022\/06\/20220523-schander-007-e1654984099830-600x600.jpg 600w, https:\/\/www.inuspherese-zentrum-dortmund-holzwickede.de\/wp-content\/uploads\/2022\/06\/20220523-schander-007-e1654984099830-300x300.jpg 300w, https:\/\/www.inuspherese-zentrum-dortmund-holzwickede.de\/wp-content\/uploads\/2022\/06\/20220523-schander-007-e1654984099830-800x800.jpg 800w, https:\/\/www.inuspherese-zentrum-dortmund-holzwickede.de\/wp-content\/uploads\/2022\/06\/20220523-schander-007-e1654984099830-1200x1200.jpg 1200w, https:\/\/www.inuspherese-zentrum-dortmund-holzwickede.de\/wp-content\/uploads\/2022\/06\/20220523-schander-007-e1654984099830-480x480.jpg 480w, https:\/\/www.inuspherese-zentrum-dortmund-holzwickede.de\/wp-content\/uploads\/2022\/06\/20220523-schander-007-e1654984099830-100x100.jpg 100w, https:\/\/www.inuspherese-zentrum-dortmund-holzwickede.de\/wp-content\/uploads\/2022\/06\/20220523-schander-007-e1654984099830.jpg 1366w\" sizes=\"auto, (max-width: 600px) 100vw, 600px\" \/><\/p>\n<\/div>\n\t\t\t\t<\/div>\r\n\t\t\t\t\t\t\t<div class=\"col-lg-8 mb-lg-0 mb-3 \">\r\n\t\t\t\t\t<p>Die\u00a0<strong>Optimierung k\u00f6rperlicher F\u00e4higkeiten<\/strong>\u00a0hat mich schon immer fasziniert. Als Jugendlicher war ich n\u00e4mlich ein begeisterter Leichtathlet und Volleyball-Spieler. Ich staunte wie unsere K\u00f6rper unter angemessener Trainingsbelastung und \u00dcbungen auf den Punkt zum Wettbewerb vorbereitet wurden.\u00a0Meine\u00a0Trainer wussten auch, wie sie mit unseren Sportverletzungen angemessen umgehen, sodass wir nicht ganz auf das Training und Wettk\u00e4mpfe verzichten mussten.<\/p>\n<p>Als mir bewusst wurde, was f\u00fcr ein Wunder der menschliche K\u00f6rper ist, beschloss ich Medizin zu studieren.<\/p>\n<p>Sehr zum Erstaunen meiner Familie spezialisierte ich mich nach meiner Arzt-im-Praktikum-Zeit auf den Fachbereich der Chirurgie (und dass obwohl ich als Kind kein Blut sehen konnte \ud83d\ude0a)<\/p>\n<p>W\u00e4hrend der Arbeit als Mediziner und Chirurg stellte ich relativ schnell fest, dass ich im Studium und in den Weiterbildungen sehr spezialisiert wurde und mir der Blick auf das Ganze fehlte. Immer \u00f6fter wurde ich konfrontiert mit den Situationen, die ich mit dem schulmedizinischen Wissen nicht erkl\u00e4ren k\u00f6nnte. So begann f\u00fcr mich die Reise in das Wissen der\u00a0<strong>ganzheitlichen alternativen Medizin<\/strong>.<\/p>\n<p>Seit 2018 weitete ich meinen Blick und war sowohl in der Chirurgie als auch in einer Privatarztpraxis f\u00fcr Frequenzmedizin t\u00e4tig, in der ich mein\u00a0<strong>Gesundheitsverst\u00e4ndnis<\/strong>\u00a0deutlich <strong>erweitern<\/strong> durfte. \u00a0So erlebte ich, dass ich meinen Patienten mit seinen vorgestellten Beschwerden ganzheitlicher sehen konnte.<\/p>\n<p>Deshalb beschloss ich Anfang des Jahres 2022, meine Zeit vollst\u00e4ndig der ganzheitlichen Medizin in der Behandlung meiner Patienten zu widmen und gr\u00fcndete eine private ganzheitliche Praxis in Frankfurt \/ Kronberg.<br \/>\nZum Juni 2024 bin ich dann mit der gesamten Praxis nach Holzwickede bei Dortmund umgezogen.\n<\/p>\n<p>In dieser Praxis steht der Patient im Mittelpunkt. Ich stehe f\u00fcr h\u00f6chste Individualit\u00e4t in der Behandlung und Zeit f\u00fcr die Anliegen meiner Patienten.<\/p>\n<p>Heilverfahren aus der Schulmedizin erg\u00e4nzt um meine Erfahrungen in der ganzheitlichen Heilkunde verbinden sich in der Anwendung. <strong>Durch diese ganzheitlichen Ans\u00e4tze wird die bestm\u00f6gliche Unterst\u00fctzung in der Gesundung oder Gesunderhaltung angeboten.<\/strong><\/p>\n\t\t\t\t<\/div>\r\n\t\t\t\t\t<\/div>\r\n\t<\/div>\r\n<\/section>","protected":false},"excerpt":{"rendered":"<p>Arzt \u00b7 Chirurg \u00b7 Regulationsmedizin<\/p>\n","protected":false},"author":1,"featured_media":1864,"parent":1180,"menu_order":1,"comment_status":"closed","ping_status":"closed","template":"","meta":{"_acf_changed":false,"inline_featured_image":false,"footnotes":""},"class_list":["post-1421","page","type-page","status-publish","has-post-thumbnail","hentry"],"acf":[],"_links":{"self":[{"href":"https:\/\/www.inuspherese-zentrum-dortmund-holzwickede.de\/de\/wp-json\/wp\/v2\/pages\/1421","targetHints":{"allow":["GET"]}}],"collection":[{"href":"https:\/\/www.inuspherese-zentrum-dortmund-holzwickede.de\/de\/wp-json\/wp\/v2\/pages"}],"about":[{"href":"https:\/\/www.inuspherese-zentrum-dortmund-holzwickede.de\/de\/wp-json\/wp\/v2\/types\/page"}],"author":[{"embeddable":true,"href":"https:\/\/www.inuspherese-zentrum-dortmund-holzwickede.de\/de\/wp-json\/wp\/v2\/users\/1"}],"replies":[{"embeddable":true,"href":"https:\/\/www.inuspherese-zentrum-dortmund-holzwickede.de\/de\/wp-json\/wp\/v2\/comments?post=1421"}],"version-history":[{"count":1,"href":"https:\/\/www.inuspherese-zentrum-dortmund-holzwickede.de\/de\/wp-json\/wp\/v2\/pages\/1421\/revisions"}],"predecessor-version":[{"id":2913,"href":"https:\/\/www.inuspherese-zentrum-dortmund-holzwickede.de\/de\/wp-json\/wp\/v2\/pages\/1421\/revisions\/2913"}],"up":[{"embeddable":true,"href":"https:\/\/www.inuspherese-zentrum-dortmund-holzwickede.de\/de\/wp-json\/wp\/v2\/pages\/1180"}],"wp:featuredmedia":[{"embeddable":true,"href":"https:\/\/www.inuspherese-zentrum-dortmund-holzwickede.de\/de\/wp-json\/wp\/v2\/media\/1864"}],"wp:attachment":[{"href":"https:\/\/www.inuspherese-zentrum-dortmund-holzwickede.de\/de\/wp-json\/wp\/v2\/media?parent=1421"}],"curies":[{"name":"wp","href":"https:\/\/api.w.org\/{rel}","templated":true}]}}