{"id":2506,"date":"2022-10-23T21:06:23","date_gmt":"2022-10-23T19:06:23","guid":{"rendered":"https:\/\/www.ganzheitliche-arztpraxis-kronberg.de\/?page_id=2506"},"modified":"2024-07-23T14:04:11","modified_gmt":"2024-07-23T12:04:11","slug":"inuspherese","status":"publish","type":"page","link":"https:\/\/www.inuspherese-zentrum-dortmund-holzwickede.de\/de\/unser-anliegen\/inuspherese\/","title":{"rendered":"INUSpherese<sup>\u00ae<\/sup>"},"content":{"rendered":"<section id=\"content-standard-block_9db90212b2b0818eee94a82ae008eb10\" class=\"content-standard bg-trans   text-default pt-md-5 pt-4 pb-md-5 pb-4 \" >\r\n\t<div class=\"container\">\r\n    \t<div class=\"row\">\r\n\t\t\t<div class=\"col-12\"><div class=\"intro\">\n<h3>Inuspherese<sup>\u00ae<\/sup> als eine Form der sanften Blutw\u00e4sche<\/h3>\n<p>Im Zeitalter massiv zunehmender toxischer Belastungen ist die Entlastung des K\u00f6rpers die Basis jeder Therapie. Die Belastung durch Umweltgifte steigt in der heutigen Industriegesellschaft weiter an, und wir k\u00f6nnen dieser Belastung nicht aus dem Weg gehen. Allgegenw\u00e4rtige Plastikverpackungen (Mikroplastik, Plastikweichmacher), Gifte im Stra\u00dfen-, Flug- und Schiffsverkehr, Feinstaub, Haushalts-Reinigungsmitteln sind nur einige Quellen. Jeder Supermarkt verkauft heute Waren, in denen mehrere 1000 Zusatzstoffe zu finden sind. Zus\u00e4tzlich wirken\u00a0vielf\u00e4ltige toxische\u00a0Inhaltsstoffe der K\u00f6rperpflegemittel wie Shampoos, Bodylotions. Die\u00a0t\u00e4gliche Flut an toxischen Belastungen macht uns nicht zwingend pl\u00f6tzlich, sondern kann schleichend krank machen und die Regulationsf\u00e4higkeit des K\u00f6rpers empfindlich st\u00f6ren.<\/p>\n<\/div>\n<\/div>\r\n\t\t<\/div>\r\n\t<\/div>\r\n<\/section>\n\n<section id=\"content-standard-block_0f4904df12fdbee13f4c61aa5e67e042\" class=\"content-cols bg-light   text-default pt-md-5 pt-4 pb-md-5 pb-4 \" >\r\n\t<div class=\"container\">\r\n    \t<div class=\"row mb-md-0 mb-n3 align-items-start\">\r\n\t\t\t\t\t\t\t<div class=\"col-lg-4 mb-lg-0 mb-3 pb-5 bobbel-wrapper ml-auto mr-auto\">\r\n\t\t\t\t\t<div class=\"bobbel\">\n<p><img loading=\"lazy\" decoding=\"async\" class=\"alignnone wp-image-2508 size-big_thumbnail\" src=\"https:\/\/www.ganzheitliche-arztpraxis-kronberg.de\/wp-content\/uploads\/2022\/10\/image0-480x480.jpeg\" alt=\"Inuspherese Frankfurt \/ Kronberg\" width=\"480\" height=\"480\" srcset=\"https:\/\/www.inuspherese-zentrum-dortmund-holzwickede.de\/wp-content\/uploads\/2022\/10\/image0-480x480.jpeg 480w, https:\/\/www.inuspherese-zentrum-dortmund-holzwickede.de\/wp-content\/uploads\/2022\/10\/image0-300x300.jpeg 300w, https:\/\/www.inuspherese-zentrum-dortmund-holzwickede.de\/wp-content\/uploads\/2022\/10\/image0-100x100.jpeg 100w\" sizes=\"auto, (max-width: 480px) 100vw, 480px\" \/><\/p>\n<\/div>\n\t\t\t\t<\/div>\r\n\t\t\t\t\t\t\t<div class=\"col-lg-8 mb-lg-0 mb-3 pb-5 pl-lg-5\">\r\n\t\t\t\t\t<div><b>Bei der therapeutischen\u00a0<\/b><b>INUSpherese<sup>\u00ae<\/sup><\/b><sup>\u00a0<\/sup>handelt es sich um eine effektive Methode zur Entgiftung des K\u00f6rpers, um ihn wieder in seine nat\u00fcrliche Regulationsf\u00e4higkeit zur\u00fcckzuversetzen. Die nat\u00fcrliche Regulation des K\u00f6rpers wiederherzustellen, ist ein wesentlicher Schl\u00fcssel zur Gesundheit. Ohne Regulation keine Selbstheilung.<\/div>\n<div>Bei der INUSpherese<sup>\u00ae\u00a0<\/sup>erfolgt die extrakorporale Entfernung von sch\u00e4dlichen belastenden Substanzen aus dem Blut per DFPP (Doppel-Membran-Filtrations-<wbr \/>Plasmapherese).\u00a0<\/div>\n<div>Die INUSpherese\u00ae ist keine Dialyse! Das verwendete Verfahren entfernt nicht speziell harnpflichtige Stoffe, sondern eine Vielzahl belastender Faktoren.Dazu werden bei der INUSpherese<sup>\u00ae<\/sup>\u00a0intelligente Filter genutzt, die in der Lage sind, fehlgebildete autoimmune Antik\u00f6rper, Entz\u00fcndungsmediatoren, an Proteine oder Fette gebundene, toxische Stoffe\u00a0etc. gezielt aus dem K\u00f6rper zu entfernen.\u00a0<\/div>\n<div>Die INUSpherese<sup>\u00ae<\/sup>\u00a0wurde \u00fcber Jahrzehnte hinweg von zahlreichen \u00c4rzten gepr\u00fcft, wissenschaftlich \u00fcberwacht und weiterentwickelt. Der Nachweis der Wirksamkeit kann f\u00fcr jeden Patienten individuell erbracht werden. Damit kann konkret bewiesen werden, welche krankheitsverusachenden Stoffe in welcher Menge aus Ihrem K\u00f6rper entfernt wurden.\u00a0<\/div>\n\t\t\t\t<\/div>\r\n\t\t\t\t\t<\/div>\r\n\t<\/div>\r\n<\/section>\n\n<section id=\"content-standard-block_b6ce08c81a0fdf460b159780c3e194a4\" class=\"content-standard bg-trans   text-default pt-md-5 pt-4 pb-md-5 pb-4 \" >\r\n\t<div class=\"container\">\r\n    \t<div class=\"row\">\r\n\t\t\t<div class=\"col-12\"><p><b>Mit der INUSpherese<sup>\u00ae\u00a0<\/sup>werden\u00a0<\/b>gezielt krankheits- und entz\u00fcndungsausl\u00f6sende Umweltgifte heraus. Die INUSpherese\u00ae eliminiert zuverl\u00e4ssig:<\/p>\n<ul>\n<li>Fettl\u00f6sliche, wasserl\u00f6sliche \u00a0und an Proteine gebundene toxische Stoffe\u00a0<\/li>\n<li><b>Entz\u00fcndungsmediatoren<\/b>\u00a0wie CRP , Interleukine, TNF-a,\u00a0\u00a0alpha Makroglobulin, Rantes<\/li>\n<li>Biotoxine wie z.B. Erregergifte bei einer chronischen Borreliose<\/li>\n<li>im K\u00f6rper zirkulierende\u00a0<b>Immunkomplexe\u00a0<\/b>(autoimmune Antik\u00f6rper), wie \u00a0Rheuma-Antik\u00f6rper, Autoantik\u00f6rper gegen Bindegewebe, Gef\u00e4\u00dfstrukturen, Organe, Nervenstrukturen und Muskelstrukturen<\/li>\n<li>fehlgebildete autoimmune Antik\u00f6rper\u00a0<\/li>\n<li>Schwermetallen und L\u00f6sungsmittel\u00a0<\/li>\n<li>Viruspartikel (z.B. EBV, Hepatitis C und HIV)<\/li>\n<\/ul>\n<p><img loading=\"lazy\" decoding=\"async\" class=\"alignnone wp-image-2593 size-full\" src=\"https:\/\/www.ganzheitliche-arztpraxis-kronberg.de\/wp-content\/uploads\/2022\/11\/schema-1.jpg\" alt=\"\" width=\"1145\" height=\"862\" srcset=\"https:\/\/www.inuspherese-zentrum-dortmund-holzwickede.de\/wp-content\/uploads\/2022\/11\/schema-1.jpg 1145w, https:\/\/www.inuspherese-zentrum-dortmund-holzwickede.de\/wp-content\/uploads\/2022\/11\/schema-1-600x452.jpg 600w, https:\/\/www.inuspherese-zentrum-dortmund-holzwickede.de\/wp-content\/uploads\/2022\/11\/schema-1-800x602.jpg 800w, https:\/\/www.inuspherese-zentrum-dortmund-holzwickede.de\/wp-content\/uploads\/2022\/11\/schema-1-480x360.jpg 480w\" sizes=\"auto, (max-width: 1145px) 100vw, 1145px\" \/><\/p>\n<p><img loading=\"lazy\" decoding=\"async\" class=\"alignnone wp-image-2507 size-large\" src=\"https:\/\/www.ganzheitliche-arztpraxis-kronberg.de\/wp-content\/uploads\/2022\/10\/image1-e1666551963392-1200x488.jpeg\" alt=\"\" width=\"1170\" height=\"476\" srcset=\"https:\/\/www.inuspherese-zentrum-dortmund-holzwickede.de\/wp-content\/uploads\/2022\/10\/image1-e1666551963392-1200x488.jpeg 1200w, https:\/\/www.inuspherese-zentrum-dortmund-holzwickede.de\/wp-content\/uploads\/2022\/10\/image1-e1666551963392-600x244.jpeg 600w, https:\/\/www.inuspherese-zentrum-dortmund-holzwickede.de\/wp-content\/uploads\/2022\/10\/image1-e1666551963392-800x325.jpeg 800w, https:\/\/www.inuspherese-zentrum-dortmund-holzwickede.de\/wp-content\/uploads\/2022\/10\/image1-e1666551963392.jpeg 1222w\" sizes=\"auto, (max-width: 1170px) 100vw, 1170px\" \/><\/p>\n<\/div>\r\n\t\t<\/div>\r\n\t<\/div>\r\n<\/section>\n\n<section id=\"content-standard-block_4a28055b1db3e0c453bc281a60542140\" class=\"content-standard bg-dark   text-white pt-md-5 pt-4 pb-md-5 pb-4 \" >\r\n\t<div class=\"container\">\r\n    \t<div class=\"row\">\r\n\t\t\t<div class=\"col-12\"><h4>Anwendung bei der Behandlung folgender Krankheitsbilder unterst\u00fctzend:<\/h4>\n<div title=\"Page 1\">\n<div>\n<div>\n<ul>\n<li>\n<p>H35.3 Makuladegeneration\u00a0\u2013\u00a0trockene Verlaufsform<\/p>\n<\/li>\n<li>\n<p>D66 Bluterkrankheit (Ha\u0308mophilie) bei Nachweis von Antiko\u0308rpern gegen Faktor V Cardiolipinsyndrom.<\/p>\n<\/li>\n<li>\n<p>G61.8 Chronisch inflammatorische demyelinisierende Polyneuropathie\u00a0(CIDP)<\/p>\n<\/li>\n<li>\n<p>K51.9 Colitis ulcerosa-(Versagen der Chemotherapie und\/oder drohende operative Darmentfernung<\/p>\n<\/li>\n<li>\n<p>M33.1 Dermatomyositis\u00a0\u2013Versagen und\/oder schwere Nebenwirkungen der Chemotherapie<\/p>\n<\/li>\n<li>\n<p>E11.74 Diabetisches Fu\u00df-Syndrom\u00a0mit drohender Amputation der Gliedmassen bei Versagen der konservativen und konventionellen chirurgischen Therapie<\/p>\n<\/li>\n<li>\n<p>I42.0 Dilatative Kardiomyopathie\u00a0\u2013 Beta-Rezeptor Antiko\u0308rper positiver Nachweis<\/p>\n<\/li>\n<li>\n<p>G73.1 Eaton-Lambert-Syndrom\u00a0(tumorassoziierte Nervensto\u0308rung)<\/p>\n<\/li>\n<li>\n<p>G35.9 Encephalitis disseminata (multiple Sklerose)- Versagen der Interleukin-Alpha Therapie bzw. Antiko\u0308rperbildung gegen therapeutisches Interleukin mit progressivem Verlauf<\/p>\n<\/li>\n<li>\n<p>E78.0 Familia\u0308re heterocygote Hypercholesterina\u0308mie\u00a0mit Versagen\/NW der konservativen Therapie und\/oder vorzeitiger und progressiver Arteriosklerose \/ Herzinfarkt \/Schlaganfall\/Befall der Nierengefa\u0308\u00dfe<\/p>\n<\/li>\n<li>\n<p>E78.0 Familia\u0308re homocygote Hypercholesterina\u0308mie<\/p>\n<\/li>\n<li>\n<p>N03.3 sklerosierende Glomerulonephritis der Eigennieren oder nach Nierentransplantation mit nephrotischen Syndrom und\/oder schwerer Hypertriglycerida\u0308mie mit Versagen der Chemotherapie\/<wbr \/>Cholesterinsynthesehemmer-<wbr \/>Therapie und rascher Zunahme der Niereninsuffizienz(<wbr \/>Funktionsverlust der Nieren)<\/p>\n<\/li>\n<li>\n<p>G61.0 Guillain Barre Syndrom\u00a0\u2013 chronische Verlaufsform\/akute Verlaufsform<\/p>\n<\/li>\n<li>\n<p>D66 Ha\u0308mophilie(Bluterkrankheit) bei Nachweis von Antiko\u0308rpern gegen Faktor V<\/p>\n<\/li>\n<li>\n<p>D68.3 Hemmko\u0308rperha\u0308mophilie (Blutungsneigung) bei Faktor V Antiko\u0308rpernachweis<\/p>\n<\/li>\n<li>\n<p>E78.0 Hypercholesterina\u0308mie<\/p>\n<\/li>\n<li>\n<p>E78.1 Hypertriglycerida\u0308mie\u00a0(schwergradig)<\/p>\n<\/li>\n<li>\n<p>K86.1 Pankreatitis\u00a0(Bauchspeicheldru\u0308senentzu\u0308<wbr \/>ndung)<\/p>\n<\/li>\n<li>\n<p>R70.1 Hyperviskosita\u0308tssyndrom\u00a0bei Plasmocytomen(multiples Myelom)<\/p>\n<\/li>\n<li>\n<p>G62.9 Polyneuropathie<\/p>\n<\/li>\n<li>\n<p>E78.9 Isolierte familia\u0308re Lp(a) Hyperlipoproteina\u0308mie mit vorzeitiger Arteriosklerose\/Herzinfarkt\/<wbr \/>Schlaganfall\/Befall der Nierengefa\u0308sse\/inoperabler arterielle Verschlusskrankheit der Beine<\/p>\n<\/li>\n<li>\n<p>D89.1 Kryoglobulina\u0308mische Vasculitis\u00a0(autoimmunbedingte Gefa\u0308ssentzu\u0308ndung durch Ka\u0308lte-Eiwei\u00dfe)<\/p>\n<\/li>\n<li>\n<p>L13.8 Lineare IgA- Dermatose<\/p>\n<\/li>\n<li>\n<p>L93.0 Lupus erythematodes bei Versagen\/schweren Nebenwirkungen der Chemotherapie<\/p>\n<\/li>\n<li>\n<p>G61.0 Miller-Fisher Syndrom\u00a0(tumorassoziierte Nervensto\u0308rung)<\/p>\n<\/li>\n<li>\n<p>I73.0 Morbus Raynaud\u00a0-Versagen der konservativen Therapie<\/p>\n<\/li>\n<li>\n<p>G60.1 Morbus Refsum\u00a0(Speicherkrankheit)<\/p>\n<\/li>\n<li>\n<p>C 88.00 Morbus Waldenstro\u0308m \u2013 gutartige IgM Gammopathie mit <span style=\"font-size: 1.2rem;\">Hyperviskosita\u0308t<\/span><\/p>\n<\/li>\n<li>\n<p>M31.3 Morbus Wegener mit Nierenbefall und\/oder Versagen der Chemotherapie (MEPEX-Studie)<\/p>\n<\/li>\n<li>\n<p>G35.9 Multiple Sklerose\u00a0(siehe auch Encephalitis disseminata)<\/p>\n<\/li>\n<li>\n<p>D76.3 Nekrobiotische Xanthogranulomatose\u00a0(mit Paraprotein)<\/p>\n<\/li>\n<li>\n<p>N04.9 Nephrotisches Syndrom bei entzu\u0308ndlichen Nierenerkankungen (Glomerulonephritis) pathogenetisch geleitet -Versagen und\/oder schwere Nebenwirkungen der Chemotherapie<\/p>\n<\/li>\n<li>\n<p>L 10.2 Pemphigus foliaceus-Versagen und\/oder schwere Nebenwirkungen der Chemotherapie<\/p>\n<\/li>\n<li>\n<p>L10.0 Pemphigus vulgaris-Versagen und\/oder schwere Nebenwirkungen der Chemotherapie<\/p>\n<\/li>\n<li>\n<p>I70.29 Periphere arterielle Verschlusskrankheit\u00a0(pathogenetisch geleitet)\u00a0bei Versagen der konservativen und konventionellen chirurgischen Therapieoptionen und drohendem Gliedmassenverlust<\/p>\n<\/li>\n<li>\n<p>C90.30 Plasmocytom\u00a0mit Hyperviskosita\u0308tssyndrom\/<wbr \/>Nierenbefall<\/p>\n<\/li>\n<li>\n<p>M33.2 Polymyositis \u2013Versagen und\/oder schwere Nebenwirkungen der Chemotherapie<\/p>\n<\/li>\n<li>\n<p>L40.9 Psoriasis (schwerste Schu\u0308be mit schwerer Psoriasis Arthritis) Versagen und\/oder schweren Nebenwirkungen der Chemotherapie<\/p>\n<\/li>\n<li>\n<p>M06.99 Rheumatoide Arthritis \u2013 bei Versagen der Chemotherapie und extremer Progression<\/p>\n<\/li>\n<li>\n<p>M35.0 Sjo\u0308gren-Syndrom \u2013 Versagen und\/oder schwere Nebenwirkungen der Chemotherapie<\/p>\n<\/li>\n<li>\n<p>M34.9 Sklerodermie\u00a0progressiv systemisch mit Nierenbefall (Glomerulonephritis)<\/p>\n<\/li>\n<li>\n<p>L98.5 Skleromyxo\u0308dem\u00a0Arndt-Gottron\u00a0\u2013 mit Nierenbefall und Nachweis von Paraprotein \u2013 Versagen und\/oder schwere Nebenwirkungen der Chemotherapie<\/p>\n<\/li>\n<li>\n<p>G25.88 Stiff-Man-Syndrom<\/p>\n<\/li>\n<li>\n<p>D76.3 Xanthogranulomatose\u00a0(nekrobiotisch) mit Paraprotein<\/p>\n<\/li>\n<li>\n<p>M79.70 Fibromyalgie<\/p>\n<\/li>\n<li>\n<p>E72.1 Hyperhomocysteina\u0308mie<\/p>\n<\/li>\n<li>\n<p>I10.90 Hypertonie<\/p>\n<\/li>\n<li>\n<p>D89.9 Sto\u0308rung mit Beteiligung des Immunsystem (wenn ein Genfehler vorliegt kann diese Diagnose angesetzt werden)\u00a0<\/p>\n<\/li>\n<\/ul>\n<\/div>\n<\/div>\n<\/div>\n<div title=\"Page 2\">\n<div>\n<div>\u00a0<\/div>\n<\/div>\n<\/div>\n<h4>Ablauf der\u00a0INUSpherese<sup>\u00ae:<\/sup><\/h4>\n<ul>\n<li>Individuelle\u00a0Anamnese\u00a0\u00a0<\/li>\n<li>Erstellung einer Diagnose und gezielte medizinische Untersuchungen anhand Ihrer pers\u00f6nlichen Geschichte durch und Erhebung der Marker im Bereich der chronischen Entz\u00fcndungen, Stoffwechselprozesse, Genetik, Allergien, Unvertr\u00e4glichkeiten, Enzym- und Hormondiagnostik, Belastung durch toxische Stoffe, Entgiftungskapazit\u00e4t. Vom Patientengespr\u00e4ch bis zur pr\u00e4zisen Schadstoffmessung und den entsprechenden biochemischen Reaktionen in Ihrem K\u00f6rper \u2013 nichts darf hier au\u00dfer Acht gelassen werden.<\/li>\n<li>Ableitung der Therapie \u2013 Wir besprechen mit Ihnen, welche diagnostischen Ma\u00dfnahmen und welche Therapieverfahren f\u00fcr Sie individuell geeignet sind.\u00a0<\/li>\n<\/ul>\n<\/div>\r\n\t\t<\/div>\r\n\t<\/div>\r\n<\/section>\n\n<section id=\"content-standard-block_08f00a2bbe0ca89667b8e6e58e88b439\" class=\"content-nav bg-trans   text-default pt-md-5 pt-4 pb-md-5 pb-4 \" >\r\n\t<div class=\"container\">\r\n\t\t\t\t\t<h2 class=\" mb-5\"><span>Weitere<\/span> Anliegen<\/h2>\r\n\t\t\t\t<div class=\"row mb-lg-0 mb-n4 d-flex justify-content-centerX\">\r\n\t\t\t\t\t\t\t\t\t<div class=\"col-lg-4 col-md-6 mb-5 px-lg-4 px-3\">\r\n\t\t\t\t\t<a class=\"block inherit h-100 text-centerX \" href=\"https:\/\/www.inuspherese-zentrum-dortmund-holzwickede.de\/de\/unser-anliegen\/ganzheitliche-medizin\/\">\r\n\t\t\t\t\t\t\r\n\t\t\t\t\t\t\t<div class=\"bobbel-wrapper\">\r\n\t\t\t\t\t\t\t\t<div class=\"bobbel mb-4\">\r\n\t\t\t\t\t\t\t\t\t<img loading=\"lazy\" decoding=\"async\" width=\"480\" height=\"480\" src=\"https:\/\/www.inuspherese-zentrum-dortmund-holzwickede.de\/wp-content\/uploads\/2022\/06\/AdobeStock_247969304-1-e1654983526943-480x480.jpeg\" class=\" wp-post-image\" alt=\"Ganzheitliche Familienmedizin\" srcset=\"https:\/\/www.inuspherese-zentrum-dortmund-holzwickede.de\/wp-content\/uploads\/2022\/06\/AdobeStock_247969304-1-e1654983526943-480x480.jpeg 480w, https:\/\/www.inuspherese-zentrum-dortmund-holzwickede.de\/wp-content\/uploads\/2022\/06\/AdobeStock_247969304-1-e1654983526943-600x599.jpeg 600w, https:\/\/www.inuspherese-zentrum-dortmund-holzwickede.de\/wp-content\/uploads\/2022\/06\/AdobeStock_247969304-1-e1654983526943-300x300.jpeg 300w, https:\/\/www.inuspherese-zentrum-dortmund-holzwickede.de\/wp-content\/uploads\/2022\/06\/AdobeStock_247969304-1-e1654983526943-800x800.jpeg 800w, https:\/\/www.inuspherese-zentrum-dortmund-holzwickede.de\/wp-content\/uploads\/2022\/06\/AdobeStock_247969304-1-e1654983526943-100x100.jpeg 100w, https:\/\/www.inuspherese-zentrum-dortmund-holzwickede.de\/wp-content\/uploads\/2022\/06\/AdobeStock_247969304-1-e1654983526943.jpeg 897w\" sizes=\"auto, (max-width: 480px) 100vw, 480px\" title=\"Ganzheitliche Familienmedizin\" \/>\t\t\t\t\t\t\t\t<\/div>\r\n\t\t\t\t\t\t\t<\/div>\r\n\t\t\t\t\t\t\t<h3>Ganzheitliche Medizin<\/h3>\r\n\t\t\t\t\t\t\tGesundheit und Wohlbefinden f\u00fcr Kinder und Erwachsene\t\t\t\t\t\t\t<span class=\"wichtig\">&raquo;&nbsp;mehr<\/span>\r\n\t\t\t\t\t\t\r\n\t\t\t\t\t<\/a>\r\n\t\t\t\t<\/div>\r\n\t\t\t\t\t\t\t<div class=\"col-lg-4 col-md-6 mb-5 px-lg-4 px-3\">\r\n\t\t\t\t\t<a class=\"block inherit h-100 text-centerX \" href=\"https:\/\/www.inuspherese-zentrum-dortmund-holzwickede.de\/de\/unser-anliegen\/bioidentische-hormontherapie\/\">\r\n\t\t\t\t\t\t\r\n\t\t\t\t\t\t\t<div class=\"bobbel-wrapper\">\r\n\t\t\t\t\t\t\t\t<div class=\"bobbel mb-4\">\r\n\t\t\t\t\t\t\t\t\t<img loading=\"lazy\" decoding=\"async\" width=\"480\" height=\"480\" src=\"https:\/\/www.inuspherese-zentrum-dortmund-holzwickede.de\/wp-content\/uploads\/2022\/06\/AdobeStock_432637966-1-e1654983363510-480x480.jpeg\" class=\" wp-post-image\" alt=\"Bioidentische Hormontherapie\" srcset=\"https:\/\/www.inuspherese-zentrum-dortmund-holzwickede.de\/wp-content\/uploads\/2022\/06\/AdobeStock_432637966-1-e1654983363510-480x480.jpeg 480w, https:\/\/www.inuspherese-zentrum-dortmund-holzwickede.de\/wp-content\/uploads\/2022\/06\/AdobeStock_432637966-1-e1654983363510-300x300.jpeg 300w, https:\/\/www.inuspherese-zentrum-dortmund-holzwickede.de\/wp-content\/uploads\/2022\/06\/AdobeStock_432637966-1-e1654983363510-600x599.jpeg 600w, https:\/\/www.inuspherese-zentrum-dortmund-holzwickede.de\/wp-content\/uploads\/2022\/06\/AdobeStock_432637966-1-e1654983363510-800x798.jpeg 800w, https:\/\/www.inuspherese-zentrum-dortmund-holzwickede.de\/wp-content\/uploads\/2022\/06\/AdobeStock_432637966-1-e1654983363510-100x100.jpeg 100w, https:\/\/www.inuspherese-zentrum-dortmund-holzwickede.de\/wp-content\/uploads\/2022\/06\/AdobeStock_432637966-1-e1654983363510.jpeg 1046w\" sizes=\"auto, (max-width: 480px) 100vw, 480px\" title=\"Bioidentische Hormontherapie\" \/>\t\t\t\t\t\t\t\t<\/div>\r\n\t\t\t\t\t\t\t<\/div>\r\n\t\t\t\t\t\t\t<h3>Bioidentische Hormontherapie<\/h3>\r\n\t\t\t\t\t\t\tHormonelle Dysbalancen nat\u00fcrlich ausgleichen\t\t\t\t\t\t\t<span class=\"wichtig\">&raquo;&nbsp;mehr<\/span>\r\n\t\t\t\t\t\t\r\n\t\t\t\t\t<\/a>\r\n\t\t\t\t<\/div>\r\n\t\t\t\t\t\t\t<div class=\"col-lg-4 col-md-6 mb-5 px-lg-4 px-3\">\r\n\t\t\t\t\t<a class=\"block inherit h-100 text-centerX \" href=\"https:\/\/www.inuspherese-zentrum-dortmund-holzwickede.de\/de\/unser-anliegen\/allergien-unvertraeglichkeiten\/\">\r\n\t\t\t\t\t\t\r\n\t\t\t\t\t\t\t<div class=\"bobbel-wrapper\">\r\n\t\t\t\t\t\t\t\t<div class=\"bobbel mb-4\">\r\n\t\t\t\t\t\t\t\t\t<img loading=\"lazy\" decoding=\"async\" width=\"480\" height=\"480\" src=\"https:\/\/www.inuspherese-zentrum-dortmund-holzwickede.de\/wp-content\/uploads\/2022\/06\/AdobeStock_143107425-1-e1654983797821-480x480.jpeg\" class=\" wp-post-image\" alt=\"Allergien und Unvertr\u00e4glichkeiten\" srcset=\"https:\/\/www.inuspherese-zentrum-dortmund-holzwickede.de\/wp-content\/uploads\/2022\/06\/AdobeStock_143107425-1-e1654983797821-480x480.jpeg 480w, https:\/\/www.inuspherese-zentrum-dortmund-holzwickede.de\/wp-content\/uploads\/2022\/06\/AdobeStock_143107425-1-e1654983797821-300x300.jpeg 300w, https:\/\/www.inuspherese-zentrum-dortmund-holzwickede.de\/wp-content\/uploads\/2022\/06\/AdobeStock_143107425-1-e1654983797821-600x600.jpeg 600w, https:\/\/www.inuspherese-zentrum-dortmund-holzwickede.de\/wp-content\/uploads\/2022\/06\/AdobeStock_143107425-1-e1654983797821-800x800.jpeg 800w, https:\/\/www.inuspherese-zentrum-dortmund-holzwickede.de\/wp-content\/uploads\/2022\/06\/AdobeStock_143107425-1-e1654983797821-100x100.jpeg 100w, https:\/\/www.inuspherese-zentrum-dortmund-holzwickede.de\/wp-content\/uploads\/2022\/06\/AdobeStock_143107425-1-e1654983797821.jpeg 812w\" sizes=\"auto, (max-width: 480px) 100vw, 480px\" title=\"Allergien und Unvertr\u00e4glichkeiten\" \/>\t\t\t\t\t\t\t\t<\/div>\r\n\t\t\t\t\t\t\t<\/div>\r\n\t\t\t\t\t\t\t<h3>Allergien &#038; Unvertr\u00e4glich&shy;keiten<\/h3>\r\n\t\t\t\t\t\t\tauf Zahnmaterialien, Brust- und Gelenkimplantate, Nahrungsmittel\t\t\t\t\t\t\t<span class=\"wichtig\">&raquo;&nbsp;mehr<\/span>\r\n\t\t\t\t\t\t\r\n\t\t\t\t\t<\/a>\r\n\t\t\t\t<\/div>\r\n\t\t\t\t\t\t\t<div class=\"col-lg-4 col-md-6 mb-5 px-lg-4 px-3\">\r\n\t\t\t\t\t<a class=\"block inherit h-100 text-centerX \" href=\"https:\/\/www.inuspherese-zentrum-dortmund-holzwickede.de\/de\/unser-anliegen\/schmerz-therapie\/\">\r\n\t\t\t\t\t\t\r\n\t\t\t\t\t\t\t<div class=\"bobbel-wrapper\">\r\n\t\t\t\t\t\t\t\t<div class=\"bobbel mb-4\">\r\n\t\t\t\t\t\t\t\t\t<img loading=\"lazy\" decoding=\"async\" width=\"480\" height=\"480\" src=\"https:\/\/www.inuspherese-zentrum-dortmund-holzwickede.de\/wp-content\/uploads\/2022\/06\/AdobeStock_186990770-1-e1654983667744-480x480.jpeg\" class=\" wp-post-image\" alt=\"Schmerz-Therapie\" srcset=\"https:\/\/www.inuspherese-zentrum-dortmund-holzwickede.de\/wp-content\/uploads\/2022\/06\/AdobeStock_186990770-1-e1654983667744-480x480.jpeg 480w, https:\/\/www.inuspherese-zentrum-dortmund-holzwickede.de\/wp-content\/uploads\/2022\/06\/AdobeStock_186990770-1-e1654983667744-300x300.jpeg 300w, https:\/\/www.inuspherese-zentrum-dortmund-holzwickede.de\/wp-content\/uploads\/2022\/06\/AdobeStock_186990770-1-e1654983667744-600x600.jpeg 600w, https:\/\/www.inuspherese-zentrum-dortmund-holzwickede.de\/wp-content\/uploads\/2022\/06\/AdobeStock_186990770-1-e1654983667744-800x800.jpeg 800w, https:\/\/www.inuspherese-zentrum-dortmund-holzwickede.de\/wp-content\/uploads\/2022\/06\/AdobeStock_186990770-1-e1654983667744-1200x1200.jpeg 1200w, https:\/\/www.inuspherese-zentrum-dortmund-holzwickede.de\/wp-content\/uploads\/2022\/06\/AdobeStock_186990770-1-e1654983667744-100x100.jpeg 100w, https:\/\/www.inuspherese-zentrum-dortmund-holzwickede.de\/wp-content\/uploads\/2022\/06\/AdobeStock_186990770-1-e1654983667744.jpeg 1521w\" sizes=\"auto, (max-width: 480px) 100vw, 480px\" title=\"Schmerz-Therapie\" \/>\t\t\t\t\t\t\t\t<\/div>\r\n\t\t\t\t\t\t\t<\/div>\r\n\t\t\t\t\t\t\t<h3>Schmerz-Therapie<\/h3>\r\n\t\t\t\t\t\t\tLassen Sie sich von Schmerzen nicht ausbremsen!\t\t\t\t\t\t\t<span class=\"wichtig\">&raquo;&nbsp;mehr<\/span>\r\n\t\t\t\t\t\t\r\n\t\t\t\t\t<\/a>\r\n\t\t\t\t<\/div>\r\n\t\t\t\t\t\t\t<div class=\"col-lg-4 col-md-6 mb-5 px-lg-4 px-3\">\r\n\t\t\t\t\t<a class=\"block inherit h-100 text-centerX \" href=\"https:\/\/www.inuspherese-zentrum-dortmund-holzwickede.de\/de\/unser-anliegen\/stress-erschoepfung\/\">\r\n\t\t\t\t\t\t\r\n\t\t\t\t\t\t\t<div class=\"bobbel-wrapper\">\r\n\t\t\t\t\t\t\t\t<div class=\"bobbel mb-4\">\r\n\t\t\t\t\t\t\t\t\t<img loading=\"lazy\" decoding=\"async\" width=\"480\" height=\"480\" src=\"https:\/\/www.inuspherese-zentrum-dortmund-holzwickede.de\/wp-content\/uploads\/2022\/06\/AdobeStock_354310924-1-e1654983291789-480x480.jpeg\" class=\" wp-post-image\" alt=\"Stress und Ersch\u00f6pfung\" srcset=\"https:\/\/www.inuspherese-zentrum-dortmund-holzwickede.de\/wp-content\/uploads\/2022\/06\/AdobeStock_354310924-1-e1654983291789-480x480.jpeg 480w, https:\/\/www.inuspherese-zentrum-dortmund-holzwickede.de\/wp-content\/uploads\/2022\/06\/AdobeStock_354310924-1-e1654983291789-300x300.jpeg 300w, https:\/\/www.inuspherese-zentrum-dortmund-holzwickede.de\/wp-content\/uploads\/2022\/06\/AdobeStock_354310924-1-e1654983291789-600x600.jpeg 600w, https:\/\/www.inuspherese-zentrum-dortmund-holzwickede.de\/wp-content\/uploads\/2022\/06\/AdobeStock_354310924-1-e1654983291789-800x800.jpeg 800w, https:\/\/www.inuspherese-zentrum-dortmund-holzwickede.de\/wp-content\/uploads\/2022\/06\/AdobeStock_354310924-1-e1654983291789-100x100.jpeg 100w, https:\/\/www.inuspherese-zentrum-dortmund-holzwickede.de\/wp-content\/uploads\/2022\/06\/AdobeStock_354310924-1-e1654983291789.jpeg 864w\" sizes=\"auto, (max-width: 480px) 100vw, 480px\" title=\"Stress und Ersch\u00f6pfung\" \/>\t\t\t\t\t\t\t\t<\/div>\r\n\t\t\t\t\t\t\t<\/div>\r\n\t\t\t\t\t\t\t<h3>Stress &#038; Ersch\u00f6pfung<\/h3>\r\n\t\t\t\t\t\t\tIn die Ruhe und auf ein hohes Energielevel zur\u00fcckkehren\t\t\t\t\t\t\t<span class=\"wichtig\">&raquo;&nbsp;mehr<\/span>\r\n\t\t\t\t\t\t\r\n\t\t\t\t\t<\/a>\r\n\t\t\t\t<\/div>\r\n\t\t\t\t\t\t\t<div class=\"col-lg-4 col-md-6 mb-5 px-lg-4 px-3\">\r\n\t\t\t\t\t<a class=\"block inherit h-100 text-centerX \" href=\"https:\/\/www.inuspherese-zentrum-dortmund-holzwickede.de\/de\/unser-anliegen\/darm-gesundheit\/\">\r\n\t\t\t\t\t\t\r\n\t\t\t\t\t\t\t<div class=\"bobbel-wrapper\">\r\n\t\t\t\t\t\t\t\t<div class=\"bobbel mb-4\">\r\n\t\t\t\t\t\t\t\t\t<img loading=\"lazy\" decoding=\"async\" width=\"480\" height=\"480\" src=\"https:\/\/www.inuspherese-zentrum-dortmund-holzwickede.de\/wp-content\/uploads\/2022\/06\/AdobeStock_499223182-480x480.jpeg\" class=\" wp-post-image\" alt=\"Darm-Gesundheit\" srcset=\"https:\/\/www.inuspherese-zentrum-dortmund-holzwickede.de\/wp-content\/uploads\/2022\/06\/AdobeStock_499223182-480x480.jpeg 480w, https:\/\/www.inuspherese-zentrum-dortmund-holzwickede.de\/wp-content\/uploads\/2022\/06\/AdobeStock_499223182-300x300.jpeg 300w, https:\/\/www.inuspherese-zentrum-dortmund-holzwickede.de\/wp-content\/uploads\/2022\/06\/AdobeStock_499223182-100x100.jpeg 100w\" sizes=\"auto, (max-width: 480px) 100vw, 480px\" title=\"Darm-Gesundheit\" \/>\t\t\t\t\t\t\t\t<\/div>\r\n\t\t\t\t\t\t\t<\/div>\r\n\t\t\t\t\t\t\t<h3>Darm-Gesundheit<\/h3>\r\n\t\t\t\t\t\t\tBauchschmerzen, Verdauung, Allergien \u2013 was k\u00f6nnen Sie tun?\t\t\t\t\t\t\t<span class=\"wichtig\">&raquo;&nbsp;mehr<\/span>\r\n\t\t\t\t\t\t\r\n\t\t\t\t\t<\/a>\r\n\t\t\t\t<\/div>\r\n\t\t\t\t\t\t\t<\/div>\r\n\t<\/div>\r\n<\/section>","protected":false},"excerpt":{"rendered":"<p>Effektive Methode zur Entgiftung des K\u00f6rpers<\/p>\n","protected":false},"author":1,"featured_media":2575,"parent":1160,"menu_order":1,"comment_status":"closed","ping_status":"closed","template":"","meta":{"_acf_changed":false,"inline_featured_image":false,"footnotes":""},"class_list":["post-2506","page","type-page","status-publish","has-post-thumbnail","hentry"],"acf":[],"_links":{"self":[{"href":"https:\/\/www.inuspherese-zentrum-dortmund-holzwickede.de\/de\/wp-json\/wp\/v2\/pages\/2506","targetHints":{"allow":["GET"]}}],"collection":[{"href":"https:\/\/www.inuspherese-zentrum-dortmund-holzwickede.de\/de\/wp-json\/wp\/v2\/pages"}],"about":[{"href":"https:\/\/www.inuspherese-zentrum-dortmund-holzwickede.de\/de\/wp-json\/wp\/v2\/types\/page"}],"author":[{"embeddable":true,"href":"https:\/\/www.inuspherese-zentrum-dortmund-holzwickede.de\/de\/wp-json\/wp\/v2\/users\/1"}],"replies":[{"embeddable":true,"href":"https:\/\/www.inuspherese-zentrum-dortmund-holzwickede.de\/de\/wp-json\/wp\/v2\/comments?post=2506"}],"version-history":[{"count":5,"href":"https:\/\/www.inuspherese-zentrum-dortmund-holzwickede.de\/de\/wp-json\/wp\/v2\/pages\/2506\/revisions"}],"predecessor-version":[{"id":3050,"href":"https:\/\/www.inuspherese-zentrum-dortmund-holzwickede.de\/de\/wp-json\/wp\/v2\/pages\/2506\/revisions\/3050"}],"up":[{"embeddable":true,"href":"https:\/\/www.inuspherese-zentrum-dortmund-holzwickede.de\/de\/wp-json\/wp\/v2\/pages\/1160"}],"wp:featuredmedia":[{"embeddable":true,"href":"https:\/\/www.inuspherese-zentrum-dortmund-holzwickede.de\/de\/wp-json\/wp\/v2\/media\/2575"}],"wp:attachment":[{"href":"https:\/\/www.inuspherese-zentrum-dortmund-holzwickede.de\/de\/wp-json\/wp\/v2\/media?parent=2506"}],"curies":[{"name":"wp","href":"https:\/\/api.w.org\/{rel}","templated":true}]}}