{"id":100,"date":"2020-03-24T20:54:14","date_gmt":"2020-03-24T19:54:14","guid":{"rendered":"https:\/\/www.ganzheitliche-arztpraxis-kronberg.de\/?page_id=100"},"modified":"2025-10-22T16:16:36","modified_gmt":"2025-10-22T14:16:36","slug":"impressum","status":"publish","type":"page","link":"https:\/\/www.inuspherese-zentrum-dortmund-holzwickede.de\/pl\/impressum\/","title":{"rendered":"Nadruk"},"content":{"rendered":"<section id=\"content-standard-block_6984f956e5758b51e77e335ae317c059\" class=\"content-standard bg-trans   text-default pt-md-5 pt-4 pb-md-5 pb-4\" >\r\n\t<div class=\"container\">\r\n    \t<div class=\"row\">\r\n\t\t\t<div class=\"col-12\"><p>INUSpheresis<sup>\u00ae<\/sup> Centrum Holzwickede w Dortmundzie, Peter Lubon<br \/>\nWilhelmstr. 1<br \/>\n59439 Holzwickede<\/p>\n<p>Telefon: <a href=\"tel:023019444700\">0170 51 05 819<\/a>\u2002<br \/>\ne-mail: <a href=\"mailto:info@praxis-lubon.de\">info@praxis-lubon.de<\/a><\/p>\n<p>Prawny tytu\u0142 zawodowy: lekarz; <br \/>\nPa\u0144stwo, kt\u00f3re przyzna\u0142o tytu\u0142 zawodowy: Republika Federalna Niemiec; <br \/>\nOdpowiedzialne stowarzyszenie medyczne: \u00c4rztekammer Westfalen-Lippe (\u00c4KWL), Gartenstr. 210 - 214, 48147 M\u00fcnster; www.aekwl.de<span class=\"Apple-converted-space\">\u00a0<\/span><\/p>\n<h2>Odpowiedzialno\u015b\u0107 redakcyjna<\/h2>\n<p>Peter Lubon<br \/>\nWilhelmstr. 1<br \/>\n59439 Holzwickede<\/p>\n<h2>Rozstrzyganie spor\u00f3w w UE<\/h2>\n<p>Komisja Europejska zapewnia platform\u0119 internetowego rozstrzygania spor\u00f3w (OS): <a href=\"https:\/\/ec.europa.eu\/consumers\/odr\/\" target=\"_blank\" rel=\"noopener noreferrer\">https:\/\/ec.europa.eu\/consumers\/odr\/<\/a>.<br \/>\nNasz adres e-mail mo\u017cna znale\u017a\u0107 w powy\u017cszej nocie prawnej.<\/p>\n<h2>Rozstrzyganie spor\u00f3w konsumenckich \/ uniwersalne centrum arbitra\u017cowe<\/h2>\n<p>Nie jeste\u015bmy sk\u0142onni ani zobowi\u0105zani do udzia\u0142u w post\u0119powaniu rozstrzygaj\u0105cym spory przed komisj\u0105 arbitra\u017cow\u0105 ds. konsument\u00f3w.<\/p>\n<h2>\u0179r\u00f3d\u0142o zdj\u0119\u0107<\/h2>\n<h4>Adobe Stock:<\/h4>\n<p>#298901721<br \/>\n<a href=\"https:\/\/stock.adobe.com\/\">\u00a9 pikselstock \/ stock.adobe.com<\/a><\/p>\n<p>#498543453<br \/>\n<a href=\"https:\/\/stock.adobe.com\/\">\u00a9 speed300 \/ stock.adobe.com<\/a><\/p>\n<p>#312518359<br \/>\n<a href=\"https:\/\/stock.adobe.com\/\">\u00a9 REDPIXEL \/ stock.adobe.com<\/a><\/p>\n<p>#487247342<br \/>\n<a href=\"https:\/\/stock.adobe.com\/\">\u00a9 Monster Ztudio \/ stock.adobe.com<\/a><\/p>\n<p>#76703370<br \/>\n<a href=\"https:\/\/stock.adobe.com\/\">\u00a9 Thaut Images \/ stock.adobe.com<\/a><\/p>\n<p>#120199300<br \/>\n<a href=\"https:\/\/stock.adobe.com\/\">\u00a9 XtravaganT \/ stock.adobe.com<\/a><\/p>\n<p>#191682556<br \/>\n<a href=\"https:\/\/stock.adobe.com\/\">\u00a9 kieferpix \/ stock.adobe.com<\/a><\/p>\n<p>#334126305<br \/>\n<a href=\"https:\/\/stock.adobe.com\/\">\u00a9 Vadim \/ stock.adobe.com<\/a><\/p>\n<p>#52723787<br \/>\n<a href=\"https:\/\/stock.adobe.com\/\">\u00a9 Maygutyak \/ stock.adobe.com<\/a><\/p>\n<p>#288732423<br \/>\n<a href=\"https:\/\/stock.adobe.com\/\">\u00a9 Krakenimages.com \/ stock.adobe.com<\/a><\/p>\n<p>#254748897<br \/>\n<a href=\"https:\/\/stock.adobe.com\/\">\u00a9 leszekglasner \/ stock.adobe.com<\/a><\/p>\n<p>#69319557<br \/>\n<a href=\"https:\/\/stock.adobe.com\/\">\u00a9 Rido \/ stock.adobe.com<\/a><\/p>\n<p>#221758100<br \/>\n<a href=\"https:\/\/stock.adobe.com\/\">\u00a9 Antonioguillem \/ stock.adobe.com<\/a><\/p>\n<p>#95814439<br \/>\n<a href=\"https:\/\/stock.adobe.com\/\">\u00a9 Racle Fotodesign \/ stock.adobe.com<\/a><\/p>\n<p>#65048374<br \/>\n<a href=\"https:\/\/stock.adobe.com\/\">\u00a9 didesign \/ stock.adobe.com<\/a><\/p>\n<p>#354310924<br \/>\n<a href=\"https:\/\/stock.adobe.com\/\">\u00a9 fizkes \/ stock.adobe.com<\/a><\/p>\n<p>#186990770<br \/>\n<a href=\"https:\/\/stock.adobe.com\/\">\u00a9 by-studio \/ stock.adobe.com<\/a><\/p>\n<p>#499223182<br \/>\n<a href=\"https:\/\/stock.adobe.com\/\">\u00a9 peopleimages.com \/ stock.adobe.com<\/a><\/p>\n<p>#143107425<br \/>\n<a href=\"https:\/\/stock.adobe.com\/\">\u00a9 Kurhan \/ stock.adobe.com<\/a><\/p>\n<p>#432637966<br \/>\n<a href=\"https:\/\/stock.adobe.com\/\">\u00a9 yellowj \/ stock.adobe.com<\/a><\/p>\n<p>#247969304<br \/>\n<a href=\"https:\/\/stock.adobe.com\/\">\u00a9 Angelov \/ stock.adobe.com<\/a><\/p>\n<h4>Pixabay:<\/h4>\n<p>#3087585<br \/>\n<a href=\"https:\/\/pixabay.com\/\">JESHOOTS-com \/ pixabay.com<\/a><\/p>\n<p>#790022<br \/>\n<a href=\"https:\/\/pixabay.com\/\">JillWellington \/ pixabay.com<\/a><\/p>\n<h4>Katrin Schander<\/h4>\n<p>Portret Peter Lubon<br \/>\n<a href=\"https:\/\/www.katrinschander.de\/\" target=\"_blank\" rel=\"noopener\" data-saferedirecturl=\"https:\/\/www.google.com\/url?q=https:\/\/www.katrinschander.de\/&amp;source=gmail&amp;ust=1656419873716000&amp;usg=AOvVaw2ScR39gehyhG2xDrLGtuUt\">https:\/\/www.katrinschander.de<\/a><\/p>\n<hr \/>\n<p>Projektowanie stron internetowych: <a href=\"https:\/\/www.mio-creativ.de\/\">www.mio-creativ.de<\/a><\/p>\n<\/div>\r\n\t\t<\/div>\r\n\t<\/div>\r\n<\/section>","protected":false},"excerpt":{"rendered":"","protected":false},"author":1,"featured_media":0,"parent":0,"menu_order":10,"comment_status":"closed","ping_status":"closed","template":"","meta":{"_acf_changed":false,"inline_featured_image":false,"footnotes":""},"class_list":["post-100","page","type-page","status-publish","hentry"],"acf":[],"_links":{"self":[{"href":"https:\/\/www.inuspherese-zentrum-dortmund-holzwickede.de\/pl\/wp-json\/wp\/v2\/pages\/100","targetHints":{"allow":["GET"]}}],"collection":[{"href":"https:\/\/www.inuspherese-zentrum-dortmund-holzwickede.de\/pl\/wp-json\/wp\/v2\/pages"}],"about":[{"href":"https:\/\/www.inuspherese-zentrum-dortmund-holzwickede.de\/pl\/wp-json\/wp\/v2\/types\/page"}],"author":[{"embeddable":true,"href":"https:\/\/www.inuspherese-zentrum-dortmund-holzwickede.de\/pl\/wp-json\/wp\/v2\/users\/1"}],"replies":[{"embeddable":true,"href":"https:\/\/www.inuspherese-zentrum-dortmund-holzwickede.de\/pl\/wp-json\/wp\/v2\/comments?post=100"}],"version-history":[{"count":13,"href":"https:\/\/www.inuspherese-zentrum-dortmund-holzwickede.de\/pl\/wp-json\/wp\/v2\/pages\/100\/revisions"}],"predecessor-version":[{"id":4108,"href":"https:\/\/www.inuspherese-zentrum-dortmund-holzwickede.de\/pl\/wp-json\/wp\/v2\/pages\/100\/revisions\/4108"}],"wp:attachment":[{"href":"https:\/\/www.inuspherese-zentrum-dortmund-holzwickede.de\/pl\/wp-json\/wp\/v2\/media?parent=100"}],"curies":[{"name":"wp","href":"https:\/\/api.w.org\/{rel}","templated":true}]}}