{"id":1171,"date":"2022-05-04T13:14:49","date_gmt":"2022-05-04T11:14:49","guid":{"rendered":"https:\/\/www.ganzheitliche-arztpraxis-kronberg.de\/?page_id=1171"},"modified":"2024-07-09T09:31:13","modified_gmt":"2024-07-09T07:31:13","slug":"schmerz-therapie","status":"publish","type":"page","link":"https:\/\/www.inuspherese-zentrum-dortmund-holzwickede.de\/pl\/unser-anliegen\/schmerz-therapie\/","title":{"rendered":"Leczenie b\u00f3lu"},"content":{"rendered":"<section id=\"content-standard-block_c14a9338afcb7eda3ab558943bdfc58b\" class=\"content-standard bg-trans   text-default pt-md-5 pt-4 pb-md-5 pb-4\" >\r\n\t<div class=\"container\">\r\n    \t<div class=\"row\">\r\n\t\t\t<div class=\"col-12\"><div class=\"intro\">\n<h2>Przewlek\u0142y b\u00f3l<br \/>\ni nie widzisz ko\u0144ca?<\/h2>\n<p><strong>Lepsza jako\u015b\u0107 \u017cycia dzi\u0119ki terapii b\u00f3lu<\/strong><\/p>\n<p>Tylko ci, kt\u00f3rzy do\u015bwiadczyli silnego b\u00f3lu, mog\u0105 zrozumie\u0107, jak bardzo wp\u0142ywa on na cia\u0142o.\u00a0<b>Obci\u0105\u017cenie codziennego \u017cycia<\/b>\u00a0i\u00a0<b>Ograniczenie jako\u015bci \u017cycia<\/b>:<\/p>\n<ul>\n<li>Ograniczaj\u0105 one nasz\u0105 swobod\u0119 poruszania si\u0119.<\/li>\n<li>Uniemo\u017cliwiaj\u0105 nam robienie tego, co jest dla nas wa\u017cne.<\/li>\n<li>Niszcz\u0105 nasze nerwy i zdolno\u015b\u0107 koncentracji.<\/li>\n<li>Pozbawiaj\u0105 nas snu.<\/li>\n<li>Sprawiaj\u0105, \u017ce czujemy si\u0119 zm\u0119czeni przez ca\u0142y dzie\u0144 i ograniczaj\u0105 nasz\u0105 wydajno\u015b\u0107.<\/li>\n<\/ul>\n<p><strong>Ka\u017cdy, kto cierpi z powodu b\u00f3lu, chce<\/strong><\/p>\n<\/div>\n<ul>\n<li>\n<div class=\"intro\">\u017ce po prostu ust\u0119puj\u0105 i znikaj\u0105.<\/div>\n<\/li>\n<li>\n<div class=\"intro\">\u017ce ju\u017c mu nie przeszkadzaj\u0105 i w ko\u0144cu mo\u017ce skupi\u0107 si\u0119 na wa\u017cnych rzeczach.<\/div>\n<\/li>\n<li>\n<div class=\"intro\">\u017ce rano budzi si\u0119 wypocz\u0119ty i od\u015bwie\u017cony i mo\u017ce oczekiwa\u0107 przyjemnego dnia.<\/div>\n<\/li>\n<\/ul>\n<\/div>\r\n\t\t<\/div>\r\n\t<\/div>\r\n<\/section>\n\n<section id=\"content-standard-block_d409930aeb684586c69fa947098f8257\" class=\"content-standard bg-light   text-default pt-md-5 pt-4 pb-md-5 pb-4\" >\r\n\t<div class=\"container\">\r\n    \t<div class=\"row\">\r\n\t\t\t<div class=\"col-12\"><h3>Co mo\u017cna zrobi\u0107 w przypadku b\u00f3lu?<\/h3>\n<p>Prawdopodobnie pr\u00f3bowa\u0142e\u015b ju\u017c wszystkich typowych rzeczy:<\/p>\n<p>Jeden <strong>Delikatna postawa<\/strong> w celu unikni\u0119cia bolesnych ruch\u00f3w mo\u017ce prowadzi\u0107 do nier\u00f3wnomiernego obci\u0105\u017cenia, co cz\u0119sto mo\u017ce powodowa\u0107 dalszy dyskomfort.<\/p>\n<p><strong>\u015arodki przeciwb\u00f3lowe<\/strong>Je\u015bli s\u0105 stosowane ostro\u017cnie i umiarkowanie, s\u0105 wa\u017cne dla zapewnienia przynajmniej tymczasowej ulgi. Jednak w d\u0142u\u017cszej perspektywie, jak ka\u017cdy inny lek, mog\u0105 powodowa\u0107 niepo\u017c\u0105dane skutki uboczne u niekt\u00f3rych os\u00f3b, np. dla w\u0105troby i nerek.<\/p>\n<p>The <strong>Strzykawki<\/strong> Zastosowanie \u015brodka przeciwb\u00f3lowego bezpo\u015brednio na dotkni\u0119ty obszar mo\u017ce wyeliminowa\u0107 b\u00f3l w bardziej ukierunkowany spos\u00f3b, co jest cz\u0119sto nieuniknione w nag\u0142ych przypadkach. Jednak w przypadku nawracaj\u0105cego b\u00f3lu wa\u017cne jest, aby\u015bmy znale\u017ali mo\u017cliw\u0105 przyczyn\u0119 w celu opracowania zr\u00f3wnowa\u017conej strategii.<\/p>\n<p><strong>Fizjoterapia<\/strong> i \u0107wiczenia rozci\u0105gaj\u0105ce mog\u0105 przywr\u00f3ci\u0107 ruchomo\u015b\u0107 i przynie\u015b\u0107 ulg\u0119 w wielu przypadkach. Je\u015bli jednak wyczerpa\u0142e\u015b ju\u017c te opcje, zaleca si\u0119 wsp\u00f3\u0142prac\u0119 z nami w celu ustalenia przyczyny b\u00f3lu na innych poziomach.<\/p>\n<p>Dlatego koncentrujemy nasz\u0105 terapi\u0119 b\u00f3lu na leczeniu <strong>Przyczyna<\/strong>. Na przyk\u0142ad b\u00f3l mo\u017ce by\u0107 cz\u0119sto wywo\u0142ywany przez pola interferencyjne, kt\u00f3re wydaj\u0105 si\u0119 nie mie\u0107 zwi\u0105zku z bolesnym obszarem cia\u0142a.<\/p>\n<p><strong>Pola zak\u0142\u00f3ce\u0144<\/strong> mo\u017ce wyst\u0119powa\u0107 w wielu r\u00f3\u017cnych formach. Poprzez traktowanie pola interferencyjnego staramy si\u0119<br \/>\noptymalizuj\u0105 zdolno\u015bci regulacyjne organizmu i wspieraj\u0105 jego zdolno\u015bci samoleczenia.<\/p>\n<p>The <strong>Od\u017cywianie<\/strong> mo\u017ce r\u00f3wnie\u017c odgrywa\u0107 wa\u017cn\u0105 rol\u0119 w b\u00f3lu. Na przyk\u0142ad, powszechnie uznaje si\u0119, \u017ce nie nale\u017cy je\u015b\u0107 wieprzowiny, je\u015bli cierpi si\u0119 na podagr\u0119.<\/p>\n<p>Ale nawet z\u00a0<b>Migrena<\/b>,\u00a0<b>Reumatyzm<\/b>,\u00a0<b>Choroba zwyrodnieniowa staw\u00f3w<\/b>\u00a0oraz\u00a0<b>Zapalenie staw\u00f3w<\/b>,\u00a0<b>Nerwob\u00f3le, b\u00f3le mi\u0119\u015bni, skurcze<\/b>\u00a0oraz\u00a0<b>inny b\u00f3l<\/b>\u00a0Dieta mo\u017ce mie\u0107 wp\u0142yw na odczuwanie b\u00f3lu.<\/p>\n<\/div>\r\n\t\t<\/div>\r\n\t<\/div>\r\n<\/section>\n\n<section id=\"content-standard-block_2aa770b44d34fead84441cf6a5cdfbdd\" class=\"content-standard bg-trans   text-default pt-md-5 pt-4 pb-md-5 pb-4\" >\r\n\t<div class=\"container\">\r\n    \t<div class=\"row\">\r\n\t\t\t<div class=\"col-12\"><h3>Terapia b\u00f3lu zaczyna si\u0119 w umy\u015ble<\/h3>\n<p class=\"ea-header\"><span style=\"color: #78756c; font-size: 1.2rem;\">Aby naprawd\u0119 dotrze\u0107 do sedna b\u00f3lu, konieczne jest u\u015bwiadomienie sobie, dlaczego b\u00f3l si\u0119 pojawi\u0142 i jakie czynniki si\u0119 do niego przyczyniaj\u0105. Je\u015bli bowiem spojrze\u0107 na to uczciwie, przewlek\u0142y b\u00f3l cz\u0119sto pojawia si\u0119 w momencie niezadowolenia lub presji zewn\u0119trznej. B\u00f3l dzia\u0142a wtedy jako sygna\u0142 od cia\u0142a, aby wprowadzi\u0107 zmian\u0119. Celem pracy ze \u015bwiadomo\u015bci\u0105 jest skupienie si\u0119 z powrotem na w\u0142asnym \u017cyciu, w\u0142asnych potrzebach i w\u0142asnej \u015bcie\u017cce.<\/span><\/p>\n<p>Je\u015bli jeste\u015b poni\u017cej\u00a0<b>przewlek\u0142y b\u00f3l<\/b>\u00a0cierpisz i chcesz odzyska\u0107 swoje \u017cycie\u00a0<b>Wy\u017csza jako\u015b\u0107 \u017cycia<\/b> wtedy <a href=\"https:\/\/www.inuspherese-zentrum-dortmund-holzwickede.de\/pl\/kontakt\/\">skontaktuj si\u0119 z nami<\/a> i um\u00f3wi\u0107 si\u0119 na spotkanie\u00a0<b>osobista rozmowa<\/b>.<\/p>\n<\/div>\r\n\t\t<\/div>\r\n\t<\/div>\r\n<\/section>\n\n<section id=\"content-standard-block_1927a075035b9e1666b2fd16ab7cc80a\" class=\"content-nav bg-light   text-default pt-md-5 pt-4 pb-md-5 pb-4\" >\r\n\t<div class=\"container\">\r\n\t\t\t\t\t<h2 class=\"mb-5\"><span>Wi\u0119cej<\/span> spektrum<\/h2>\r\n\t\t\t\t<div class=\"row mb-lg-0 mb-n4 d-flex justify-content-centerX\">\r\n\t\t\t\t\t\t\t\t\t<div class=\"col-lg-4 col-md-6 mb-5 px-lg-4 px-3\">\r\n\t\t\t\t\t<a class=\"block inherit h-100 text-centerX\" href=\"https:\/\/www.inuspherese-zentrum-dortmund-holzwickede.de\/pl\/unser-anliegen\/inuspherese\/\">\r\n\t\t\t\t\t\t\r\n\t\t\t\t\t\t\t<div class=\"bobbel-wrapper\">\r\n\t\t\t\t\t\t\t\t<div class=\"bobbel mb-4\">\r\n\t\t\t\t\t\t\t\t\t<img loading=\"lazy\" decoding=\"async\" width=\"480\" height=\"480\" src=\"https:\/\/www.inuspherese-zentrum-dortmund-holzwickede.de\/wp-content\/uploads\/2022\/11\/AdobeStock_31677497-480x480.jpeg\" class=\"wp-post-image\" alt=\"Praxis f\u00fcr Inuspherese in Kronberg bei Frankfurt\" srcset=\"https:\/\/www.inuspherese-zentrum-dortmund-holzwickede.de\/wp-content\/uploads\/2022\/11\/AdobeStock_31677497-480x480.jpeg 480w, https:\/\/www.inuspherese-zentrum-dortmund-holzwickede.de\/wp-content\/uploads\/2022\/11\/AdobeStock_31677497-300x300.jpeg 300w, https:\/\/www.inuspherese-zentrum-dortmund-holzwickede.de\/wp-content\/uploads\/2022\/11\/AdobeStock_31677497-100x100.jpeg 100w\" sizes=\"auto, (max-width: 480px) 100vw, 480px\" title=\"Praktyka inuspheresis w Kronbergu ko\u0142o Frankfurtu\" \/>\t\t\t\t\t\t\t\t<\/div>\r\n\t\t\t\t\t\t\t<\/div>\r\n\t\t\t\t\t\t\t<h3>INUSpheresis<sup>\u00ae<\/sup><\/h3>\r\n\t\t\t\t\t\t\tSkuteczna metoda detoksykacji organizmu\t\t\t\t\t\t\t<span class=\"wichtig\">\" wi\u0119cej<\/span>\r\n\t\t\t\t\t\t\r\n\t\t\t\t\t<\/a>\r\n\t\t\t\t<\/div>\r\n\t\t\t\t\t\t\t<div class=\"col-lg-4 col-md-6 mb-5 px-lg-4 px-3\">\r\n\t\t\t\t\t<a class=\"block inherit h-100 text-centerX\" href=\"https:\/\/www.inuspherese-zentrum-dortmund-holzwickede.de\/pl\/unser-anliegen\/ganzheitliche-medizin\/\">\r\n\t\t\t\t\t\t\r\n\t\t\t\t\t\t\t<div class=\"bobbel-wrapper\">\r\n\t\t\t\t\t\t\t\t<div class=\"bobbel mb-4\">\r\n\t\t\t\t\t\t\t\t\t<img loading=\"lazy\" decoding=\"async\" width=\"480\" height=\"480\" src=\"https:\/\/www.inuspherese-zentrum-dortmund-holzwickede.de\/wp-content\/uploads\/2022\/06\/AdobeStock_247969304-1-e1654983526943-480x480.jpeg\" class=\"wp-post-image\" alt=\"Ganzheitliche Familienmedizin\" srcset=\"https:\/\/www.inuspherese-zentrum-dortmund-holzwickede.de\/wp-content\/uploads\/2022\/06\/AdobeStock_247969304-1-e1654983526943-480x480.jpeg 480w, https:\/\/www.inuspherese-zentrum-dortmund-holzwickede.de\/wp-content\/uploads\/2022\/06\/AdobeStock_247969304-1-e1654983526943-600x599.jpeg 600w, https:\/\/www.inuspherese-zentrum-dortmund-holzwickede.de\/wp-content\/uploads\/2022\/06\/AdobeStock_247969304-1-e1654983526943-300x300.jpeg 300w, https:\/\/www.inuspherese-zentrum-dortmund-holzwickede.de\/wp-content\/uploads\/2022\/06\/AdobeStock_247969304-1-e1654983526943-800x800.jpeg 800w, https:\/\/www.inuspherese-zentrum-dortmund-holzwickede.de\/wp-content\/uploads\/2022\/06\/AdobeStock_247969304-1-e1654983526943-100x100.jpeg 100w, https:\/\/www.inuspherese-zentrum-dortmund-holzwickede.de\/wp-content\/uploads\/2022\/06\/AdobeStock_247969304-1-e1654983526943.jpeg 897w\" sizes=\"auto, (max-width: 480px) 100vw, 480px\" title=\"Holistyczna medycyna rodzinna\" \/>\t\t\t\t\t\t\t\t<\/div>\r\n\t\t\t\t\t\t\t<\/div>\r\n\t\t\t\t\t\t\t<h3>Medycyna holistyczna<\/h3>\r\n\t\t\t\t\t\t\tZdrowie i dobre samopoczucie dzieci i doros\u0142ych\t\t\t\t\t\t\t<span class=\"wichtig\">\" wi\u0119cej<\/span>\r\n\t\t\t\t\t\t\r\n\t\t\t\t\t<\/a>\r\n\t\t\t\t<\/div>\r\n\t\t\t\t\t\t\t<div class=\"col-lg-4 col-md-6 mb-5 px-lg-4 px-3\">\r\n\t\t\t\t\t<a class=\"block inherit h-100 text-centerX\" href=\"https:\/\/www.inuspherese-zentrum-dortmund-holzwickede.de\/pl\/unser-anliegen\/bioidentische-hormontherapie\/\">\r\n\t\t\t\t\t\t\r\n\t\t\t\t\t\t\t<div class=\"bobbel-wrapper\">\r\n\t\t\t\t\t\t\t\t<div class=\"bobbel mb-4\">\r\n\t\t\t\t\t\t\t\t\t<img loading=\"lazy\" decoding=\"async\" width=\"480\" height=\"480\" src=\"https:\/\/www.inuspherese-zentrum-dortmund-holzwickede.de\/wp-content\/uploads\/2022\/06\/AdobeStock_432637966-1-e1654983363510-480x480.jpeg\" class=\"wp-post-image\" alt=\"Bioidentische Hormontherapie\" srcset=\"https:\/\/www.inuspherese-zentrum-dortmund-holzwickede.de\/wp-content\/uploads\/2022\/06\/AdobeStock_432637966-1-e1654983363510-480x480.jpeg 480w, https:\/\/www.inuspherese-zentrum-dortmund-holzwickede.de\/wp-content\/uploads\/2022\/06\/AdobeStock_432637966-1-e1654983363510-300x300.jpeg 300w, https:\/\/www.inuspherese-zentrum-dortmund-holzwickede.de\/wp-content\/uploads\/2022\/06\/AdobeStock_432637966-1-e1654983363510-600x599.jpeg 600w, https:\/\/www.inuspherese-zentrum-dortmund-holzwickede.de\/wp-content\/uploads\/2022\/06\/AdobeStock_432637966-1-e1654983363510-800x798.jpeg 800w, https:\/\/www.inuspherese-zentrum-dortmund-holzwickede.de\/wp-content\/uploads\/2022\/06\/AdobeStock_432637966-1-e1654983363510-100x100.jpeg 100w, https:\/\/www.inuspherese-zentrum-dortmund-holzwickede.de\/wp-content\/uploads\/2022\/06\/AdobeStock_432637966-1-e1654983363510.jpeg 1046w\" sizes=\"auto, (max-width: 480px) 100vw, 480px\" title=\"Bioidentyczna terapia hormonalna\" \/>\t\t\t\t\t\t\t\t<\/div>\r\n\t\t\t\t\t\t\t<\/div>\r\n\t\t\t\t\t\t\t<h3>Bioidentyczna terapia hormonalna<\/h3>\r\n\t\t\t\t\t\t\tNaturalne zr\u00f3wnowa\u017cenie nier\u00f3wnowagi hormonalnej\t\t\t\t\t\t\t<span class=\"wichtig\">\" wi\u0119cej<\/span>\r\n\t\t\t\t\t\t\r\n\t\t\t\t\t<\/a>\r\n\t\t\t\t<\/div>\r\n\t\t\t\t\t\t\t<div class=\"col-lg-4 col-md-6 mb-5 px-lg-4 px-3\">\r\n\t\t\t\t\t<a class=\"block inherit h-100 text-centerX\" href=\"https:\/\/www.inuspherese-zentrum-dortmund-holzwickede.de\/pl\/unser-anliegen\/allergien-unvertraeglichkeiten\/\">\r\n\t\t\t\t\t\t\r\n\t\t\t\t\t\t\t<div class=\"bobbel-wrapper\">\r\n\t\t\t\t\t\t\t\t<div class=\"bobbel mb-4\">\r\n\t\t\t\t\t\t\t\t\t<img loading=\"lazy\" decoding=\"async\" width=\"480\" height=\"480\" src=\"https:\/\/www.inuspherese-zentrum-dortmund-holzwickede.de\/wp-content\/uploads\/2022\/06\/AdobeStock_143107425-1-e1654983797821-480x480.jpeg\" class=\"wp-post-image\" alt=\"Allergien und Unvertr\u00e4glichkeiten\" srcset=\"https:\/\/www.inuspherese-zentrum-dortmund-holzwickede.de\/wp-content\/uploads\/2022\/06\/AdobeStock_143107425-1-e1654983797821-480x480.jpeg 480w, https:\/\/www.inuspherese-zentrum-dortmund-holzwickede.de\/wp-content\/uploads\/2022\/06\/AdobeStock_143107425-1-e1654983797821-300x300.jpeg 300w, https:\/\/www.inuspherese-zentrum-dortmund-holzwickede.de\/wp-content\/uploads\/2022\/06\/AdobeStock_143107425-1-e1654983797821-600x600.jpeg 600w, https:\/\/www.inuspherese-zentrum-dortmund-holzwickede.de\/wp-content\/uploads\/2022\/06\/AdobeStock_143107425-1-e1654983797821-800x800.jpeg 800w, https:\/\/www.inuspherese-zentrum-dortmund-holzwickede.de\/wp-content\/uploads\/2022\/06\/AdobeStock_143107425-1-e1654983797821-100x100.jpeg 100w, https:\/\/www.inuspherese-zentrum-dortmund-holzwickede.de\/wp-content\/uploads\/2022\/06\/AdobeStock_143107425-1-e1654983797821.jpeg 812w\" sizes=\"auto, (max-width: 480px) 100vw, 480px\" title=\"Alergie i nietolerancje\" \/>\t\t\t\t\t\t\t\t<\/div>\r\n\t\t\t\t\t\t\t<\/div>\r\n\t\t\t\t\t\t\t<h3>Alergie i nietolerancje<\/h3>\r\n\t\t\t\t\t\t\tna materia\u0142ach dentystycznych, implantach piersi i staw\u00f3w, \u017cywno\u015bci\t\t\t\t\t\t\t<span class=\"wichtig\">\" wi\u0119cej<\/span>\r\n\t\t\t\t\t\t\r\n\t\t\t\t\t<\/a>\r\n\t\t\t\t<\/div>\r\n\t\t\t\t\t\t\t<div class=\"col-lg-4 col-md-6 mb-5 px-lg-4 px-3\">\r\n\t\t\t\t\t<a class=\"block inherit h-100 text-centerX\" href=\"https:\/\/www.inuspherese-zentrum-dortmund-holzwickede.de\/pl\/unser-anliegen\/stress-erschoepfung\/\">\r\n\t\t\t\t\t\t\r\n\t\t\t\t\t\t\t<div class=\"bobbel-wrapper\">\r\n\t\t\t\t\t\t\t\t<div class=\"bobbel mb-4\">\r\n\t\t\t\t\t\t\t\t\t<img loading=\"lazy\" decoding=\"async\" width=\"480\" height=\"480\" src=\"https:\/\/www.inuspherese-zentrum-dortmund-holzwickede.de\/wp-content\/uploads\/2022\/06\/AdobeStock_354310924-1-e1654983291789-480x480.jpeg\" class=\"wp-post-image\" alt=\"Stress und Ersch\u00f6pfung\" srcset=\"https:\/\/www.inuspherese-zentrum-dortmund-holzwickede.de\/wp-content\/uploads\/2022\/06\/AdobeStock_354310924-1-e1654983291789-480x480.jpeg 480w, https:\/\/www.inuspherese-zentrum-dortmund-holzwickede.de\/wp-content\/uploads\/2022\/06\/AdobeStock_354310924-1-e1654983291789-300x300.jpeg 300w, https:\/\/www.inuspherese-zentrum-dortmund-holzwickede.de\/wp-content\/uploads\/2022\/06\/AdobeStock_354310924-1-e1654983291789-600x600.jpeg 600w, https:\/\/www.inuspherese-zentrum-dortmund-holzwickede.de\/wp-content\/uploads\/2022\/06\/AdobeStock_354310924-1-e1654983291789-800x800.jpeg 800w, https:\/\/www.inuspherese-zentrum-dortmund-holzwickede.de\/wp-content\/uploads\/2022\/06\/AdobeStock_354310924-1-e1654983291789-100x100.jpeg 100w, https:\/\/www.inuspherese-zentrum-dortmund-holzwickede.de\/wp-content\/uploads\/2022\/06\/AdobeStock_354310924-1-e1654983291789.jpeg 864w\" sizes=\"auto, (max-width: 480px) 100vw, 480px\" title=\"Stres i wyczerpanie\" \/>\t\t\t\t\t\t\t\t<\/div>\r\n\t\t\t\t\t\t\t<\/div>\r\n\t\t\t\t\t\t\t<h3>Stres i wyczerpanie<\/h3>\r\n\t\t\t\t\t\t\tPowr\u00f3t do spokoju i wysokiego poziomu energii\t\t\t\t\t\t\t<span class=\"wichtig\">\" wi\u0119cej<\/span>\r\n\t\t\t\t\t\t\r\n\t\t\t\t\t<\/a>\r\n\t\t\t\t<\/div>\r\n\t\t\t\t\t\t\t<div class=\"col-lg-4 col-md-6 mb-5 px-lg-4 px-3\">\r\n\t\t\t\t\t<a class=\"block inherit h-100 text-centerX\" href=\"https:\/\/www.inuspherese-zentrum-dortmund-holzwickede.de\/pl\/unser-anliegen\/darm-gesundheit\/\">\r\n\t\t\t\t\t\t\r\n\t\t\t\t\t\t\t<div class=\"bobbel-wrapper\">\r\n\t\t\t\t\t\t\t\t<div class=\"bobbel mb-4\">\r\n\t\t\t\t\t\t\t\t\t<img loading=\"lazy\" decoding=\"async\" width=\"480\" height=\"480\" src=\"https:\/\/www.inuspherese-zentrum-dortmund-holzwickede.de\/wp-content\/uploads\/2022\/06\/AdobeStock_499223182-480x480.jpeg\" class=\"wp-post-image\" alt=\"Darm-Gesundheit\" srcset=\"https:\/\/www.inuspherese-zentrum-dortmund-holzwickede.de\/wp-content\/uploads\/2022\/06\/AdobeStock_499223182-480x480.jpeg 480w, https:\/\/www.inuspherese-zentrum-dortmund-holzwickede.de\/wp-content\/uploads\/2022\/06\/AdobeStock_499223182-300x300.jpeg 300w, https:\/\/www.inuspherese-zentrum-dortmund-holzwickede.de\/wp-content\/uploads\/2022\/06\/AdobeStock_499223182-100x100.jpeg 100w\" sizes=\"auto, (max-width: 480px) 100vw, 480px\" title=\"Zdrowie jelit\" \/>\t\t\t\t\t\t\t\t<\/div>\r\n\t\t\t\t\t\t\t<\/div>\r\n\t\t\t\t\t\t\t<h3>Zdrowie jelit<\/h3>\r\n\t\t\t\t\t\t\tB\u00f3l brzucha, trawienie, alergie - co robi\u0107?\t\t\t\t\t\t\t<span class=\"wichtig\">\" wi\u0119cej<\/span>\r\n\t\t\t\t\t\t\r\n\t\t\t\t\t<\/a>\r\n\t\t\t\t<\/div>\r\n\t\t\t\t\t\t\t<\/div>\r\n\t<\/div>\r\n<\/section>","protected":false},"excerpt":{"rendered":"<p>Nie pozw\u00f3l, aby b\u00f3l Ci\u0119 spowolni\u0142!<\/p>","protected":false},"author":1,"featured_media":1992,"parent":1160,"menu_order":7,"comment_status":"closed","ping_status":"closed","template":"","meta":{"_acf_changed":false,"inline_featured_image":false,"footnotes":""},"class_list":["post-1171","page","type-page","status-publish","has-post-thumbnail","hentry"],"acf":[],"_links":{"self":[{"href":"https:\/\/www.inuspherese-zentrum-dortmund-holzwickede.de\/pl\/wp-json\/wp\/v2\/pages\/1171","targetHints":{"allow":["GET"]}}],"collection":[{"href":"https:\/\/www.inuspherese-zentrum-dortmund-holzwickede.de\/pl\/wp-json\/wp\/v2\/pages"}],"about":[{"href":"https:\/\/www.inuspherese-zentrum-dortmund-holzwickede.de\/pl\/wp-json\/wp\/v2\/types\/page"}],"author":[{"embeddable":true,"href":"https:\/\/www.inuspherese-zentrum-dortmund-holzwickede.de\/pl\/wp-json\/wp\/v2\/users\/1"}],"replies":[{"embeddable":true,"href":"https:\/\/www.inuspherese-zentrum-dortmund-holzwickede.de\/pl\/wp-json\/wp\/v2\/comments?post=1171"}],"version-history":[{"count":1,"href":"https:\/\/www.inuspherese-zentrum-dortmund-holzwickede.de\/pl\/wp-json\/wp\/v2\/pages\/1171\/revisions"}],"predecessor-version":[{"id":3007,"href":"https:\/\/www.inuspherese-zentrum-dortmund-holzwickede.de\/pl\/wp-json\/wp\/v2\/pages\/1171\/revisions\/3007"}],"up":[{"embeddable":true,"href":"https:\/\/www.inuspherese-zentrum-dortmund-holzwickede.de\/pl\/wp-json\/wp\/v2\/pages\/1160"}],"wp:featuredmedia":[{"embeddable":true,"href":"https:\/\/www.inuspherese-zentrum-dortmund-holzwickede.de\/pl\/wp-json\/wp\/v2\/media\/1992"}],"wp:attachment":[{"href":"https:\/\/www.inuspherese-zentrum-dortmund-holzwickede.de\/pl\/wp-json\/wp\/v2\/media?parent=1171"}],"curies":[{"name":"wp","href":"https:\/\/api.w.org\/{rel}","templated":true}]}}