{"id":1177,"date":"2022-05-04T13:16:00","date_gmt":"2022-05-04T11:16:00","guid":{"rendered":"https:\/\/www.ganzheitliche-arztpraxis-kronberg.de\/?page_id=1177"},"modified":"2024-07-09T09:29:20","modified_gmt":"2024-07-09T07:29:20","slug":"allergien-unvertraeglichkeiten","status":"publish","type":"page","link":"https:\/\/www.inuspherese-zentrum-dortmund-holzwickede.de\/pl\/unser-anliegen\/allergien-unvertraeglichkeiten\/","title":{"rendered":"Alergie i nietolerancje"},"content":{"rendered":"<section id=\"content-standard-block_fe3c4ac1921f79c21a615cbad7fee8af\" class=\"content-standard bg-trans   text-default pt-md-5 pt-4 pb-md-5 pb-4\" >\r\n\t<div class=\"container\">\r\n    \t<div class=\"row\">\r\n\t\t\t<div class=\"col-12\"><h3>Nietolerancje materia\u0142\u00f3w dentystycznych i holistyczne zdrowie z\u0119b\u00f3w<\/h3>\n<p>Ze wzgl\u0119du na zawarto\u015b\u0107 rt\u0119ci <strong>Wype\u0142nienia amalgamatowe<\/strong> s\u0105 obecnie uwa\u017cane za przestarza\u0142e i unika si\u0119 ich stosowania. Z tego powodu od kilku dziesi\u0119cioleci preferowane s\u0105 inne materia\u0142y wykonane ze z\u0142ota lub plastiku. Niekt\u00f3rzy ludzie toleruj\u0105 te materia\u0142y gorzej ni\u017c inni.<\/p>\n<p>Niekompatybilne pokarmy z codziennej diety mo\u017cna stosunkowo \u0142atwo omin\u0105\u0107 i zast\u0105pi\u0107. Nie jest to niemo\u017cliwe w przypadku ju\u017c wprowadzonego materia\u0142u stomatologicznego, ale jest bardziej czasoch\u0142onne.<\/p>\n<p>Wsp\u00f3lnie mo\u017cemy przyjrze\u0107 si\u0119 Twoim dolegliwo\u015bciom i dowiedzie\u0107 si\u0119, w jaki spos\u00f3b mog\u0105 by\u0107 one zwi\u0105zane z u\u017cywanymi materia\u0142ami stomatologicznymi:<\/p>\n<ul class=\"multicolumn\">\n<li>Metaliczny smak w ustach<\/li>\n<li>Brak energii<\/li>\n<li>Zaburzenia koncentracji<\/li>\n<li>Wypadanie w\u0142os\u00f3w<\/li>\n<li>Podatno\u015b\u0107 na infekcje<\/li>\n<li>Zawroty g\u0142owy<\/li>\n<li>Zaburzenia czucia w r\u0119kach i nogach<\/li>\n<\/ul>\n<p>Ch\u0119tnie przetestujemy dla Ciebie materia\u0142y stomatologiczne, najlepiej jeszcze przed ich u\u017cyciem przez dentyst\u0119.<\/p>\n<p>Aby Tw\u00f3j dentysta wiedzia\u0142, kt\u00f3re materia\u0142y mo\u017cesz tolerowa\u0107, wsp\u00f3\u0142pracujemy z dentystami o otwartych umys\u0142ach i przeprowadzamy testy alergii i kompatybilno\u015bci. <a href=\"https:\/\/www.inuspherese-zentrum-dortmund-holzwickede.de\/pl\/kontakt\/\">Skontaktuj si\u0119 z nami<\/a><\/p>\n<h4>Przygotowanie do testu:<\/h4>\n<ul class=\"onecolumn\">\n<li>Je\u015bli testowany materia\u0142 nie by\u0142 jeszcze u\u017cywany, wa\u017cne jest, aby w\u0142o\u017cy\u0107 go (tylko materia\u0142y sta\u0142e w ich ostatecznym przetworzonym stanie) do ust na 5 minut w celu wywo\u0142ania reakcji przeciwcia\u0142.<\/li>\n<li>Test (pr\u00f3bka krwi i \u015bliny) mo\u017cna wykona\u0107 po 5 dniach.<\/li>\n<li>Przynie\u015b materia\u0142y na spotkanie.<\/li>\n<li>Je\u015bli badane materia\u0142y zosta\u0142y ju\u017c przetworzone w organizmie lub zosta\u0142y zjedzone (materia\u0142y dentystyczne, stawy, \u017cywno\u015b\u0107 ....), pr\u00f3bk\u0119 krwi i \u015bliny mo\u017cna pobra\u0107 natychmiast.<\/li>\n<li>Prosimy o przybycie do nas z wyszczotkowanymi z\u0119bami bez pasty do z\u0119b\u00f3w. Nie jedz ani nie pij przez 60 minut przed badaniem.<\/li>\n<li>W tym dniu nie nale\u017cy spo\u017cywa\u0107 \u017cadnych witamin, minera\u0142\u00f3w ani produkt\u00f3w mlecznych.<\/li>\n<\/ul>\n<\/div>\r\n\t\t<\/div>\r\n\t<\/div>\r\n<\/section>\n\n<section id=\"content-standard-block_83b32e7889047a4187806e20819c776d\" class=\"content-standard bg-light   text-default pt-md-5 pt-4 pb-md-5 pb-4\" >\r\n\t<div class=\"container\">\r\n    \t<div class=\"row\">\r\n\t\t\t<div class=\"col-12\"><h3>Implanty piersi i staw\u00f3w<\/h3>\n<p>To, co odnosi si\u0119 do implant\u00f3w dentystycznych, naturalnie odnosi si\u0119 r\u00f3wnie\u017c do implant\u00f3w w pozosta\u0142ej cz\u0119\u015bci cia\u0142a:<\/p>\n<p>Je\u015bli na przyk\u0142ad planujesz wszczepienie sztucznego stawu biodrowego lub implantu piersi, zalecamy przetestowanie przez nas materia\u0142u.<\/p>\n<p>Je\u015bli cierpisz z powodu \"niewyja\u015bnionych\" objaw\u00f3w po wszczepieniu sztucznego stawu, implantu piersi lub materia\u0142\u00f3w u\u017cywanych do mocowania po z\u0142amaniach ko\u015bci, warto sprawdzi\u0107 kompatybilno\u015b\u0107 tych materia\u0142\u00f3w i w razie potrzeby wypr\u00f3bowa\u0107 materia\u0142y zast\u0119pcze.<\/p>\n<p>Prosimy o um\u00f3wienie si\u0119 na wst\u0119pn\u0105 konsultacj\u0119 pod adresem: <a href=\"mailto:info@praxis-lubon.de\">info@praxis-lubon.de<\/a><\/p>\n<\/div>\r\n\t\t<\/div>\r\n\t<\/div>\r\n<\/section>\n\n<section id=\"content-standard-block_7fb914b98150b68b500fc22e428ec04b\" class=\"content-standard bg-trans   text-default pt-md-5 pt-4 pb-md-5 pb-4\" >\r\n\t<div class=\"container\">\r\n    \t<div class=\"row\">\r\n\t\t\t<div class=\"col-12\"><h3>Nietolerancje (pokarmowe)<\/h3>\n<p>Wed\u0142ug <a href=\"https:\/\/www.pronovabkk.de\/media\/downloads\/presse_studien\/studie_maenner_frauengesundheit_2018\/Infografik-Unvertraeglichkeiten.pdf\">Ankieta obywatelska przeprowadzona przez Pronova BKK<\/a> 25% obywateli Niemiec cierpi na nietolerancje pokarmowe. Wi\u0119kszo\u015b\u0107 z nich stara si\u0119 unika\u0107 odpowiednich pokarm\u00f3w tak bardzo, jak to mo\u017cliwe - co cz\u0119sto znacznie ogranicza ich jako\u015b\u0107 \u017cycia.<\/p>\n<p>Niestety, wiele os\u00f3b cierpi\u0105cych na nietolerancje pokarmowe nie wie, \u017ce istniej\u0105 specjalne terapie i pozostaje biernych.<\/p>\n<p>Dowiedz si\u0119, co mo\u017cesz zrobi\u0107, aby zn\u00f3w cieszy\u0107 si\u0119 jedzeniem na stronie <a href=\"https:\/\/www.inuspherese-zentrum-dortmund-holzwickede.de\/pl\/diagnostik\/\">Procedura diagnostyczna<\/a> oraz <a href=\"https:\/\/www.inuspherese-zentrum-dortmund-holzwickede.de\/pl\/therapie\/\">Metody terapii<\/a>.<\/p>\n<p>Lub um\u00f3w si\u0119 na spotkanie od razu <a href=\"https:\/\/www.inuspherese-zentrum-dortmund-holzwickede.de\/pl\/kontakt\/\">Data<\/a> z nami.<\/p>\n<\/div>\r\n\t\t<\/div>\r\n\t<\/div>\r\n<\/section>\n\n<section id=\"content-standard-block_b63044ef320abfb5571c505b1ac7c501\" class=\"content-standard bg-light   text-default pt-md-5 pt-4 pb-md-5 pb-4\" >\r\n\t<div class=\"container\">\r\n    \t<div class=\"row\">\r\n\t\t\t<div class=\"col-12\"><h3>Katar sienny i alergia na py\u0142ki<\/h3>\n<p>W dzisiejszych czasach coraz wi\u0119cej os\u00f3b skar\u017cy si\u0119 na katar sienny i alergie na py\u0142ki. W zale\u017cno\u015bci od wynik\u00f3w bada\u0144, co trzecie do co si\u00f3dmego dziecka jest dotkni\u0119te tym problemem (\u017ar\u00f3d\u0142o: Ingrid Moll, Duale Reihe - Dermatologie. 2005, s. 166).<\/p>\n<p>W naszej praktyce przeprowadzamy <a href=\"https:\/\/www.inuspherese-zentrum-dortmund-holzwickede.de\/pl\/diagnostik\/\">Testy alergiczne<\/a> przez i dopasowanie <a href=\"https:\/\/www.inuspherese-zentrum-dortmund-holzwickede.de\/pl\/therapie\/\">Metody terapii<\/a> indywidualnie do naszych pacjent\u00f3w.<\/p>\n<p>Je\u015bli masz do\u015b\u0107 kataru siennego i chcesz zn\u00f3w cieszy\u0107 si\u0119 wiosn\u0105, to <a href=\"https:\/\/www.inuspherese-zentrum-dortmund-holzwickede.de\/pl\/kontakt\/\">skontaktuj si\u0119 z nami<\/a>.<\/p>\n<\/div>\r\n\t\t<\/div>\r\n\t<\/div>\r\n<\/section>\n\n<section id=\"content-standard-block_de4f5cfb1de953f48463c8832e8f240d\" class=\"content-nav bg-trans   text-default pt-md-5 pt-4 pb-md-5 pb-4\" >\r\n\t<div class=\"container\">\r\n\t\t\t\t\t<h2 class=\"mb-5\"><span>Wi\u0119cej<\/span> spektrum<\/h2>\r\n\t\t\t\t<div class=\"row mb-lg-0 mb-n4 d-flex justify-content-centerX\">\r\n\t\t\t\t\t\t\t\t\t<div class=\"col-lg-4 col-md-6 mb-5 px-lg-4 px-3\">\r\n\t\t\t\t\t<a class=\"block inherit h-100 text-centerX\" href=\"https:\/\/www.inuspherese-zentrum-dortmund-holzwickede.de\/pl\/unser-anliegen\/inuspherese\/\">\r\n\t\t\t\t\t\t\r\n\t\t\t\t\t\t\t<div class=\"bobbel-wrapper\">\r\n\t\t\t\t\t\t\t\t<div class=\"bobbel mb-4\">\r\n\t\t\t\t\t\t\t\t\t<img loading=\"lazy\" decoding=\"async\" width=\"480\" height=\"480\" src=\"https:\/\/www.inuspherese-zentrum-dortmund-holzwickede.de\/wp-content\/uploads\/2022\/11\/AdobeStock_31677497-480x480.jpeg\" class=\"wp-post-image\" alt=\"Praxis f\u00fcr Inuspherese in Kronberg bei Frankfurt\" srcset=\"https:\/\/www.inuspherese-zentrum-dortmund-holzwickede.de\/wp-content\/uploads\/2022\/11\/AdobeStock_31677497-480x480.jpeg 480w, https:\/\/www.inuspherese-zentrum-dortmund-holzwickede.de\/wp-content\/uploads\/2022\/11\/AdobeStock_31677497-300x300.jpeg 300w, https:\/\/www.inuspherese-zentrum-dortmund-holzwickede.de\/wp-content\/uploads\/2022\/11\/AdobeStock_31677497-100x100.jpeg 100w\" sizes=\"auto, (max-width: 480px) 100vw, 480px\" title=\"Praktyka inuspheresis w Kronbergu ko\u0142o Frankfurtu\" \/>\t\t\t\t\t\t\t\t<\/div>\r\n\t\t\t\t\t\t\t<\/div>\r\n\t\t\t\t\t\t\t<h3>INUSpheresis<sup>\u00ae<\/sup><\/h3>\r\n\t\t\t\t\t\t\tSkuteczna metoda detoksykacji organizmu\t\t\t\t\t\t\t<span class=\"wichtig\">\" wi\u0119cej<\/span>\r\n\t\t\t\t\t\t\r\n\t\t\t\t\t<\/a>\r\n\t\t\t\t<\/div>\r\n\t\t\t\t\t\t\t<div class=\"col-lg-4 col-md-6 mb-5 px-lg-4 px-3\">\r\n\t\t\t\t\t<a class=\"block inherit h-100 text-centerX\" href=\"https:\/\/www.inuspherese-zentrum-dortmund-holzwickede.de\/pl\/unser-anliegen\/ganzheitliche-medizin\/\">\r\n\t\t\t\t\t\t\r\n\t\t\t\t\t\t\t<div class=\"bobbel-wrapper\">\r\n\t\t\t\t\t\t\t\t<div class=\"bobbel mb-4\">\r\n\t\t\t\t\t\t\t\t\t<img loading=\"lazy\" decoding=\"async\" width=\"480\" height=\"480\" src=\"https:\/\/www.inuspherese-zentrum-dortmund-holzwickede.de\/wp-content\/uploads\/2022\/06\/AdobeStock_247969304-1-e1654983526943-480x480.jpeg\" class=\"wp-post-image\" alt=\"Ganzheitliche Familienmedizin\" srcset=\"https:\/\/www.inuspherese-zentrum-dortmund-holzwickede.de\/wp-content\/uploads\/2022\/06\/AdobeStock_247969304-1-e1654983526943-480x480.jpeg 480w, https:\/\/www.inuspherese-zentrum-dortmund-holzwickede.de\/wp-content\/uploads\/2022\/06\/AdobeStock_247969304-1-e1654983526943-600x599.jpeg 600w, https:\/\/www.inuspherese-zentrum-dortmund-holzwickede.de\/wp-content\/uploads\/2022\/06\/AdobeStock_247969304-1-e1654983526943-300x300.jpeg 300w, https:\/\/www.inuspherese-zentrum-dortmund-holzwickede.de\/wp-content\/uploads\/2022\/06\/AdobeStock_247969304-1-e1654983526943-800x800.jpeg 800w, https:\/\/www.inuspherese-zentrum-dortmund-holzwickede.de\/wp-content\/uploads\/2022\/06\/AdobeStock_247969304-1-e1654983526943-100x100.jpeg 100w, https:\/\/www.inuspherese-zentrum-dortmund-holzwickede.de\/wp-content\/uploads\/2022\/06\/AdobeStock_247969304-1-e1654983526943.jpeg 897w\" sizes=\"auto, (max-width: 480px) 100vw, 480px\" title=\"Holistyczna medycyna rodzinna\" \/>\t\t\t\t\t\t\t\t<\/div>\r\n\t\t\t\t\t\t\t<\/div>\r\n\t\t\t\t\t\t\t<h3>Medycyna holistyczna<\/h3>\r\n\t\t\t\t\t\t\tZdrowie i dobre samopoczucie dzieci i doros\u0142ych\t\t\t\t\t\t\t<span class=\"wichtig\">\" wi\u0119cej<\/span>\r\n\t\t\t\t\t\t\r\n\t\t\t\t\t<\/a>\r\n\t\t\t\t<\/div>\r\n\t\t\t\t\t\t\t<div class=\"col-lg-4 col-md-6 mb-5 px-lg-4 px-3\">\r\n\t\t\t\t\t<a class=\"block inherit h-100 text-centerX\" href=\"https:\/\/www.inuspherese-zentrum-dortmund-holzwickede.de\/pl\/unser-anliegen\/bioidentische-hormontherapie\/\">\r\n\t\t\t\t\t\t\r\n\t\t\t\t\t\t\t<div class=\"bobbel-wrapper\">\r\n\t\t\t\t\t\t\t\t<div class=\"bobbel mb-4\">\r\n\t\t\t\t\t\t\t\t\t<img loading=\"lazy\" decoding=\"async\" width=\"480\" height=\"480\" src=\"https:\/\/www.inuspherese-zentrum-dortmund-holzwickede.de\/wp-content\/uploads\/2022\/06\/AdobeStock_432637966-1-e1654983363510-480x480.jpeg\" class=\"wp-post-image\" alt=\"Bioidentische Hormontherapie\" srcset=\"https:\/\/www.inuspherese-zentrum-dortmund-holzwickede.de\/wp-content\/uploads\/2022\/06\/AdobeStock_432637966-1-e1654983363510-480x480.jpeg 480w, https:\/\/www.inuspherese-zentrum-dortmund-holzwickede.de\/wp-content\/uploads\/2022\/06\/AdobeStock_432637966-1-e1654983363510-300x300.jpeg 300w, https:\/\/www.inuspherese-zentrum-dortmund-holzwickede.de\/wp-content\/uploads\/2022\/06\/AdobeStock_432637966-1-e1654983363510-600x599.jpeg 600w, https:\/\/www.inuspherese-zentrum-dortmund-holzwickede.de\/wp-content\/uploads\/2022\/06\/AdobeStock_432637966-1-e1654983363510-800x798.jpeg 800w, https:\/\/www.inuspherese-zentrum-dortmund-holzwickede.de\/wp-content\/uploads\/2022\/06\/AdobeStock_432637966-1-e1654983363510-100x100.jpeg 100w, https:\/\/www.inuspherese-zentrum-dortmund-holzwickede.de\/wp-content\/uploads\/2022\/06\/AdobeStock_432637966-1-e1654983363510.jpeg 1046w\" sizes=\"auto, (max-width: 480px) 100vw, 480px\" title=\"Bioidentyczna terapia hormonalna\" \/>\t\t\t\t\t\t\t\t<\/div>\r\n\t\t\t\t\t\t\t<\/div>\r\n\t\t\t\t\t\t\t<h3>Bioidentyczna terapia hormonalna<\/h3>\r\n\t\t\t\t\t\t\tNaturalne zr\u00f3wnowa\u017cenie nier\u00f3wnowagi hormonalnej\t\t\t\t\t\t\t<span class=\"wichtig\">\" wi\u0119cej<\/span>\r\n\t\t\t\t\t\t\r\n\t\t\t\t\t<\/a>\r\n\t\t\t\t<\/div>\r\n\t\t\t\t\t\t\t<div class=\"col-lg-4 col-md-6 mb-5 px-lg-4 px-3\">\r\n\t\t\t\t\t<a class=\"block inherit h-100 text-centerX\" href=\"https:\/\/www.inuspherese-zentrum-dortmund-holzwickede.de\/pl\/unser-anliegen\/schmerz-therapie\/\">\r\n\t\t\t\t\t\t\r\n\t\t\t\t\t\t\t<div class=\"bobbel-wrapper\">\r\n\t\t\t\t\t\t\t\t<div class=\"bobbel mb-4\">\r\n\t\t\t\t\t\t\t\t\t<img loading=\"lazy\" decoding=\"async\" width=\"480\" height=\"480\" src=\"https:\/\/www.inuspherese-zentrum-dortmund-holzwickede.de\/wp-content\/uploads\/2022\/06\/AdobeStock_186990770-1-e1654983667744-480x480.jpeg\" class=\"wp-post-image\" alt=\"Schmerz-Therapie\" srcset=\"https:\/\/www.inuspherese-zentrum-dortmund-holzwickede.de\/wp-content\/uploads\/2022\/06\/AdobeStock_186990770-1-e1654983667744-480x480.jpeg 480w, https:\/\/www.inuspherese-zentrum-dortmund-holzwickede.de\/wp-content\/uploads\/2022\/06\/AdobeStock_186990770-1-e1654983667744-300x300.jpeg 300w, https:\/\/www.inuspherese-zentrum-dortmund-holzwickede.de\/wp-content\/uploads\/2022\/06\/AdobeStock_186990770-1-e1654983667744-600x600.jpeg 600w, https:\/\/www.inuspherese-zentrum-dortmund-holzwickede.de\/wp-content\/uploads\/2022\/06\/AdobeStock_186990770-1-e1654983667744-800x800.jpeg 800w, https:\/\/www.inuspherese-zentrum-dortmund-holzwickede.de\/wp-content\/uploads\/2022\/06\/AdobeStock_186990770-1-e1654983667744-1200x1200.jpeg 1200w, https:\/\/www.inuspherese-zentrum-dortmund-holzwickede.de\/wp-content\/uploads\/2022\/06\/AdobeStock_186990770-1-e1654983667744-100x100.jpeg 100w, https:\/\/www.inuspherese-zentrum-dortmund-holzwickede.de\/wp-content\/uploads\/2022\/06\/AdobeStock_186990770-1-e1654983667744.jpeg 1521w\" sizes=\"auto, (max-width: 480px) 100vw, 480px\" title=\"Leczenie b\u00f3lu\" \/>\t\t\t\t\t\t\t\t<\/div>\r\n\t\t\t\t\t\t\t<\/div>\r\n\t\t\t\t\t\t\t<h3>Leczenie b\u00f3lu<\/h3>\r\n\t\t\t\t\t\t\tNie pozw\u00f3l, aby b\u00f3l Ci\u0119 spowolni\u0142!\t\t\t\t\t\t\t<span class=\"wichtig\">\" wi\u0119cej<\/span>\r\n\t\t\t\t\t\t\r\n\t\t\t\t\t<\/a>\r\n\t\t\t\t<\/div>\r\n\t\t\t\t\t\t\t<div class=\"col-lg-4 col-md-6 mb-5 px-lg-4 px-3\">\r\n\t\t\t\t\t<a class=\"block inherit h-100 text-centerX\" href=\"https:\/\/www.inuspherese-zentrum-dortmund-holzwickede.de\/pl\/unser-anliegen\/stress-erschoepfung\/\">\r\n\t\t\t\t\t\t\r\n\t\t\t\t\t\t\t<div class=\"bobbel-wrapper\">\r\n\t\t\t\t\t\t\t\t<div class=\"bobbel mb-4\">\r\n\t\t\t\t\t\t\t\t\t<img loading=\"lazy\" decoding=\"async\" width=\"480\" height=\"480\" src=\"https:\/\/www.inuspherese-zentrum-dortmund-holzwickede.de\/wp-content\/uploads\/2022\/06\/AdobeStock_354310924-1-e1654983291789-480x480.jpeg\" class=\"wp-post-image\" alt=\"Stress und Ersch\u00f6pfung\" srcset=\"https:\/\/www.inuspherese-zentrum-dortmund-holzwickede.de\/wp-content\/uploads\/2022\/06\/AdobeStock_354310924-1-e1654983291789-480x480.jpeg 480w, https:\/\/www.inuspherese-zentrum-dortmund-holzwickede.de\/wp-content\/uploads\/2022\/06\/AdobeStock_354310924-1-e1654983291789-300x300.jpeg 300w, https:\/\/www.inuspherese-zentrum-dortmund-holzwickede.de\/wp-content\/uploads\/2022\/06\/AdobeStock_354310924-1-e1654983291789-600x600.jpeg 600w, https:\/\/www.inuspherese-zentrum-dortmund-holzwickede.de\/wp-content\/uploads\/2022\/06\/AdobeStock_354310924-1-e1654983291789-800x800.jpeg 800w, https:\/\/www.inuspherese-zentrum-dortmund-holzwickede.de\/wp-content\/uploads\/2022\/06\/AdobeStock_354310924-1-e1654983291789-100x100.jpeg 100w, https:\/\/www.inuspherese-zentrum-dortmund-holzwickede.de\/wp-content\/uploads\/2022\/06\/AdobeStock_354310924-1-e1654983291789.jpeg 864w\" sizes=\"auto, (max-width: 480px) 100vw, 480px\" title=\"Stres i wyczerpanie\" \/>\t\t\t\t\t\t\t\t<\/div>\r\n\t\t\t\t\t\t\t<\/div>\r\n\t\t\t\t\t\t\t<h3>Stres i wyczerpanie<\/h3>\r\n\t\t\t\t\t\t\tPowr\u00f3t do spokoju i wysokiego poziomu energii\t\t\t\t\t\t\t<span class=\"wichtig\">\" wi\u0119cej<\/span>\r\n\t\t\t\t\t\t\r\n\t\t\t\t\t<\/a>\r\n\t\t\t\t<\/div>\r\n\t\t\t\t\t\t\t<div class=\"col-lg-4 col-md-6 mb-5 px-lg-4 px-3\">\r\n\t\t\t\t\t<a class=\"block inherit h-100 text-centerX\" href=\"https:\/\/www.inuspherese-zentrum-dortmund-holzwickede.de\/pl\/unser-anliegen\/darm-gesundheit\/\">\r\n\t\t\t\t\t\t\r\n\t\t\t\t\t\t\t<div class=\"bobbel-wrapper\">\r\n\t\t\t\t\t\t\t\t<div class=\"bobbel mb-4\">\r\n\t\t\t\t\t\t\t\t\t<img loading=\"lazy\" decoding=\"async\" width=\"480\" height=\"480\" src=\"https:\/\/www.inuspherese-zentrum-dortmund-holzwickede.de\/wp-content\/uploads\/2022\/06\/AdobeStock_499223182-480x480.jpeg\" class=\"wp-post-image\" alt=\"Darm-Gesundheit\" srcset=\"https:\/\/www.inuspherese-zentrum-dortmund-holzwickede.de\/wp-content\/uploads\/2022\/06\/AdobeStock_499223182-480x480.jpeg 480w, https:\/\/www.inuspherese-zentrum-dortmund-holzwickede.de\/wp-content\/uploads\/2022\/06\/AdobeStock_499223182-300x300.jpeg 300w, https:\/\/www.inuspherese-zentrum-dortmund-holzwickede.de\/wp-content\/uploads\/2022\/06\/AdobeStock_499223182-100x100.jpeg 100w\" sizes=\"auto, (max-width: 480px) 100vw, 480px\" title=\"Zdrowie jelit\" \/>\t\t\t\t\t\t\t\t<\/div>\r\n\t\t\t\t\t\t\t<\/div>\r\n\t\t\t\t\t\t\t<h3>Zdrowie jelit<\/h3>\r\n\t\t\t\t\t\t\tB\u00f3l brzucha, trawienie, alergie - co robi\u0107?\t\t\t\t\t\t\t<span class=\"wichtig\">\" wi\u0119cej<\/span>\r\n\t\t\t\t\t\t\r\n\t\t\t\t\t<\/a>\r\n\t\t\t\t<\/div>\r\n\t\t\t\t\t\t\t<\/div>\r\n\t<\/div>\r\n<\/section>","protected":false},"excerpt":{"rendered":"<p>na materia\u0142ach dentystycznych, implantach piersi i staw\u00f3w, \u017cywno\u015bci<\/p>","protected":false},"author":1,"featured_media":1991,"parent":1160,"menu_order":4,"comment_status":"closed","ping_status":"closed","template":"","meta":{"_acf_changed":false,"inline_featured_image":false,"footnotes":""},"class_list":["post-1177","page","type-page","status-publish","has-post-thumbnail","hentry"],"acf":[],"_links":{"self":[{"href":"https:\/\/www.inuspherese-zentrum-dortmund-holzwickede.de\/pl\/wp-json\/wp\/v2\/pages\/1177","targetHints":{"allow":["GET"]}}],"collection":[{"href":"https:\/\/www.inuspherese-zentrum-dortmund-holzwickede.de\/pl\/wp-json\/wp\/v2\/pages"}],"about":[{"href":"https:\/\/www.inuspherese-zentrum-dortmund-holzwickede.de\/pl\/wp-json\/wp\/v2\/types\/page"}],"author":[{"embeddable":true,"href":"https:\/\/www.inuspherese-zentrum-dortmund-holzwickede.de\/pl\/wp-json\/wp\/v2\/users\/1"}],"replies":[{"embeddable":true,"href":"https:\/\/www.inuspherese-zentrum-dortmund-holzwickede.de\/pl\/wp-json\/wp\/v2\/comments?post=1177"}],"version-history":[{"count":2,"href":"https:\/\/www.inuspherese-zentrum-dortmund-holzwickede.de\/pl\/wp-json\/wp\/v2\/pages\/1177\/revisions"}],"predecessor-version":[{"id":3006,"href":"https:\/\/www.inuspherese-zentrum-dortmund-holzwickede.de\/pl\/wp-json\/wp\/v2\/pages\/1177\/revisions\/3006"}],"up":[{"embeddable":true,"href":"https:\/\/www.inuspherese-zentrum-dortmund-holzwickede.de\/pl\/wp-json\/wp\/v2\/pages\/1160"}],"wp:featuredmedia":[{"embeddable":true,"href":"https:\/\/www.inuspherese-zentrum-dortmund-holzwickede.de\/pl\/wp-json\/wp\/v2\/media\/1991"}],"wp:attachment":[{"href":"https:\/\/www.inuspherese-zentrum-dortmund-holzwickede.de\/pl\/wp-json\/wp\/v2\/media?parent=1177"}],"curies":[{"name":"wp","href":"https:\/\/api.w.org\/{rel}","templated":true}]}}