{"id":1180,"date":"2022-05-04T13:34:37","date_gmt":"2022-05-04T11:34:37","guid":{"rendered":"https:\/\/www.ganzheitliche-arztpraxis-kronberg.de\/?page_id=1180"},"modified":"2024-07-09T09:14:08","modified_gmt":"2024-07-09T07:14:08","slug":"ueber-mich","status":"publish","type":"page","link":"https:\/\/www.inuspherese-zentrum-dortmund-holzwickede.de\/pl\/ueber-mich\/","title":{"rendered":"O mnie"},"content":{"rendered":"<section id=\"content-standard-block_def1062c48671537610361e0ca79c9b0\" class=\"content-standard bg-trans   text-default pt-md-5 pt-4 pb-md-5 pb-4\" >\r\n\t<div class=\"container\">\r\n    \t<div class=\"row\">\r\n\t\t\t<div class=\"col-12\"><p>Holistyczna Praktyka Medyczna Dortmund Holzwickede Peter Lubon \u0142\u0105czy wieloletnie do\u015bwiadczenie medyczne z medycyn\u0105 naturaln\u0105 poprzez wymian\u0119 i wsp\u00f3\u0142prac\u0119 z holistycznie zorientowanymi terapeutami.<\/p>\n<\/div>\r\n\t\t<\/div>\r\n\t<\/div>\r\n<\/section>\n\n<section id=\"content-standard-block_d0b5261094f68cd4e853389319bac48f\" class=\"content-nav bg-trans   text-default pt-md-5 pt-4 pb-md-5 pb-4\" >\r\n\t<div class=\"container\">\r\n\t\t\t\t<div class=\"row mb-lg-0 mb-n4 d-flex justify-content-centerX\">\r\n\t\t\t\t\t\t\t\t\t<div class=\"col-lg-4 col-md-6 mb-5 px-lg-4 px-3\">\r\n\t\t\t\t\t<a class=\"block inherit h-100 text-centerX\" href=\"https:\/\/www.inuspherese-zentrum-dortmund-holzwickede.de\/pl\/ueber-mich\/peter-lubon\/\">\r\n\t\t\t\t\t\t\r\n\t\t\t\t\t\t\t<div class=\"bobbel-wrapper\">\r\n\t\t\t\t\t\t\t\t<div class=\"bobbel mb-4\">\r\n\t\t\t\t\t\t\t\t\t<img loading=\"lazy\" decoding=\"async\" width=\"480\" height=\"480\" src=\"https:\/\/www.inuspherese-zentrum-dortmund-holzwickede.de\/wp-content\/uploads\/2022\/06\/20220523-schander-007-e1654984099830-480x480.jpg\" class=\"wp-post-image\" alt=\"Peter Lubon\" srcset=\"https:\/\/www.inuspherese-zentrum-dortmund-holzwickede.de\/wp-content\/uploads\/2022\/06\/20220523-schander-007-e1654984099830-480x480.jpg 480w, https:\/\/www.inuspherese-zentrum-dortmund-holzwickede.de\/wp-content\/uploads\/2022\/06\/20220523-schander-007-e1654984099830-300x300.jpg 300w, https:\/\/www.inuspherese-zentrum-dortmund-holzwickede.de\/wp-content\/uploads\/2022\/06\/20220523-schander-007-e1654984099830-600x600.jpg 600w, https:\/\/www.inuspherese-zentrum-dortmund-holzwickede.de\/wp-content\/uploads\/2022\/06\/20220523-schander-007-e1654984099830-800x800.jpg 800w, https:\/\/www.inuspherese-zentrum-dortmund-holzwickede.de\/wp-content\/uploads\/2022\/06\/20220523-schander-007-e1654984099830-1200x1200.jpg 1200w, https:\/\/www.inuspherese-zentrum-dortmund-holzwickede.de\/wp-content\/uploads\/2022\/06\/20220523-schander-007-e1654984099830-100x100.jpg 100w, https:\/\/www.inuspherese-zentrum-dortmund-holzwickede.de\/wp-content\/uploads\/2022\/06\/20220523-schander-007-e1654984099830.jpg 1366w\" sizes=\"auto, (max-width: 480px) 100vw, 480px\" title=\"Peter Lubon\" \/>\t\t\t\t\t\t\t\t<\/div>\r\n\t\t\t\t\t\t\t<\/div>\r\n\t\t\t\t\t\t\t<h3>Peter Lubon<\/h3>\r\n\t\t\t\t\t\t\tLekarz - Chirurg - Medycyna regulacyjna\t\t\t\t\t\t\t<span class=\"wichtig\">\" wi\u0119cej<\/span>\r\n\t\t\t\t\t\t\r\n\t\t\t\t\t<\/a>\r\n\t\t\t\t<\/div>\r\n\t\t\t\t\t\t\t<\/div>\r\n\t<\/div>\r\n<\/section>\n\n<section id=\"content-standard-block_79ff1aa9e8efd8801e9ba1e0fc3ed4f1\" class=\"content-standard bg-light   text-default pt-md-5 pt-4 pb-md-5 pb-4\" >\r\n\t<div class=\"container\">\r\n    \t<div class=\"row\">\r\n\t\t\t<div class=\"col-12\"><h2>G\u0142osy pacjent\u00f3w<\/h2>\n<p>By\u0142bym zachwycony, gdyby\u015b po\u015bwi\u0119ci\u0142 chwil\u0119, aby da\u0107 mi zna\u0107, co my\u015blisz. Twoje do\u015bwiadczenie jako pacjenta jest nieocenione, aby stale ulepsza\u0107 praktyk\u0119.<\/p>\n<p>Oczywi\u015bcie Twoja opinia zostanie opublikowana tylko wtedy, gdy wyrazisz na to zgod\u0119. Z g\u00f3ry dzi\u0119kujemy za zaufanie i wsparcie. Twoja opinia si\u0119 liczy!<\/p>\n\n<div class=\"wpcf7 no-js\" id=\"wpcf7-f2664-o1\" lang=\"de-DE\" dir=\"ltr\" data-wpcf7-id=\"2664\">\n<div class=\"screen-reader-response\"><p role=\"status\" aria-live=\"polite\" aria-atomic=\"true\"><\/p> <ul><\/ul><\/div>\n<form action=\"\/pl\/wp-json\/wp\/v2\/pages\/1180#wpcf7-f2664-o1\" method=\"post\" class=\"wpcf7-form init\" aria-label=\"Formularz kontaktowy\" novalidate=\"novalidate\" data-status=\"init\" data-trp-original-action=\"\/pl\/wp-json\/wp\/v2\/pages\/1180#wpcf7-f2664-o1\">\n<fieldset class=\"hidden-fields-container\"><input type=\"hidden\" name=\"_wpcf7\" value=\"2664\" \/><input type=\"hidden\" name=\"_wpcf7_version\" value=\"6.1.5\" \/><input type=\"hidden\" name=\"_wpcf7_locale\" value=\"de_DE\" \/><input type=\"hidden\" name=\"_wpcf7_unit_tag\" value=\"wpcf7-f2664-o1\" \/><input type=\"hidden\" name=\"_wpcf7_container_post\" value=\"0\" \/><input type=\"hidden\" name=\"_wpcf7_posted_data_hash\" value=\"\" \/>\n<\/fieldset>\n<div class=\"mb-3\">\n\t<p><span class=\"wpcf7-form-control-wrap\" data-name=\"your-name\"><input size=\"40\" maxlength=\"400\" class=\"wpcf7-form-control wpcf7-text wpcf7-validates-as-required form-control\" aria-required=\"true\" aria-invalid=\"false\" placeholder=\"Imi\u0119 i nazwisko lub nazwa skr\u00f3cona*\" value=\"\" type=\"text\" name=\"your-name\" \/><\/span><span id=\"wpcf7-69f70b9d4ed06-wrapper\" class=\"wpcf7-form-control-wrap your-prename-wrap\" style=\"display:none !important; visibility:hidden !important;\"><label for=\"wpcf7-69f70b9d4ed06-field\" class=\"hp-message\">Pozostaw to pole puste.<\/label><input id=\"wpcf7-69f70b9d4ed06-field\"  class=\"wpcf7-form-control wpcf7-text\" type=\"text\" name=\"your-prename\" value=\"\" size=\"40\" tabindex=\"-1\" autocomplete=\"new-password\" \/><\/span>\n\t<\/p>\n<\/div>\n<div class=\"mb-3\">\n\t<p><span class=\"wpcf7-form-control-wrap\" data-name=\"your-email\"><input size=\"40\" maxlength=\"400\" class=\"wpcf7-form-control wpcf7-email wpcf7-validates-as-required wpcf7-text wpcf7-validates-as-email form-control\" aria-required=\"true\" aria-invalid=\"false\" placeholder=\"E-mail (nie zostanie opublikowany)*\" value=\"\" type=\"email\" name=\"your-email\" \/><\/span>\n\t<\/p>\n<\/div>\n<div class=\"mb-3\">\n\t<p><span class=\"wpcf7-form-control-wrap\" data-name=\"your-message\"><textarea cols=\"40\" rows=\"10\" maxlength=\"2000\" class=\"wpcf7-form-control wpcf7-textarea form-control\" aria-invalid=\"false\" placeholder=\"Moja opinia\" name=\"your-message\"><\/textarea><\/span>\n\t<\/p>\n<\/div>\n<div class=\"mb-3\">\n\t<p><span class=\"wpcf7-form-control-wrap\" data-name=\"einverstaendnis\"><span class=\"wpcf7-form-control wpcf7-checkbox\"><span class=\"wpcf7-list-item first last\"><label class=\"custom-control custom-checkbox\"><input type=\"checkbox\" name=\"einverstaendnis[]\" value=\"Ich bin einverstanden mit der Ver\u00f6ffentlichung meiner Meinung auf der Praxiswebsite. Meine Einverst\u00e4ndnis kann ich jederzeit f\u00fcr die Zukunft widerrufen.\" class=\"custom-control-input\"><span class=\"wpcf7-list-item-label custom-control-label\">Wyra\u017cam zgod\u0119 na publikacj\u0119 mojej opinii na stronie internetowej praktyki. W ka\u017cdej chwili mog\u0119 odwo\u0142a\u0107 swoj\u0105 zgod\u0119 na przysz\u0142o\u015b\u0107.<\/span><\/label><\/span><\/span><\/span>\n\t<\/p>\n<\/div>\n<div class=\"mb-3 small\">\n\t<p>Pola oznaczone * s\u0105 polami obowi\u0105zkowymi.<br \/>\nSzczeg\u00f3\u0142owe informacje na temat przetwarzania danych u\u017cytkownik\u00f3w mo\u017cna znale\u017a\u0107 w naszym <a href=\"\/pl\/datenschutz\/\">Polityka prywatno\u015bci<\/a>.\n\t<\/p>\n<\/div>\n<div class=\"mb-0\">\n\t<p><input class=\"wpcf7-form-control wpcf7-submit has-spinner btn-block btn btn-primary btn-lg\" type=\"submit\" value=\"Wy\u015blij\" \/>\n\t<\/p>\n<\/div><div class=\"wpcf7-response-output\" aria-hidden=\"true\"><\/div>\n<input type=\"hidden\" name=\"trp-form-language\" value=\"pl\"\/><\/form>\n<\/div>\n\n<\/div>\r\n\t\t<\/div>\r\n\t<\/div>\r\n<\/section>","protected":false},"excerpt":{"rendered":"","protected":false},"author":1,"featured_media":0,"parent":0,"menu_order":6,"comment_status":"closed","ping_status":"closed","template":"","meta":{"_acf_changed":false,"inline_featured_image":false,"footnotes":""},"class_list":["post-1180","page","type-page","status-publish","hentry"],"acf":[],"_links":{"self":[{"href":"https:\/\/www.inuspherese-zentrum-dortmund-holzwickede.de\/pl\/wp-json\/wp\/v2\/pages\/1180","targetHints":{"allow":["GET"]}}],"collection":[{"href":"https:\/\/www.inuspherese-zentrum-dortmund-holzwickede.de\/pl\/wp-json\/wp\/v2\/pages"}],"about":[{"href":"https:\/\/www.inuspherese-zentrum-dortmund-holzwickede.de\/pl\/wp-json\/wp\/v2\/types\/page"}],"author":[{"embeddable":true,"href":"https:\/\/www.inuspherese-zentrum-dortmund-holzwickede.de\/pl\/wp-json\/wp\/v2\/users\/1"}],"replies":[{"embeddable":true,"href":"https:\/\/www.inuspherese-zentrum-dortmund-holzwickede.de\/pl\/wp-json\/wp\/v2\/comments?post=1180"}],"version-history":[{"count":1,"href":"https:\/\/www.inuspherese-zentrum-dortmund-holzwickede.de\/pl\/wp-json\/wp\/v2\/pages\/1180\/revisions"}],"predecessor-version":[{"id":2997,"href":"https:\/\/www.inuspherese-zentrum-dortmund-holzwickede.de\/pl\/wp-json\/wp\/v2\/pages\/1180\/revisions\/2997"}],"wp:attachment":[{"href":"https:\/\/www.inuspherese-zentrum-dortmund-holzwickede.de\/pl\/wp-json\/wp\/v2\/media?parent=1180"}],"curies":[{"name":"wp","href":"https:\/\/api.w.org\/{rel}","templated":true}]}}