{"id":1188,"date":"2022-05-04T13:35:32","date_gmt":"2022-05-04T11:35:32","guid":{"rendered":"https:\/\/www.ganzheitliche-arztpraxis-kronberg.de\/?page_id=1188"},"modified":"2024-07-09T09:33:47","modified_gmt":"2024-07-09T07:33:47","slug":"diagnostik","status":"publish","type":"page","link":"https:\/\/www.inuspherese-zentrum-dortmund-holzwickede.de\/pl\/diagnostik\/","title":{"rendered":"Diagnostyka"},"content":{"rendered":"<section id=\"content-standard-block_45769aecc8723cdbd71d6639218b0cd1\" class=\"content-standard bg-trans   text-default pt-md-5 pt-4 pb-md-5 pb-4\" >\r\n\t<div class=\"container\">\r\n    \t<div class=\"row\">\r\n\t\t\t<div class=\"col-12\"><div class=\"intro\">\n<p>W naszej holistycznej praktyce medycznej w Kronberg przeprowadzamy wybrane procedury diagnostyczne w oparciu o nasze do\u015bwiadczenie, aby dotrze\u0107 do sedna indywidualnych obaw:<\/p>\n<\/div>\n<\/div>\r\n\t\t<\/div>\r\n\t<\/div>\r\n<\/section>\n\n<section id=\"content-standard-block_0452d84b2e184802d1049f52a2d1893d\" class=\"content-standard bg-light   text-default pt-md-5 pt-4 pb-md-5 pb-4\" >\r\n\t<div class=\"container\">\r\n    \t<div class=\"row\">\r\n\t\t\t<div class=\"col-12\"><h2>Procedura diagnostyczna<span class=\"wichtig\"> w skr\u00f3cie<\/span><\/h2>\n<ul class=\"multicolumn\">\n<li><a href=\"#prognos\">Prognos Meridian Diagnostics (\"wi\u0119cej\")<\/a><\/li>\n<li>Badania krwi, moczu, ka\u0142u, \u015bliny i testy genetyczne<\/li>\n<li><a href=\"https:\/\/www.inuspherese-zentrum-dortmund-holzwickede.de\/pl\/schwerpunkte\/allergien-unvertraeglichkeiten\/\">Diagnostyka nietolerancji i alergii<\/a>Materia\u0142y dentystyczne, implanty, protezy staw\u00f3w, piercing, tatua\u017ce i zanieczyszczenia \u015brodowiska.<\/li>\n<li>Test \u015bliny na alergi\u0119 Salergo<\/li>\n<li><a href=\"https:\/\/www.inuspherese-zentrum-dortmund-holzwickede.de\/pl\/schwerpunkte\/allergien-unvertraeglichkeiten\/\">Diagnostyka nietolerancji pokarmowych<\/a>celiakia, zesp\u00f3\u0142 aktywacji kom\u00f3rek tucznych, pseudoalergie, alergie na owady<\/li>\n<li>Testy genetyczne do wykrywania zanieczyszcze\u0144<\/li>\n<li>Profil neurostresu<\/li>\n<li>Profil witaminowy i bia\u0142kowy<\/li>\n<li>Profil mineralny<\/li>\n<li>Profil metabolizmu t\u0142uszcz\u00f3w<\/li>\n<li>Diagnostyka przewlek\u0142ych zaka\u017ce\u0144<\/li>\n<li>Immunodiagnostyka<\/li>\n<li><a href=\"https:\/\/www.inuspherese-zentrum-dortmund-holzwickede.de\/pl\/schwerpunkte\/bioidentische-hormontherapie\/\">Profile hormonalne<\/a> z poradami dotycz\u0105cymi metabolizmu, odporno\u015bci na stres, zachowania podczas snu i wydajno\u015bci pami\u0119ci \/ depresji, libido<\/li>\n<\/ul>\n<\/div>\r\n\t\t<\/div>\r\n\t<\/div>\r\n<\/section>\n\n<a class=\"anker\" name=\"prognos\" id=\"prognos\">&nbsp;<\/a>\r\n\n\n<section id=\"content-standard-block_cb7c6ba0ac660a3ca95d4dc1bb21654f\" class=\"content-cols bg-trans   text-default pt-md-5 pt-4 pb-md-5 pb-4\" >\r\n\t<div class=\"container\">\r\n    \t<div class=\"row mb-md-0 mb-n3 align-items-center\">\r\n\t\t\t\t\t\t\t<div class=\"col-lg-4 mb-lg-0 mb-3 bobbel-wrapper ml-auto mr-auto\">\r\n\t\t\t\t\t<div class=\"bobbel\">\n<p><img loading=\"lazy\" decoding=\"async\" class=\"rounded-circle alignnone wp-image-2084 size-big_thumbnail\" src=\"https:\/\/www.ganzheitliche-arztpraxis-kronberg.de\/wp-content\/uploads\/2022\/06\/AdobeStock_52723787-480x480.jpeg\" alt=\"Ganzheitliche Diagnostik\" width=\"480\" height=\"480\" srcset=\"https:\/\/www.inuspherese-zentrum-dortmund-holzwickede.de\/wp-content\/uploads\/2022\/06\/AdobeStock_52723787-480x480.jpeg 480w, https:\/\/www.inuspherese-zentrum-dortmund-holzwickede.de\/wp-content\/uploads\/2022\/06\/AdobeStock_52723787-300x300.jpeg 300w, https:\/\/www.inuspherese-zentrum-dortmund-holzwickede.de\/wp-content\/uploads\/2022\/06\/AdobeStock_52723787-100x100.jpeg 100w\" sizes=\"auto, (max-width: 480px) 100vw, 480px\" \/><\/p>\n<\/div>\n\t\t\t\t<\/div>\r\n\t\t\t\t\t\t\t<div class=\"col-lg-8 mb-lg-0 mb-3\">\r\n\t\t\t\t\t<h2>Prognos <span class=\"wichtig\">Diagnostyka Meridian<\/span><\/h2>\n<p style=\"font-weight: 400;\">Prognos Meridian Diagnostics to system diagnostyczny z zaleceniami terapeutycznymi opartymi na\u00a0<strong>T<\/strong>tradycyjny <strong>C<\/strong>chi\u0144ski\u00a0<strong>M<\/strong>medycyna (TCM).<\/p>\n<p style=\"font-weight: 400;\">Meridiany to kana\u0142y energetyczne organizmu. Tworz\u0105 one bardzo wra\u017cliwy, a jednocze\u015bnie wysoce wydajny system.<\/p>\n<p style=\"font-weight: 400;\">W tradycyjnej medycynie chi\u0144skiej zak\u0142ada si\u0119, \u017ce deficyt energii w obszarze meridian\u00f3w mo\u017ce prowadzi\u0107 do dolegliwo\u015bci organicznych i psychologicznych, je\u015bli utrzymuje si\u0119 przez d\u0142ugi czas.<\/p>\n<p style=\"font-weight: 400;\">Dzi\u0119ki diagnostyce meridianowej mo\u017cliwe jest wykrycie deficyt\u00f3w i skompensowanie ich za pomoc\u0105 naturalnych metod na d\u0142ugo przed pojawieniem si\u0119 objaw\u00f3w.<\/p>\n<p>Dzi\u0119ki szczeg\u00f3\u0142owym dodatkowym seriom pomiar\u00f3w mo\u017ce by\u0107 mo\u017cliwe rozpoznanie nowych odkry\u0107 i \u017ar\u00f3de\u0142 niejednoznacznych obraz\u00f3w klinicznych, takich jak stres geopatyczny, choroby grzybicze, wirusy i paso\u017cyty.<\/p>\n\t\t\t\t<\/div>\r\n\t\t\t\t\t<\/div>\r\n\t<\/div>\r\n<\/section>","protected":false},"excerpt":{"rendered":"","protected":false},"author":1,"featured_media":0,"parent":0,"menu_order":4,"comment_status":"closed","ping_status":"closed","template":"","meta":{"_acf_changed":false,"inline_featured_image":false,"footnotes":""},"class_list":["post-1188","page","type-page","status-publish","hentry"],"acf":[],"_links":{"self":[{"href":"https:\/\/www.inuspherese-zentrum-dortmund-holzwickede.de\/pl\/wp-json\/wp\/v2\/pages\/1188","targetHints":{"allow":["GET"]}}],"collection":[{"href":"https:\/\/www.inuspherese-zentrum-dortmund-holzwickede.de\/pl\/wp-json\/wp\/v2\/pages"}],"about":[{"href":"https:\/\/www.inuspherese-zentrum-dortmund-holzwickede.de\/pl\/wp-json\/wp\/v2\/types\/page"}],"author":[{"embeddable":true,"href":"https:\/\/www.inuspherese-zentrum-dortmund-holzwickede.de\/pl\/wp-json\/wp\/v2\/users\/1"}],"replies":[{"embeddable":true,"href":"https:\/\/www.inuspherese-zentrum-dortmund-holzwickede.de\/pl\/wp-json\/wp\/v2\/comments?post=1188"}],"version-history":[{"count":1,"href":"https:\/\/www.inuspherese-zentrum-dortmund-holzwickede.de\/pl\/wp-json\/wp\/v2\/pages\/1188\/revisions"}],"predecessor-version":[{"id":3009,"href":"https:\/\/www.inuspherese-zentrum-dortmund-holzwickede.de\/pl\/wp-json\/wp\/v2\/pages\/1188\/revisions\/3009"}],"wp:attachment":[{"href":"https:\/\/www.inuspherese-zentrum-dortmund-holzwickede.de\/pl\/wp-json\/wp\/v2\/media?parent=1188"}],"curies":[{"name":"wp","href":"https:\/\/api.w.org\/{rel}","templated":true}]}}