{"id":1191,"date":"2022-05-04T13:35:53","date_gmt":"2022-05-04T11:35:53","guid":{"rendered":"https:\/\/www.ganzheitliche-arztpraxis-kronberg.de\/?page_id=1191"},"modified":"2024-07-09T09:35:44","modified_gmt":"2024-07-09T07:35:44","slug":"therapie","status":"publish","type":"page","link":"https:\/\/www.inuspherese-zentrum-dortmund-holzwickede.de\/pl\/therapie\/","title":{"rendered":"Metody terapii"},"content":{"rendered":"<section id=\"content-standard-block_01ee41000def45b35613d1ae862373ec\" class=\"content-standard bg-trans   text-default pt-md-5 pt-4 pb-md-5 pb-4\" >\r\n\t<div class=\"container\">\r\n    \t<div class=\"row\">\r\n\t\t\t<div class=\"col-12\"><div class=\"intro\">\n<p>Terapia holistyczna oznacza umo\u017cliwienie organizmowi ponownej samoregulacji, a tym samym aktywacj\u0119 jego zdolno\u015bci samoleczenia.<\/p>\n<\/div>\n<\/div>\r\n\t\t<\/div>\r\n\t<\/div>\r\n<\/section>\n\n<section id=\"content-standard-block_47946c8701c75d8085c505f688717d22\" class=\"content-cols bg-light   text-default pt-md-5 pt-4 pb-md-5 pb-4\" >\r\n\t<div class=\"container\">\r\n    \t<div class=\"row mb-md-0 mb-n3 align-items-start\">\r\n\t\t\t\t\t\t\t<div class=\"col-lg-3 mb-lg-0 mb-3 pb-5 bobbel-wrapper ml-auto mr-auto\">\r\n\t\t\t\t\t<div class=\"bobbel\">\n<p><img loading=\"lazy\" decoding=\"async\" class=\"alignnone wp-image-2084 size-big_thumbnail\" src=\"https:\/\/www.ganzheitliche-arztpraxis-kronberg.de\/wp-content\/uploads\/2022\/06\/AdobeStock_52723787-480x480.jpeg\" alt=\"Ganzheitliche Diagnostik\" width=\"480\" height=\"480\" srcset=\"https:\/\/www.inuspherese-zentrum-dortmund-holzwickede.de\/wp-content\/uploads\/2022\/06\/AdobeStock_52723787-480x480.jpeg 480w, https:\/\/www.inuspherese-zentrum-dortmund-holzwickede.de\/wp-content\/uploads\/2022\/06\/AdobeStock_52723787-300x300.jpeg 300w, https:\/\/www.inuspherese-zentrum-dortmund-holzwickede.de\/wp-content\/uploads\/2022\/06\/AdobeStock_52723787-100x100.jpeg 100w\" sizes=\"auto, (max-width: 480px) 100vw, 480px\" \/><\/p>\n<\/div>\n\t\t\t\t<\/div>\r\n\t\t\t\t\t\t\t<div class=\"col-lg-9 mb-lg-0 mb-3 pb-5 pl-lg-5\">\r\n\t\t\t\t\t<h4>Diagnostyka i terapia meridianowa Prognos<\/h4>\n<p><strong>Cele i podej\u015bcia terapeutyczne diagnostyki meridianowej<\/strong><\/p>\n<ul class=\"onecolumn\">\n<li><strong>Zapobieganie:\u00a0<\/strong>Identyfikacja odchyle\u0144 od bilansu energetycznego i zalecanie \u015brodk\u00f3w zapobiegawczych<\/li>\n<li><strong>Sprawdzanie systemu meridian\u00f3w <\/strong>dla zapobiegania<\/li>\n<li><strong>Choroby przewlek\u0142e: <\/strong>Identyfikacja indywidualnych przyczyn<\/li>\n<li>Przywr\u00f3cenie <strong>stan naturalny<\/strong><\/li>\n<li>Wykrywanie <strong>bariery psychologiczne<\/strong> i potencja\u0142y dla <strong>rozw\u00f3j osobisty<\/strong><\/li>\n<li><strong>Wykrywanie p\u00f3l zak\u0142\u00f3ce\u0144,\u00a0<\/strong>na przyk\u0142ad w stomatologii, w przypadku chor\u00f3b grzybiczych, wirus\u00f3w i paso\u017cyt\u00f3w<\/li>\n<li><strong>Obserwacja i ocena terapii:\u00a0<\/strong>Mo\u017cliwo\u015b\u0107 monitorowania przebiegu terapii<\/li>\n<li><strong>Testowanie lek\u00f3w, materia\u0142\u00f3w dentystycznych <\/strong><strong>&amp; jedzenie: <\/strong>Nietolerancja niekt\u00f3rych lek\u00f3w \/ pokarm\u00f3w i materia\u0142\u00f3w wype\u0142niaj\u0105cych mo\u017ce by\u0107 okre\u015blona przed ich u\u017cyciem.<\/li>\n<\/ul>\n\t\t\t\t<\/div>\r\n\t\t\t\t\t\t\t<div class=\"col-lg-3 mb-lg-0 mb-3 pb-5 bobbel-wrapper ml-auto mr-auto\">\r\n\t\t\t\t\t<div class=\"bobbel\">\n<p><img loading=\"lazy\" decoding=\"async\" class=\"alignnone wp-image-1320 size-big_thumbnail\" title=\"Medycyna ortomolekularna\" src=\"https:\/\/www.ganzheitliche-arztpraxis-kronberg.de\/wp-content\/uploads\/2022\/05\/vegetables-790022_1920-480x480.jpg\" alt=\"Orthomolekulare Medizin\" width=\"480\" height=\"480\" srcset=\"https:\/\/www.inuspherese-zentrum-dortmund-holzwickede.de\/wp-content\/uploads\/2022\/05\/vegetables-790022_1920-480x480.jpg 480w, https:\/\/www.inuspherese-zentrum-dortmund-holzwickede.de\/wp-content\/uploads\/2022\/05\/vegetables-790022_1920-300x300.jpg 300w, https:\/\/www.inuspherese-zentrum-dortmund-holzwickede.de\/wp-content\/uploads\/2022\/05\/vegetables-790022_1920-100x100.jpg 100w\" sizes=\"auto, (max-width: 480px) 100vw, 480px\" \/><\/p>\n<\/div>\n\t\t\t\t<\/div>\r\n\t\t\t\t\t\t\t<div class=\"col-lg-9 mb-lg-0 mb-3 pb-5 pl-lg-5\">\r\n\t\t\t\t\t<h4>Medycyna ortomolekularna<\/h4>\n<p>Terapia witaminowo-mineralna: optymalizacja sk\u0142adnik\u00f3w od\u017cywczych w kom\u00f3rkach!<\/p>\n\t\t\t\t<\/div>\r\n\t\t\t\t\t\t\t<div class=\"col-lg-3 mb-lg-0 mb-3 pb-5 bobbel-wrapper ml-auto mr-auto\">\r\n\t\t\t\t\t<div class=\"bobbel\">\n<p><img loading=\"lazy\" decoding=\"async\" class=\"alignnone wp-image-2123 size-big_thumbnail\" src=\"https:\/\/www.ganzheitliche-arztpraxis-kronberg.de\/wp-content\/uploads\/2022\/06\/AdobeStock_334126305-480x480.jpeg\" alt=\"Ganzheitliche Laboruntersuchungen\" width=\"480\" height=\"480\" srcset=\"https:\/\/www.inuspherese-zentrum-dortmund-holzwickede.de\/wp-content\/uploads\/2022\/06\/AdobeStock_334126305-480x480.jpeg 480w, https:\/\/www.inuspherese-zentrum-dortmund-holzwickede.de\/wp-content\/uploads\/2022\/06\/AdobeStock_334126305-300x300.jpeg 300w, https:\/\/www.inuspherese-zentrum-dortmund-holzwickede.de\/wp-content\/uploads\/2022\/06\/AdobeStock_334126305-100x100.jpeg 100w\" sizes=\"auto, (max-width: 480px) 100vw, 480px\" \/><\/p>\n<\/div>\n\t\t\t\t<\/div>\r\n\t\t\t\t\t\t\t<div class=\"col-lg-9 mb-lg-0 mb-3 pb-5 pl-lg-5\">\r\n\t\t\t\t\t<h4>Testy laboratoryjne<\/h4>\n<p>Przyjmowanie suplement\u00f3w diety tylko dlatego, \u017ce zosta\u0142y nam polecone, jest jak rzucanie s\u0142odyczy w t\u0142um ludzi. Mo\u017cesz spotka\u0107 jedn\u0105 lub dwie osoby, kt\u00f3re maj\u0105 apetyt na s\u0142odycze (stan niedoboru) - ale mo\u017cesz te\u017c zaburzy\u0107 istniej\u0105c\u0105 r\u00f3wnowag\u0119, poniewa\u017c wszyscy w t\u0142umie rzuc\u0105 si\u0119 na s\u0142odycze i nast\u0105pi zamieszanie.<\/p>\n<p>W\u0142a\u015bnie dlatego u\u017cywamy test\u00f3w laboratoryjnych (krew, mocz, \u015blina) i Prognos Meridian Diagnostics, aby okre\u015bli\u0107 stan metaboliczny i niedob\u00f3r sk\u0142adnik\u00f3w od\u017cywczych. I tylko te powiniene\u015b przyjmowa\u0107!<\/p>\n\t\t\t\t<\/div>\r\n\t\t\t\t\t\t\t<div class=\"col-lg-3 mb-lg-0 mb-3 pb-5 bobbel-wrapper ml-auto mr-auto\">\r\n\t\t\t\t\t<div class=\"bobbel\">\n<p><img loading=\"lazy\" decoding=\"async\" class=\"alignnone wp-image-2404 size-medium\" title=\"Eliminacja pola zak\u0142\u00f3ce\u0144\" src=\"https:\/\/www.ganzheitliche-arztpraxis-kronberg.de\/wp-content\/uploads\/2022\/06\/AdobeStock_312518359-scaled-e1656333630255-600x600.jpeg\" alt=\"St\u00f6rfeldbeseitigung\" width=\"600\" height=\"600\" srcset=\"https:\/\/www.inuspherese-zentrum-dortmund-holzwickede.de\/wp-content\/uploads\/2022\/06\/AdobeStock_312518359-scaled-e1656333630255-600x600.jpeg 600w, https:\/\/www.inuspherese-zentrum-dortmund-holzwickede.de\/wp-content\/uploads\/2022\/06\/AdobeStock_312518359-scaled-e1656333630255-1200x1200.jpeg 1200w, https:\/\/www.inuspherese-zentrum-dortmund-holzwickede.de\/wp-content\/uploads\/2022\/06\/AdobeStock_312518359-scaled-e1656333630255-300x300.jpeg 300w, https:\/\/www.inuspherese-zentrum-dortmund-holzwickede.de\/wp-content\/uploads\/2022\/06\/AdobeStock_312518359-scaled-e1656333630255-800x800.jpeg 800w, https:\/\/www.inuspherese-zentrum-dortmund-holzwickede.de\/wp-content\/uploads\/2022\/06\/AdobeStock_312518359-scaled-e1656333630255-1536x1536.jpeg 1536w, https:\/\/www.inuspherese-zentrum-dortmund-holzwickede.de\/wp-content\/uploads\/2022\/06\/AdobeStock_312518359-scaled-e1656333630255-480x480.jpeg 480w, https:\/\/www.inuspherese-zentrum-dortmund-holzwickede.de\/wp-content\/uploads\/2022\/06\/AdobeStock_312518359-scaled-e1656333630255-100x100.jpeg 100w, https:\/\/www.inuspherese-zentrum-dortmund-holzwickede.de\/wp-content\/uploads\/2022\/06\/AdobeStock_312518359-scaled-e1656333630255.jpeg 1708w\" sizes=\"auto, (max-width: 600px) 100vw, 600px\" \/><\/p>\n<\/div>\n\t\t\t\t<\/div>\r\n\t\t\t\t\t\t\t<div class=\"col-lg-9 mb-lg-0 mb-3 pb-5 pl-lg-5\">\r\n\t\t\t\t\t<h4>Eliminacja pola zak\u0142\u00f3ce\u0144<\/h4>\n<p>Opr\u00f3cz opieki medycznej i terapeutycznej bardzo wa\u017cne jest, aby\u015b \u017cy\u0142 w dobrym \u015brodowisku, np. w du\u017cej mierze wolnym od elektrosmogu. Wspieramy Ci\u0119 w rozpoznawaniu mo\u017cliwych zak\u0142\u00f3caj\u0105cych wp\u0142yw\u00f3w wewn\u0119trznych i zewn\u0119trznych, aby zapewni\u0107 Ci jak najlepsze wsparcie w utrzymaniu r\u00f3wnowagi.<\/p>\n\t\t\t\t<\/div>\r\n\t\t\t\t\t\t\t<div class=\"col-lg-3 mb-lg-0 mb-3 pb-5 bobbel-wrapper ml-auto mr-auto\">\r\n\t\t\t\t\t<div class=\"bobbel\">\n<p><img loading=\"lazy\" decoding=\"async\" class=\"alignnone wp-image-1992 size-medium\" title=\"Eliminacja pola zak\u0142\u00f3ce\u0144\" src=\"https:\/\/www.ganzheitliche-arztpraxis-kronberg.de\/wp-content\/uploads\/2022\/06\/AdobeStock_186990770-1-e1654983667744-600x600.jpeg\" alt=\"Schmerz-Therapie\" width=\"600\" height=\"600\" srcset=\"https:\/\/www.inuspherese-zentrum-dortmund-holzwickede.de\/wp-content\/uploads\/2022\/06\/AdobeStock_186990770-1-e1654983667744-600x600.jpeg 600w, https:\/\/www.inuspherese-zentrum-dortmund-holzwickede.de\/wp-content\/uploads\/2022\/06\/AdobeStock_186990770-1-e1654983667744-300x300.jpeg 300w, https:\/\/www.inuspherese-zentrum-dortmund-holzwickede.de\/wp-content\/uploads\/2022\/06\/AdobeStock_186990770-1-e1654983667744-800x800.jpeg 800w, https:\/\/www.inuspherese-zentrum-dortmund-holzwickede.de\/wp-content\/uploads\/2022\/06\/AdobeStock_186990770-1-e1654983667744-1200x1200.jpeg 1200w, https:\/\/www.inuspherese-zentrum-dortmund-holzwickede.de\/wp-content\/uploads\/2022\/06\/AdobeStock_186990770-1-e1654983667744-480x480.jpeg 480w, https:\/\/www.inuspherese-zentrum-dortmund-holzwickede.de\/wp-content\/uploads\/2022\/06\/AdobeStock_186990770-1-e1654983667744-100x100.jpeg 100w, https:\/\/www.inuspherese-zentrum-dortmund-holzwickede.de\/wp-content\/uploads\/2022\/06\/AdobeStock_186990770-1-e1654983667744.jpeg 1521w\" sizes=\"auto, (max-width: 600px) 100vw, 600px\" \/><\/p>\n<\/div>\n\t\t\t\t<\/div>\r\n\t\t\t\t\t\t\t<div class=\"col-lg-9 mb-lg-0 mb-3 pb-5 pl-lg-5\">\r\n\t\t\t\t\t<h4>B\u00f3l<\/h4>\n<p>Rozs\u0105dne po\u0142\u0105czenie r\u00f3\u017cnych metod holistycznych.<\/p>\n<p><a class=\"btn btn-lg btn-outline-primary\" href=\"https:\/\/www.inuspherese-zentrum-dortmund-holzwickede.de\/pl\/schwerpunkte\/schmerz-therapie\/\">Wi\u0119cej informacji<\/a><\/p>\n\t\t\t\t<\/div>\r\n\t\t\t\t\t\t\t<div class=\"col-lg-3 mb-lg-0 mb-3 pb-5 bobbel-wrapper ml-auto mr-auto\">\r\n\t\t\t\t\t<div class=\"bobbel\">\n<p><img loading=\"lazy\" decoding=\"async\" class=\"alignnone wp-image-2125 size-medium\" src=\"https:\/\/www.ganzheitliche-arztpraxis-kronberg.de\/wp-content\/uploads\/2022\/06\/AdobeStock_191682556-600x380.jpeg\" alt=\"Stressreduktion\" width=\"600\" height=\"380\" srcset=\"https:\/\/www.inuspherese-zentrum-dortmund-holzwickede.de\/wp-content\/uploads\/2022\/06\/AdobeStock_191682556-600x380.jpeg 600w, https:\/\/www.inuspherese-zentrum-dortmund-holzwickede.de\/wp-content\/uploads\/2022\/06\/AdobeStock_191682556-1200x761.jpeg 1200w, https:\/\/www.inuspherese-zentrum-dortmund-holzwickede.de\/wp-content\/uploads\/2022\/06\/AdobeStock_191682556-800x507.jpeg 800w, https:\/\/www.inuspherese-zentrum-dortmund-holzwickede.de\/wp-content\/uploads\/2022\/06\/AdobeStock_191682556-1536x974.jpeg 1536w, https:\/\/www.inuspherese-zentrum-dortmund-holzwickede.de\/wp-content\/uploads\/2022\/06\/AdobeStock_191682556-2048x1298.jpeg 2048w\" sizes=\"auto, (max-width: 600px) 100vw, 600px\" \/><\/p>\n<\/div>\n\t\t\t\t<\/div>\r\n\t\t\t\t\t\t\t<div class=\"col-lg-9 mb-lg-0 mb-3 pb-5 pl-lg-5\">\r\n\t\t\t\t\t<h4>Stres<\/h4>\n<p>Przez wiele lat stres i wynikaj\u0105ce z niego choroby (takie jak wypalenie zawodowe, wysokie ci\u015bnienie krwi itp.) by\u0142y istotnym czynnikiem wp\u0142ywaj\u0105cym na zdrowie populacji. Stres zmniejsza wydajno\u015b\u0107, poniewa\u017c wa\u017cne sk\u0142adniki od\u017cywcze s\u0105 wyczerpane, a uk\u0142ad odporno\u015bciowy cierpi. Rezultatem jest b\u0142\u0119dne ko\u0142o, poniewa\u017c zwi\u0119kszony wysi\u0142ek nieuchronnie prowadzi do wi\u0119kszego stresu. Zwi\u0119kszony stres powoduje wi\u0119ksze zu\u017cycie sk\u0142adnik\u00f3w od\u017cywczych. A je\u015bli nie zostan\u0105 one uzupe\u0142nione, wydajno\u015b\u0107 nadal spada.<\/p>\n<p>Dlatego badamy indywidualne zapotrzebowanie na witaminy i sk\u0142adniki od\u017cywcze, analizujemy wszelkie zaburzenia r\u00f3wnowagi w autonomicznym uk\u0142adzie nerwowym i sprawdzamy r\u00f3wnowag\u0119 hormonaln\u0105 pod k\u0105tem oznak stresu nerwowego. Dzi\u0119ki tym analizom mo\u017cemy pom\u00f3c ci odzyska\u0107 wi\u0119cej witalno\u015bci i wydajno\u015bci.<\/p>\n<p><a class=\"btn btn-lg btn-outline-primary\" href=\"https:\/\/www.inuspherese-zentrum-dortmund-holzwickede.de\/pl\/schwerpunkte\/stress-erschoepfung\/\">Wi\u0119cej o stresie i wyczerpaniu<\/a><\/p>\n\t\t\t\t<\/div>\r\n\t\t\t\t\t\t\t<div class=\"col-lg-3 mb-lg-0 mb-3 pb-5 bobbel-wrapper ml-auto mr-auto\">\r\n\t\t\t\t\t<div class=\"bobbel\">\n<p><img loading=\"lazy\" decoding=\"async\" class=\"alignnone wp-image-1961 size-medium\" src=\"https:\/\/www.ganzheitliche-arztpraxis-kronberg.de\/wp-content\/uploads\/2022\/06\/AdobeStock_499223182-600x400.jpeg\" alt=\"Darm-Gesundheit\" width=\"600\" height=\"400\" srcset=\"https:\/\/www.inuspherese-zentrum-dortmund-holzwickede.de\/wp-content\/uploads\/2022\/06\/AdobeStock_499223182-600x400.jpeg 600w, https:\/\/www.inuspherese-zentrum-dortmund-holzwickede.de\/wp-content\/uploads\/2022\/06\/AdobeStock_499223182-800x534.jpeg 800w, https:\/\/www.inuspherese-zentrum-dortmund-holzwickede.de\/wp-content\/uploads\/2022\/06\/AdobeStock_499223182-1200x801.jpeg 1200w, https:\/\/www.inuspherese-zentrum-dortmund-holzwickede.de\/wp-content\/uploads\/2022\/06\/AdobeStock_499223182-1536x1025.jpeg 1536w, https:\/\/www.inuspherese-zentrum-dortmund-holzwickede.de\/wp-content\/uploads\/2022\/06\/AdobeStock_499223182-2048x1367.jpeg 2048w\" sizes=\"auto, (max-width: 600px) 100vw, 600px\" \/><\/p>\n<\/div>\n\t\t\t\t<\/div>\r\n\t\t\t\t\t\t\t<div class=\"col-lg-9 mb-lg-0 mb-3 pb-5 pl-lg-5\">\r\n\t\t\t\t\t<h4>Wzmocnienie uk\u0142adu odporno\u015bciowego<\/h4>\n<p>Ponad 80% naszego uk\u0142adu odporno\u015bciowego znajduje si\u0119 w jelitach. R\u00f3\u017cne czynniki zewn\u0119trzne mog\u0105 mie\u0107 niepo\u017c\u0105dany wp\u0142yw na ten z\u0142o\u017cony organizm. Wspieramy jelita w ich naturalnej r\u00f3wnowadze poprzez zr\u00f3\u017cnicowan\u0105 diagnostyk\u0119 laboratoryjn\u0105 i indywidualne strategie terapeutyczne.<\/p>\n\t\t\t\t<\/div>\r\n\t\t\t\t\t\t\t<div class=\"col-lg-3 mb-lg-0 mb-3 pb-5 bobbel-wrapper ml-auto mr-auto\">\r\n\t\t\t\t\t<div class=\"bobbel\">\n<p><img loading=\"lazy\" decoding=\"async\" class=\"alignnone wp-image-1990 size-medium\" src=\"https:\/\/www.ganzheitliche-arztpraxis-kronberg.de\/wp-content\/uploads\/2022\/06\/AdobeStock_432637966-1-e1654983363510-600x600.jpeg\" alt=\"Bioidentische Hormontherapie\" width=\"600\" height=\"600\" srcset=\"https:\/\/www.inuspherese-zentrum-dortmund-holzwickede.de\/wp-content\/uploads\/2022\/06\/AdobeStock_432637966-1-e1654983363510-600x599.jpeg 600w, https:\/\/www.inuspherese-zentrum-dortmund-holzwickede.de\/wp-content\/uploads\/2022\/06\/AdobeStock_432637966-1-e1654983363510-300x300.jpeg 300w, https:\/\/www.inuspherese-zentrum-dortmund-holzwickede.de\/wp-content\/uploads\/2022\/06\/AdobeStock_432637966-1-e1654983363510-800x798.jpeg 800w, https:\/\/www.inuspherese-zentrum-dortmund-holzwickede.de\/wp-content\/uploads\/2022\/06\/AdobeStock_432637966-1-e1654983363510-480x480.jpeg 480w, https:\/\/www.inuspherese-zentrum-dortmund-holzwickede.de\/wp-content\/uploads\/2022\/06\/AdobeStock_432637966-1-e1654983363510-100x100.jpeg 100w, https:\/\/www.inuspherese-zentrum-dortmund-holzwickede.de\/wp-content\/uploads\/2022\/06\/AdobeStock_432637966-1-e1654983363510.jpeg 1046w\" sizes=\"auto, (max-width: 600px) 100vw, 600px\" \/><\/p>\n<\/div>\n\t\t\t\t<\/div>\r\n\t\t\t\t\t\t\t<div class=\"col-lg-9 mb-lg-0 mb-3 pb-5 pl-lg-5\">\r\n\t\t\t\t\t<h4>Bioidentyczna terapia hormonalna<\/h4>\n<p>Dowiedz si\u0119, w jaki spos\u00f3b niedobory i brak r\u00f3wnowagi hormonalnej mog\u0105 by\u0107 fizjologicznie powi\u0105zane z objawami i z jakimi alternatywami mamy dobre do\u015bwiadczenia.<\/p>\n<p><a class=\"btn btn-lg btn-outline-primary\" href=\"https:\/\/www.inuspherese-zentrum-dortmund-holzwickede.de\/pl\/schwerpunkte\/bioidentische-hormontherapie\/\">Wi\u0119cej informacji<\/a><\/p>\n\t\t\t\t<\/div>\r\n\t\t\t\t\t\t\t<div class=\"col-lg-3 mb-lg-0 mb-3 pb-5 bobbel-wrapper ml-auto mr-auto\">\r\n\t\t\t\t\t<div class=\"bobbel\">\n<p><img loading=\"lazy\" decoding=\"async\" class=\"alignnone wp-image-2403 size-medium\" src=\"https:\/\/www.ganzheitliche-arztpraxis-kronberg.de\/wp-content\/uploads\/2022\/06\/AdobeStock_498543453-600x400.jpeg\" alt=\"Infusionstherapien\" width=\"600\" height=\"400\" srcset=\"https:\/\/www.inuspherese-zentrum-dortmund-holzwickede.de\/wp-content\/uploads\/2022\/06\/AdobeStock_498543453-600x400.jpeg 600w, https:\/\/www.inuspherese-zentrum-dortmund-holzwickede.de\/wp-content\/uploads\/2022\/06\/AdobeStock_498543453-1200x800.jpeg 1200w, https:\/\/www.inuspherese-zentrum-dortmund-holzwickede.de\/wp-content\/uploads\/2022\/06\/AdobeStock_498543453-800x534.jpeg 800w, https:\/\/www.inuspherese-zentrum-dortmund-holzwickede.de\/wp-content\/uploads\/2022\/06\/AdobeStock_498543453-1536x1025.jpeg 1536w\" sizes=\"auto, (max-width: 600px) 100vw, 600px\" \/><\/p>\n<\/div>\n\t\t\t\t<\/div>\r\n\t\t\t\t\t\t\t<div class=\"col-lg-9 mb-lg-0 mb-3 pb-5 pl-lg-5\">\r\n\t\t\t\t\t<h4>Terapie infuzyjne<\/h4>\n<p>Napary mog\u0105 wspiera\u0107 homeostaz\u0119 - r\u00f3wnowag\u0119 cia\u0142a, umys\u0142u i duszy. W przeciwie\u0144stwie do doustnych suplement\u00f3w diety, kt\u00f3re s\u0105 wch\u0142aniane do organizmu przez przew\u00f3d pokarmowy, substancje witalne w infuzji dostaj\u0105 si\u0119 bezpo\u015brednio do krwiobiegu. Terapia infuzyjna jest zalecana indywidualnie po przeprowadzeniu szczeg\u00f3\u0142owego wywiadu medycznego i przy wsparciu warto\u015bci laboratoryjnych. Infuzje mog\u0105 by\u0107 stosowane do dostarczania organizmowi aminokwas\u00f3w, witamin, minera\u0142\u00f3w, pierwiastk\u00f3w \u015bladowych, enzym\u00f3w i elektrolit\u00f3w.<\/p>\n<p>Terapie infuzyjne mog\u0105 pom\u00f3c w<\/p>\n<ol>\n<li>Wzmocnienie mechanizm\u00f3w obronnych organizmu<\/li>\n<li>Regulacja metabolizmu<\/li>\n<li>Wzmocnienie sk\u00f3ry, w\u0142os\u00f3w i paznokci<\/li>\n<li>Regulacja stan\u00f3w stresu i wyczerpania<\/li>\n<li>Poprawa witalno\u015bci i si\u0142y nerwowej<\/li>\n<li>Detoksykacja<\/li>\n<\/ol>\n\t\t\t\t<\/div>\r\n\t\t\t\t\t\t\t<div class=\"col-lg-3 mb-lg-0 mb-3 pb-5 bobbel-wrapper ml-auto mr-auto\">\r\n\t\t\t\t\t<div class=\"bobbel\">\n<p><img loading=\"lazy\" decoding=\"async\" class=\"alignnone wp-image-2124 size-medium\" src=\"https:\/\/www.ganzheitliche-arztpraxis-kronberg.de\/wp-content\/uploads\/2022\/06\/AdobeStock_120199300-600x400.jpeg\" alt=\"IHHT\" width=\"600\" height=\"400\" srcset=\"https:\/\/www.inuspherese-zentrum-dortmund-holzwickede.de\/wp-content\/uploads\/2022\/06\/AdobeStock_120199300-600x400.jpeg 600w, https:\/\/www.inuspherese-zentrum-dortmund-holzwickede.de\/wp-content\/uploads\/2022\/06\/AdobeStock_120199300-1200x801.jpeg 1200w, https:\/\/www.inuspherese-zentrum-dortmund-holzwickede.de\/wp-content\/uploads\/2022\/06\/AdobeStock_120199300-800x534.jpeg 800w, https:\/\/www.inuspherese-zentrum-dortmund-holzwickede.de\/wp-content\/uploads\/2022\/06\/AdobeStock_120199300-1536x1025.jpeg 1536w, https:\/\/www.inuspherese-zentrum-dortmund-holzwickede.de\/wp-content\/uploads\/2022\/06\/AdobeStock_120199300-2048x1367.jpeg 2048w\" sizes=\"auto, (max-width: 600px) 100vw, 600px\" \/><\/p>\n<\/div>\n\t\t\t\t<\/div>\r\n\t\t\t\t\t\t\t<div class=\"col-lg-9 mb-lg-0 mb-3 pb-5 pl-lg-5\">\r\n\t\t\t\t\t<h4>Przerywany trening hipoksja-hiperoksja (IHHT)<\/h4>\n<p>Trening wysoko\u015bciowy lub kom\u00f3rkowy na wysoko\u015bci do 6500 metr\u00f3w w \u015brodku miasta.<\/p>\n<p>Naturopatia postuluje zwi\u0105zek mi\u0119dzy uk\u0142adem odporno\u015bciowym, kr\u0105\u017ceniem hormonalnym i metabolizmem. Trening wykorzystuje to za\u0142o\u017cenie w celu optymalizacji metabolizmu. Obejmuje r\u00f3wnie\u017c programy, kt\u00f3re mo\u017cna dostosowa\u0107 do osobistej odporno\u015bci na stres, koncentracji i zdolno\u015bci uczenia si\u0119.<\/p>\n<p><strong>Jak dzia\u0142a terapia hipoksj\u0105<\/strong><\/p>\n<p>Ka\u017cda kom\u00f3rka sk\u0142ada si\u0119 z niezliczonych \"elektrowni\", mitochondri\u00f3w, kt\u00f3re s\u0105 odpowiedzialne za dostarczanie energii w organizmie.<\/p>\n<p>Chorzy ludzie maj\u0105 znaczny odsetek mitochondri\u00f3w, kt\u00f3re s\u0105 tylko w jednej trzeciej funkcjonalne, a zatem wytwarzaj\u0105 tylko jedn\u0105 trzeci\u0105 ich rzeczywistej wydajno\u015bci. Konsekwencj\u0105 tego jest zm\u0119czenie, brak energii, dysfunkcja narz\u0105d\u00f3w i szybsze starzenie si\u0119 ka\u017cdej kom\u00f3rki w organizmie.<\/p>\n<p>Z naturopatycznego punktu widzenia, terapia niedotlenienia jest ukierunkowana na mitochondria kom\u00f3rek i tworzy przestrze\u0144 dla nowych elektrowni.<\/p>\n<p>Terapia mitopro-hypoxia polega na oddychaniu pod mask\u0105 tlenow\u0105 przez 30 do 45 minut. W zale\u017cno\u015bci od schorzenia konieczne b\u0119dzie odbycie od 10 do 30 wizyt, z kt\u00f3rych ka\u017cda b\u0119dzie trwa\u0107 45 minut. Przerwa mi\u0119dzy poszczeg\u00f3lnymi sesjami leczenia powinna zawsze wynosi\u0107 od dw\u00f3ch do trzech dni.<\/p>\n\t\t\t\t<\/div>\r\n\t\t\t\t\t\t\t<div class=\"col-lg-3 mb-lg-0 mb-3 pb-5 bobbel-wrapper ml-auto mr-auto\">\r\n\t\t\t\t\t<div class=\"bobbel\">\n<p><img loading=\"lazy\" decoding=\"async\" class=\"alignnone wp-image-2402 size-big_thumbnail\" src=\"https:\/\/www.ganzheitliche-arztpraxis-kronberg.de\/wp-content\/uploads\/2022\/06\/AdobeStock_298901721-scaled-e1656333520641-480x480.jpeg\" alt=\"Lipo-Power-Gef\u00e4\u00dftherapie\" width=\"480\" height=\"480\" srcset=\"https:\/\/www.inuspherese-zentrum-dortmund-holzwickede.de\/wp-content\/uploads\/2022\/06\/AdobeStock_298901721-scaled-e1656333520641-480x480.jpeg 480w, https:\/\/www.inuspherese-zentrum-dortmund-holzwickede.de\/wp-content\/uploads\/2022\/06\/AdobeStock_298901721-scaled-e1656333520641-600x600.jpeg 600w, https:\/\/www.inuspherese-zentrum-dortmund-holzwickede.de\/wp-content\/uploads\/2022\/06\/AdobeStock_298901721-scaled-e1656333520641-1200x1200.jpeg 1200w, https:\/\/www.inuspherese-zentrum-dortmund-holzwickede.de\/wp-content\/uploads\/2022\/06\/AdobeStock_298901721-scaled-e1656333520641-300x300.jpeg 300w, https:\/\/www.inuspherese-zentrum-dortmund-holzwickede.de\/wp-content\/uploads\/2022\/06\/AdobeStock_298901721-scaled-e1656333520641-800x800.jpeg 800w, https:\/\/www.inuspherese-zentrum-dortmund-holzwickede.de\/wp-content\/uploads\/2022\/06\/AdobeStock_298901721-scaled-e1656333520641-1536x1536.jpeg 1536w, https:\/\/www.inuspherese-zentrum-dortmund-holzwickede.de\/wp-content\/uploads\/2022\/06\/AdobeStock_298901721-scaled-e1656333520641-100x100.jpeg 100w, https:\/\/www.inuspherese-zentrum-dortmund-holzwickede.de\/wp-content\/uploads\/2022\/06\/AdobeStock_298901721-scaled-e1656333520641.jpeg 1708w\" sizes=\"auto, (max-width: 480px) 100vw, 480px\" \/><\/p>\n<\/div>\n\t\t\t\t<\/div>\r\n\t\t\t\t\t\t\t<div class=\"col-lg-9 mb-lg-0 mb-3 pb-5 pl-lg-5\">\r\n\t\t\t\t\t<h4>Terapia naczyniowa Lipo-Power<\/h4>\n<p>Starzenie si\u0119 kom\u00f3rek jest zwi\u0105zane z niszczeniem elektrowni wewn\u0105trz ka\u017cdej kom\u00f3rki poprzez utlenianie. Utlenianie idzie w parze ze starzeniem si\u0119 i chorobami. Je\u015bli \u015br\u00f3db\u0142onek, czyli \u015bciana kom\u00f3rkowa, zostanie uszkodzony, bardzo szybko odk\u0142adaj\u0105 si\u0119 tam t\u0142uszcze i sk\u0142adniki zwapniaj\u0105ce, co mo\u017ce prowadzi\u0107 do problem\u00f3w.\u00a0<\/p>\n<p>Terapia naczyniowa LipoPower wspiera prawid\u0142ow\u0105 sytuacj\u0119 naczyniow\u0105 poprzez zmian\u0119 stylu \u017cycia w po\u0142\u0105czeniu z suplementacj\u0105 wa\u017cnych witamin i substancji witalnych. Obejmuje to r\u00f3wnie\u017c lecytyn\u0119 sojow\u0105 lub fosfatydylocholin\u0119 - w skr\u00f3cie PPC, kt\u00f3ra jest podawana we wlewie do\u017cylnym.<\/p>\n\t\t\t\t<\/div>\r\n\t\t\t\t\t<\/div>\r\n\t<\/div>\r\n<\/section>","protected":false},"excerpt":{"rendered":"","protected":false},"author":1,"featured_media":0,"parent":0,"menu_order":5,"comment_status":"closed","ping_status":"closed","template":"","meta":{"_acf_changed":false,"inline_featured_image":false,"footnotes":""},"class_list":["post-1191","page","type-page","status-publish","hentry"],"acf":[],"_links":{"self":[{"href":"https:\/\/www.inuspherese-zentrum-dortmund-holzwickede.de\/pl\/wp-json\/wp\/v2\/pages\/1191","targetHints":{"allow":["GET"]}}],"collection":[{"href":"https:\/\/www.inuspherese-zentrum-dortmund-holzwickede.de\/pl\/wp-json\/wp\/v2\/pages"}],"about":[{"href":"https:\/\/www.inuspherese-zentrum-dortmund-holzwickede.de\/pl\/wp-json\/wp\/v2\/types\/page"}],"author":[{"embeddable":true,"href":"https:\/\/www.inuspherese-zentrum-dortmund-holzwickede.de\/pl\/wp-json\/wp\/v2\/users\/1"}],"replies":[{"embeddable":true,"href":"https:\/\/www.inuspherese-zentrum-dortmund-holzwickede.de\/pl\/wp-json\/wp\/v2\/comments?post=1191"}],"version-history":[{"count":1,"href":"https:\/\/www.inuspherese-zentrum-dortmund-holzwickede.de\/pl\/wp-json\/wp\/v2\/pages\/1191\/revisions"}],"predecessor-version":[{"id":3011,"href":"https:\/\/www.inuspherese-zentrum-dortmund-holzwickede.de\/pl\/wp-json\/wp\/v2\/pages\/1191\/revisions\/3011"}],"wp:attachment":[{"href":"https:\/\/www.inuspherese-zentrum-dortmund-holzwickede.de\/pl\/wp-json\/wp\/v2\/media?parent=1191"}],"curies":[{"name":"wp","href":"https:\/\/api.w.org\/{rel}","templated":true}]}}