{"id":1421,"date":"2022-06-03T11:53:23","date_gmt":"2022-06-03T09:53:23","guid":{"rendered":"https:\/\/www.ganzheitliche-arztpraxis-kronberg.de\/?page_id=1421"},"modified":"2024-05-27T17:12:28","modified_gmt":"2024-05-27T15:12:28","slug":"peter-lubon","status":"publish","type":"page","link":"https:\/\/www.inuspherese-zentrum-dortmund-holzwickede.de\/pl\/ueber-mich\/peter-lubon\/","title":{"rendered":"Peter Lubon"},"content":{"rendered":"<section id=\"content-standard-block_c4c9d4f8aebeda1982ff807bd6f05bfb\" class=\"content-cols bg-trans   text-default pt-md-5 pt-4 pb-md-5 pb-4\" >\r\n\t<div class=\"container\">\r\n    \t<div class=\"row mb-md-0 mb-n3 align-items-start\">\r\n\t\t\t\t\t\t\t<div class=\"col-lg-4 mb-lg-0 mb-3 pb-5 bobbel-wrapper ml-auto mr-auto\">\r\n\t\t\t\t\t<div class=\"bobbel\">\n<p><img loading=\"lazy\" decoding=\"async\" class=\"alignnone wp-image-1864 size-medium\" title=\"zaokr\u0105glone ko\u0142o\" src=\"https:\/\/www.ganzheitliche-arztpraxis-kronberg.de\/wp-content\/uploads\/2022\/06\/20220523-schander-007-e1654984099830-600x600.jpg\" alt=\"\" width=\"600\" height=\"600\" srcset=\"https:\/\/www.inuspherese-zentrum-dortmund-holzwickede.de\/wp-content\/uploads\/2022\/06\/20220523-schander-007-e1654984099830-600x600.jpg 600w, https:\/\/www.inuspherese-zentrum-dortmund-holzwickede.de\/wp-content\/uploads\/2022\/06\/20220523-schander-007-e1654984099830-300x300.jpg 300w, https:\/\/www.inuspherese-zentrum-dortmund-holzwickede.de\/wp-content\/uploads\/2022\/06\/20220523-schander-007-e1654984099830-800x800.jpg 800w, https:\/\/www.inuspherese-zentrum-dortmund-holzwickede.de\/wp-content\/uploads\/2022\/06\/20220523-schander-007-e1654984099830-1200x1200.jpg 1200w, https:\/\/www.inuspherese-zentrum-dortmund-holzwickede.de\/wp-content\/uploads\/2022\/06\/20220523-schander-007-e1654984099830-480x480.jpg 480w, https:\/\/www.inuspherese-zentrum-dortmund-holzwickede.de\/wp-content\/uploads\/2022\/06\/20220523-schander-007-e1654984099830-100x100.jpg 100w, https:\/\/www.inuspherese-zentrum-dortmund-holzwickede.de\/wp-content\/uploads\/2022\/06\/20220523-schander-007-e1654984099830.jpg 1366w\" sizes=\"auto, (max-width: 600px) 100vw, 600px\" \/><\/p>\n<\/div>\n\t\t\t\t<\/div>\r\n\t\t\t\t\t\t\t<div class=\"col-lg-8 mb-lg-0 mb-3\">\r\n\t\t\t\t\t<p>The\u00a0<strong>Optymalizacja zdolno\u015bci fizycznych<\/strong>\u00a0zawsze mnie fascynowa\u0142a. Jako nastolatek by\u0142em zapalonym sportowcem i siatkarzem. By\u0142am zachwycona tym, jak nasze cia\u0142a by\u0142y przygotowywane do zawod\u00f3w pod wp\u0142ywem odpowiednich obci\u0105\u017ce\u0144 treningowych i \u0107wicze\u0144. Moi trenerzy wiedzieli r\u00f3wnie\u017c, jak odpowiednio radzi\u0107 sobie z naszymi kontuzjami sportowymi, aby\u015bmy nie musieli ca\u0142kowicie opuszcza\u0107 trening\u00f3w i zawod\u00f3w.<\/p>\n<p>Kiedy zda\u0142em sobie spraw\u0119, jakim cudem jest ludzkie cia\u0142o, postanowi\u0142em studiowa\u0107 medycyn\u0119.<\/p>\n<p>Ku wielkiemu zdziwieniu mojej rodziny, po sta\u017cu lekarskim specjalizowa\u0142em si\u0119 w chirurgii (mimo \u017ce jako dziecko nie widzia\u0142em krwi \ud83d\ude0a).<\/p>\n<p>Pracuj\u0105c jako lekarz i chirurg, stosunkowo szybko zda\u0142em sobie spraw\u0119, \u017ce podczas studi\u00f3w i dalszego szkolenia sta\u0142em si\u0119 bardzo wyspecjalizowany i brakowa\u0142o mi szerszego spojrzenia. Coraz cz\u0119\u015bciej spotyka\u0142em si\u0119 z sytuacjami, kt\u00f3rych nie potrafi\u0142em wyja\u015bni\u0107 za pomoc\u0105 konwencjonalnej wiedzy medycznej. W ten spos\u00f3b rozpocz\u0105\u0142em swoj\u0105 podr\u00f3\u017c w kierunku wiedzy o\u00a0<strong>holistyczna medycyna alternatywna<\/strong>.<\/p>\n<p>Od 2018 roku poszerzy\u0142em swoje horyzonty i pracowa\u0142em zar\u00f3wno w chirurgii, jak i w prywatnej praktyce medycyny cz\u0119stotliwo\u015bci, gdzie by\u0142em\u00a0<strong>Zrozumienie zdrowia<\/strong>\u00a0czysty <strong>rozwin\u0105\u0107 si\u0119<\/strong> by\u0142o dozwolone.  Pozwoli\u0142o mi to spojrze\u0107 na moich pacjent\u00f3w i ich objawy bardziej holistycznie.<\/p>\n<p>Dlatego na pocz\u0105tku 2022 roku postanowi\u0142em ca\u0142kowicie po\u015bwi\u0119ci\u0107 si\u0119 medycynie holistycznej w leczeniu moich pacjent\u00f3w i za\u0142o\u017cy\u0142em prywatn\u0105 praktyk\u0119 holistyczn\u0105 we Frankfurcie \/ Kronbergu.<br \/>\nW czerwcu 2024 roku przenios\u0142em ca\u0142\u0105 praktyk\u0119 do Holzwickede niedaleko Dortmundu.\n<\/p>\n<p>W tej praktyce pacjent zajmuje centralne miejsce. Opowiadam si\u0119 za maksymaln\u0105 indywidualno\u015bci\u0105 w leczeniu i czasem na spektrum moich pacjent\u00f3w.<\/p>\n<p>Metody leczenia z medycyny konwencjonalnej uzupe\u0142nione moim do\u015bwiadczeniem w medycynie holistycznej s\u0105 po\u0142\u0105czone w aplikacji. <strong>Te holistyczne podej\u015bcia oferuj\u0105 najlepsze mo\u017cliwe wsparcie w powrocie do zdrowia lub jego utrzymaniu.<\/strong><\/p>\n\t\t\t\t<\/div>\r\n\t\t\t\t\t<\/div>\r\n\t<\/div>\r\n<\/section>","protected":false},"excerpt":{"rendered":"<p>Lekarz - Chirurg - Medycyna regulacyjna<\/p>","protected":false},"author":1,"featured_media":1864,"parent":1180,"menu_order":1,"comment_status":"closed","ping_status":"closed","template":"","meta":{"_acf_changed":false,"inline_featured_image":false,"footnotes":""},"class_list":["post-1421","page","type-page","status-publish","has-post-thumbnail","hentry"],"acf":[],"_links":{"self":[{"href":"https:\/\/www.inuspherese-zentrum-dortmund-holzwickede.de\/pl\/wp-json\/wp\/v2\/pages\/1421","targetHints":{"allow":["GET"]}}],"collection":[{"href":"https:\/\/www.inuspherese-zentrum-dortmund-holzwickede.de\/pl\/wp-json\/wp\/v2\/pages"}],"about":[{"href":"https:\/\/www.inuspherese-zentrum-dortmund-holzwickede.de\/pl\/wp-json\/wp\/v2\/types\/page"}],"author":[{"embeddable":true,"href":"https:\/\/www.inuspherese-zentrum-dortmund-holzwickede.de\/pl\/wp-json\/wp\/v2\/users\/1"}],"replies":[{"embeddable":true,"href":"https:\/\/www.inuspherese-zentrum-dortmund-holzwickede.de\/pl\/wp-json\/wp\/v2\/comments?post=1421"}],"version-history":[{"count":1,"href":"https:\/\/www.inuspherese-zentrum-dortmund-holzwickede.de\/pl\/wp-json\/wp\/v2\/pages\/1421\/revisions"}],"predecessor-version":[{"id":2913,"href":"https:\/\/www.inuspherese-zentrum-dortmund-holzwickede.de\/pl\/wp-json\/wp\/v2\/pages\/1421\/revisions\/2913"}],"up":[{"embeddable":true,"href":"https:\/\/www.inuspherese-zentrum-dortmund-holzwickede.de\/pl\/wp-json\/wp\/v2\/pages\/1180"}],"wp:featuredmedia":[{"embeddable":true,"href":"https:\/\/www.inuspherese-zentrum-dortmund-holzwickede.de\/pl\/wp-json\/wp\/v2\/media\/1864"}],"wp:attachment":[{"href":"https:\/\/www.inuspherese-zentrum-dortmund-holzwickede.de\/pl\/wp-json\/wp\/v2\/media?parent=1421"}],"curies":[{"name":"wp","href":"https:\/\/api.w.org\/{rel}","templated":true}]}}