{"id":1470,"date":"2022-06-03T12:46:04","date_gmt":"2022-06-03T10:46:04","guid":{"rendered":"https:\/\/www.ganzheitliche-arztpraxis-kronberg.de\/?page_id=1470"},"modified":"2024-07-09T09:26:25","modified_gmt":"2024-07-09T07:26:25","slug":"bioidentische-hormontherapie","status":"publish","type":"page","link":"https:\/\/www.inuspherese-zentrum-dortmund-holzwickede.de\/pl\/unser-anliegen\/bioidentische-hormontherapie\/","title":{"rendered":"Bioidentyczna terapia hormonalna"},"content":{"rendered":"<section id=\"content-standard-block_5d59b892cd40d9180382262c0c9f4727\" class=\"content-standard bg-trans   text-default pt-md-5 pt-4 pb-md-5 pb-4\" >\r\n\t<div class=\"container\">\r\n    \t<div class=\"row\">\r\n\t\t\t<div class=\"col-12\"><p>Uk\u0142ad hormonalny reguluje chemi\u0119 naszego cia\u0142a. Je\u015bli co\u015b nie funkcjonuje optymalnie, skutkuje to brakiem energii, z\u0142ym samopoczuciem, brakiem wzrostu, wypadaniem w\u0142os\u00f3w, zmniejszonym (lub czasami zwi\u0119kszonym) pop\u0119dem seksualnym, wahaniami nastroju, zachciankami lub utrat\u0105 apetytu itp.<\/p>\n<p>W latach sze\u015b\u0107dziesi\u0105tych naukowcy odkryli spos\u00f3b wytwarzania lek\u00f3w, kt\u00f3re s\u0105 bardzo podobne do naturalnych hormon\u00f3w w celu wywierania wp\u0142ywu na uk\u0142ad hormonalny.<\/p>\n<p>Zw\u0142aszcza kobiety w <strong>Menopauza<\/strong> lubi\u0142 je przyjmowa\u0107, aby na przyk\u0142ad zapobiega\u0107 uderzeniom gor\u0105ca (hormonalna terapia zast\u0119pcza).<\/p>\n<p>Mamy go <strong>Dr Volker Rimkus<\/strong> \u017ce od lat istnieje terapia z <strong>hormony bioidentyczne<\/strong> na naturalnej podstawie, kt\u00f3ra obejmuje spektrum hormonalnej terapii zast\u0119pczej.<\/p>\n<\/div>\r\n\t\t<\/div>\r\n\t<\/div>\r\n<\/section>\n\n<section id=\"content-standard-block_1537d3a5a1a0fcfe0a0d1c141a9c0cb6\" class=\"content-cols bg-light   text-default pt-md-5 pt-4 pb-md-5 pb-4\" >\r\n\t<div class=\"container\">\r\n    \t<div class=\"row mb-md-0 mb-n3 align-items-center\">\r\n\t\t\t\t\t\t\t<div class=\"col-lg-4 mb-lg-0 mb-3 pb-5 bobbel-wrapper\">\r\n\t\t\t\t\t<div class=\"bobbel\">\n<p><img loading=\"lazy\" decoding=\"async\" class=\"alignnone wp-image-2031 size-medium\" src=\"https:\/\/www.ganzheitliche-arztpraxis-kronberg.de\/wp-content\/uploads\/2022\/06\/AdobeStock_288732423-600x400.jpeg\" alt=\"Ganzheitliche Medizin in den Wechseljahren\" width=\"600\" height=\"400\" srcset=\"https:\/\/www.inuspherese-zentrum-dortmund-holzwickede.de\/wp-content\/uploads\/2022\/06\/AdobeStock_288732423-600x400.jpeg 600w, https:\/\/www.inuspherese-zentrum-dortmund-holzwickede.de\/wp-content\/uploads\/2022\/06\/AdobeStock_288732423-1200x800.jpeg 1200w, https:\/\/www.inuspherese-zentrum-dortmund-holzwickede.de\/wp-content\/uploads\/2022\/06\/AdobeStock_288732423-800x534.jpeg 800w, https:\/\/www.inuspherese-zentrum-dortmund-holzwickede.de\/wp-content\/uploads\/2022\/06\/AdobeStock_288732423-1536x1025.jpeg 1536w\" sizes=\"auto, (max-width: 600px) 100vw, 600px\" \/><\/p>\n<\/div>\n\t\t\t\t<\/div>\r\n\t\t\t\t\t\t\t<div class=\"col-lg-8 mb-lg-0 mb-3 pb-5 pl-lg-5\">\r\n\t\t\t\t\t<p>Je\u015bli zale\u017cy Ci na lepszym samopoczuciu i chcesz zr\u00f3wnowa\u017cy\u0107 swoj\u0105 sytuacj\u0119 hormonaln\u0105 w naturalny spos\u00f3b, to <a href=\"https:\/\/www.inuspherese-zentrum-dortmund-holzwickede.de\/pl\/kontakt\/\">Skontaktuj si\u0119 z nami<\/a> Skontaktuj si\u0119 z nasz\u0105 praktyk\u0105 i um\u00f3w si\u0119 na konsultacj\u0119, podczas kt\u00f3rej sprawdzimy, czy terapia Rimkus jest dla Ciebie odpowiednim rozwi\u0105zaniem.<\/p>\n\t\t\t\t<\/div>\r\n\t\t\t\t\t<\/div>\r\n\t<\/div>\r\n<\/section>\n\n<section id=\"content-standard-block_88c428a59765efb0358619e519908f8a\" class=\"content-nav bg-trans   text-default pt-md-5 pt-4 pb-md-5 pb-4\" >\r\n\t<div class=\"container\">\r\n\t\t\t\t\t<h2 class=\"mb-5\"><span>Wi\u0119cej<\/span> spektrum<\/h2>\r\n\t\t\t\t<div class=\"row mb-lg-0 mb-n4 d-flex justify-content-centerX\">\r\n\t\t\t\t\t\t\t\t\t<div class=\"col-lg-4 col-md-6 mb-5 px-lg-4 px-3\">\r\n\t\t\t\t\t<a class=\"block inherit h-100 text-centerX\" href=\"https:\/\/www.inuspherese-zentrum-dortmund-holzwickede.de\/pl\/unser-anliegen\/inuspherese\/\">\r\n\t\t\t\t\t\t\r\n\t\t\t\t\t\t\t<div class=\"bobbel-wrapper\">\r\n\t\t\t\t\t\t\t\t<div class=\"bobbel mb-4\">\r\n\t\t\t\t\t\t\t\t\t<img loading=\"lazy\" decoding=\"async\" width=\"480\" height=\"480\" src=\"https:\/\/www.inuspherese-zentrum-dortmund-holzwickede.de\/wp-content\/uploads\/2022\/11\/AdobeStock_31677497-480x480.jpeg\" class=\"wp-post-image\" alt=\"Praxis f\u00fcr Inuspherese in Kronberg bei Frankfurt\" srcset=\"https:\/\/www.inuspherese-zentrum-dortmund-holzwickede.de\/wp-content\/uploads\/2022\/11\/AdobeStock_31677497-480x480.jpeg 480w, https:\/\/www.inuspherese-zentrum-dortmund-holzwickede.de\/wp-content\/uploads\/2022\/11\/AdobeStock_31677497-300x300.jpeg 300w, https:\/\/www.inuspherese-zentrum-dortmund-holzwickede.de\/wp-content\/uploads\/2022\/11\/AdobeStock_31677497-100x100.jpeg 100w\" sizes=\"auto, (max-width: 480px) 100vw, 480px\" title=\"Praktyka inuspheresis w Kronbergu ko\u0142o Frankfurtu\" \/>\t\t\t\t\t\t\t\t<\/div>\r\n\t\t\t\t\t\t\t<\/div>\r\n\t\t\t\t\t\t\t<h3>INUSpheresis<sup>\u00ae<\/sup><\/h3>\r\n\t\t\t\t\t\t\tSkuteczna metoda detoksykacji organizmu\t\t\t\t\t\t\t<span class=\"wichtig\">\" wi\u0119cej<\/span>\r\n\t\t\t\t\t\t\r\n\t\t\t\t\t<\/a>\r\n\t\t\t\t<\/div>\r\n\t\t\t\t\t\t\t<div class=\"col-lg-4 col-md-6 mb-5 px-lg-4 px-3\">\r\n\t\t\t\t\t<a class=\"block inherit h-100 text-centerX\" href=\"https:\/\/www.inuspherese-zentrum-dortmund-holzwickede.de\/pl\/unser-anliegen\/ganzheitliche-medizin\/\">\r\n\t\t\t\t\t\t\r\n\t\t\t\t\t\t\t<div class=\"bobbel-wrapper\">\r\n\t\t\t\t\t\t\t\t<div class=\"bobbel mb-4\">\r\n\t\t\t\t\t\t\t\t\t<img loading=\"lazy\" decoding=\"async\" width=\"480\" height=\"480\" src=\"https:\/\/www.inuspherese-zentrum-dortmund-holzwickede.de\/wp-content\/uploads\/2022\/06\/AdobeStock_247969304-1-e1654983526943-480x480.jpeg\" class=\"wp-post-image\" alt=\"Ganzheitliche Familienmedizin\" srcset=\"https:\/\/www.inuspherese-zentrum-dortmund-holzwickede.de\/wp-content\/uploads\/2022\/06\/AdobeStock_247969304-1-e1654983526943-480x480.jpeg 480w, https:\/\/www.inuspherese-zentrum-dortmund-holzwickede.de\/wp-content\/uploads\/2022\/06\/AdobeStock_247969304-1-e1654983526943-600x599.jpeg 600w, https:\/\/www.inuspherese-zentrum-dortmund-holzwickede.de\/wp-content\/uploads\/2022\/06\/AdobeStock_247969304-1-e1654983526943-300x300.jpeg 300w, https:\/\/www.inuspherese-zentrum-dortmund-holzwickede.de\/wp-content\/uploads\/2022\/06\/AdobeStock_247969304-1-e1654983526943-800x800.jpeg 800w, https:\/\/www.inuspherese-zentrum-dortmund-holzwickede.de\/wp-content\/uploads\/2022\/06\/AdobeStock_247969304-1-e1654983526943-100x100.jpeg 100w, https:\/\/www.inuspherese-zentrum-dortmund-holzwickede.de\/wp-content\/uploads\/2022\/06\/AdobeStock_247969304-1-e1654983526943.jpeg 897w\" sizes=\"auto, (max-width: 480px) 100vw, 480px\" title=\"Holistyczna medycyna rodzinna\" \/>\t\t\t\t\t\t\t\t<\/div>\r\n\t\t\t\t\t\t\t<\/div>\r\n\t\t\t\t\t\t\t<h3>Medycyna holistyczna<\/h3>\r\n\t\t\t\t\t\t\tZdrowie i dobre samopoczucie dzieci i doros\u0142ych\t\t\t\t\t\t\t<span class=\"wichtig\">\" wi\u0119cej<\/span>\r\n\t\t\t\t\t\t\r\n\t\t\t\t\t<\/a>\r\n\t\t\t\t<\/div>\r\n\t\t\t\t\t\t\t<div class=\"col-lg-4 col-md-6 mb-5 px-lg-4 px-3\">\r\n\t\t\t\t\t<a class=\"block inherit h-100 text-centerX\" href=\"https:\/\/www.inuspherese-zentrum-dortmund-holzwickede.de\/pl\/unser-anliegen\/allergien-unvertraeglichkeiten\/\">\r\n\t\t\t\t\t\t\r\n\t\t\t\t\t\t\t<div class=\"bobbel-wrapper\">\r\n\t\t\t\t\t\t\t\t<div class=\"bobbel mb-4\">\r\n\t\t\t\t\t\t\t\t\t<img loading=\"lazy\" decoding=\"async\" width=\"480\" height=\"480\" src=\"https:\/\/www.inuspherese-zentrum-dortmund-holzwickede.de\/wp-content\/uploads\/2022\/06\/AdobeStock_143107425-1-e1654983797821-480x480.jpeg\" class=\"wp-post-image\" alt=\"Allergien und Unvertr\u00e4glichkeiten\" srcset=\"https:\/\/www.inuspherese-zentrum-dortmund-holzwickede.de\/wp-content\/uploads\/2022\/06\/AdobeStock_143107425-1-e1654983797821-480x480.jpeg 480w, https:\/\/www.inuspherese-zentrum-dortmund-holzwickede.de\/wp-content\/uploads\/2022\/06\/AdobeStock_143107425-1-e1654983797821-300x300.jpeg 300w, https:\/\/www.inuspherese-zentrum-dortmund-holzwickede.de\/wp-content\/uploads\/2022\/06\/AdobeStock_143107425-1-e1654983797821-600x600.jpeg 600w, https:\/\/www.inuspherese-zentrum-dortmund-holzwickede.de\/wp-content\/uploads\/2022\/06\/AdobeStock_143107425-1-e1654983797821-800x800.jpeg 800w, https:\/\/www.inuspherese-zentrum-dortmund-holzwickede.de\/wp-content\/uploads\/2022\/06\/AdobeStock_143107425-1-e1654983797821-100x100.jpeg 100w, https:\/\/www.inuspherese-zentrum-dortmund-holzwickede.de\/wp-content\/uploads\/2022\/06\/AdobeStock_143107425-1-e1654983797821.jpeg 812w\" sizes=\"auto, (max-width: 480px) 100vw, 480px\" title=\"Alergie i nietolerancje\" \/>\t\t\t\t\t\t\t\t<\/div>\r\n\t\t\t\t\t\t\t<\/div>\r\n\t\t\t\t\t\t\t<h3>Alergie i nietolerancje<\/h3>\r\n\t\t\t\t\t\t\tna materia\u0142ach dentystycznych, implantach piersi i staw\u00f3w, \u017cywno\u015bci\t\t\t\t\t\t\t<span class=\"wichtig\">\" wi\u0119cej<\/span>\r\n\t\t\t\t\t\t\r\n\t\t\t\t\t<\/a>\r\n\t\t\t\t<\/div>\r\n\t\t\t\t\t\t\t<div class=\"col-lg-4 col-md-6 mb-5 px-lg-4 px-3\">\r\n\t\t\t\t\t<a class=\"block inherit h-100 text-centerX\" href=\"https:\/\/www.inuspherese-zentrum-dortmund-holzwickede.de\/pl\/unser-anliegen\/schmerz-therapie\/\">\r\n\t\t\t\t\t\t\r\n\t\t\t\t\t\t\t<div class=\"bobbel-wrapper\">\r\n\t\t\t\t\t\t\t\t<div class=\"bobbel mb-4\">\r\n\t\t\t\t\t\t\t\t\t<img loading=\"lazy\" decoding=\"async\" width=\"480\" height=\"480\" src=\"https:\/\/www.inuspherese-zentrum-dortmund-holzwickede.de\/wp-content\/uploads\/2022\/06\/AdobeStock_186990770-1-e1654983667744-480x480.jpeg\" class=\"wp-post-image\" alt=\"Schmerz-Therapie\" srcset=\"https:\/\/www.inuspherese-zentrum-dortmund-holzwickede.de\/wp-content\/uploads\/2022\/06\/AdobeStock_186990770-1-e1654983667744-480x480.jpeg 480w, https:\/\/www.inuspherese-zentrum-dortmund-holzwickede.de\/wp-content\/uploads\/2022\/06\/AdobeStock_186990770-1-e1654983667744-300x300.jpeg 300w, https:\/\/www.inuspherese-zentrum-dortmund-holzwickede.de\/wp-content\/uploads\/2022\/06\/AdobeStock_186990770-1-e1654983667744-600x600.jpeg 600w, https:\/\/www.inuspherese-zentrum-dortmund-holzwickede.de\/wp-content\/uploads\/2022\/06\/AdobeStock_186990770-1-e1654983667744-800x800.jpeg 800w, https:\/\/www.inuspherese-zentrum-dortmund-holzwickede.de\/wp-content\/uploads\/2022\/06\/AdobeStock_186990770-1-e1654983667744-1200x1200.jpeg 1200w, https:\/\/www.inuspherese-zentrum-dortmund-holzwickede.de\/wp-content\/uploads\/2022\/06\/AdobeStock_186990770-1-e1654983667744-100x100.jpeg 100w, https:\/\/www.inuspherese-zentrum-dortmund-holzwickede.de\/wp-content\/uploads\/2022\/06\/AdobeStock_186990770-1-e1654983667744.jpeg 1521w\" sizes=\"auto, (max-width: 480px) 100vw, 480px\" title=\"Leczenie b\u00f3lu\" \/>\t\t\t\t\t\t\t\t<\/div>\r\n\t\t\t\t\t\t\t<\/div>\r\n\t\t\t\t\t\t\t<h3>Leczenie b\u00f3lu<\/h3>\r\n\t\t\t\t\t\t\tNie pozw\u00f3l, aby b\u00f3l Ci\u0119 spowolni\u0142!\t\t\t\t\t\t\t<span class=\"wichtig\">\" wi\u0119cej<\/span>\r\n\t\t\t\t\t\t\r\n\t\t\t\t\t<\/a>\r\n\t\t\t\t<\/div>\r\n\t\t\t\t\t\t\t<div class=\"col-lg-4 col-md-6 mb-5 px-lg-4 px-3\">\r\n\t\t\t\t\t<a class=\"block inherit h-100 text-centerX\" href=\"https:\/\/www.inuspherese-zentrum-dortmund-holzwickede.de\/pl\/unser-anliegen\/stress-erschoepfung\/\">\r\n\t\t\t\t\t\t\r\n\t\t\t\t\t\t\t<div class=\"bobbel-wrapper\">\r\n\t\t\t\t\t\t\t\t<div class=\"bobbel mb-4\">\r\n\t\t\t\t\t\t\t\t\t<img loading=\"lazy\" decoding=\"async\" width=\"480\" height=\"480\" src=\"https:\/\/www.inuspherese-zentrum-dortmund-holzwickede.de\/wp-content\/uploads\/2022\/06\/AdobeStock_354310924-1-e1654983291789-480x480.jpeg\" class=\"wp-post-image\" alt=\"Stress und Ersch\u00f6pfung\" srcset=\"https:\/\/www.inuspherese-zentrum-dortmund-holzwickede.de\/wp-content\/uploads\/2022\/06\/AdobeStock_354310924-1-e1654983291789-480x480.jpeg 480w, https:\/\/www.inuspherese-zentrum-dortmund-holzwickede.de\/wp-content\/uploads\/2022\/06\/AdobeStock_354310924-1-e1654983291789-300x300.jpeg 300w, https:\/\/www.inuspherese-zentrum-dortmund-holzwickede.de\/wp-content\/uploads\/2022\/06\/AdobeStock_354310924-1-e1654983291789-600x600.jpeg 600w, https:\/\/www.inuspherese-zentrum-dortmund-holzwickede.de\/wp-content\/uploads\/2022\/06\/AdobeStock_354310924-1-e1654983291789-800x800.jpeg 800w, https:\/\/www.inuspherese-zentrum-dortmund-holzwickede.de\/wp-content\/uploads\/2022\/06\/AdobeStock_354310924-1-e1654983291789-100x100.jpeg 100w, https:\/\/www.inuspherese-zentrum-dortmund-holzwickede.de\/wp-content\/uploads\/2022\/06\/AdobeStock_354310924-1-e1654983291789.jpeg 864w\" sizes=\"auto, (max-width: 480px) 100vw, 480px\" title=\"Stres i wyczerpanie\" \/>\t\t\t\t\t\t\t\t<\/div>\r\n\t\t\t\t\t\t\t<\/div>\r\n\t\t\t\t\t\t\t<h3>Stres i wyczerpanie<\/h3>\r\n\t\t\t\t\t\t\tPowr\u00f3t do spokoju i wysokiego poziomu energii\t\t\t\t\t\t\t<span class=\"wichtig\">\" wi\u0119cej<\/span>\r\n\t\t\t\t\t\t\r\n\t\t\t\t\t<\/a>\r\n\t\t\t\t<\/div>\r\n\t\t\t\t\t\t\t<div class=\"col-lg-4 col-md-6 mb-5 px-lg-4 px-3\">\r\n\t\t\t\t\t<a class=\"block inherit h-100 text-centerX\" href=\"https:\/\/www.inuspherese-zentrum-dortmund-holzwickede.de\/pl\/unser-anliegen\/darm-gesundheit\/\">\r\n\t\t\t\t\t\t\r\n\t\t\t\t\t\t\t<div class=\"bobbel-wrapper\">\r\n\t\t\t\t\t\t\t\t<div class=\"bobbel mb-4\">\r\n\t\t\t\t\t\t\t\t\t<img loading=\"lazy\" decoding=\"async\" width=\"480\" height=\"480\" src=\"https:\/\/www.inuspherese-zentrum-dortmund-holzwickede.de\/wp-content\/uploads\/2022\/06\/AdobeStock_499223182-480x480.jpeg\" class=\"wp-post-image\" alt=\"Darm-Gesundheit\" srcset=\"https:\/\/www.inuspherese-zentrum-dortmund-holzwickede.de\/wp-content\/uploads\/2022\/06\/AdobeStock_499223182-480x480.jpeg 480w, https:\/\/www.inuspherese-zentrum-dortmund-holzwickede.de\/wp-content\/uploads\/2022\/06\/AdobeStock_499223182-300x300.jpeg 300w, https:\/\/www.inuspherese-zentrum-dortmund-holzwickede.de\/wp-content\/uploads\/2022\/06\/AdobeStock_499223182-100x100.jpeg 100w\" sizes=\"auto, (max-width: 480px) 100vw, 480px\" title=\"Zdrowie jelit\" \/>\t\t\t\t\t\t\t\t<\/div>\r\n\t\t\t\t\t\t\t<\/div>\r\n\t\t\t\t\t\t\t<h3>Zdrowie jelit<\/h3>\r\n\t\t\t\t\t\t\tB\u00f3l brzucha, trawienie, alergie - co robi\u0107?\t\t\t\t\t\t\t<span class=\"wichtig\">\" wi\u0119cej<\/span>\r\n\t\t\t\t\t\t\r\n\t\t\t\t\t<\/a>\r\n\t\t\t\t<\/div>\r\n\t\t\t\t\t\t\t<\/div>\r\n\t<\/div>\r\n<\/section>","protected":false},"excerpt":{"rendered":"<p>Naturalne zr\u00f3wnowa\u017cenie nier\u00f3wnowagi hormonalnej<\/p>","protected":false},"author":1,"featured_media":1990,"parent":1160,"menu_order":3,"comment_status":"closed","ping_status":"closed","template":"","meta":{"_acf_changed":false,"inline_featured_image":false,"footnotes":""},"class_list":["post-1470","page","type-page","status-publish","has-post-thumbnail","hentry"],"acf":[],"_links":{"self":[{"href":"https:\/\/www.inuspherese-zentrum-dortmund-holzwickede.de\/pl\/wp-json\/wp\/v2\/pages\/1470","targetHints":{"allow":["GET"]}}],"collection":[{"href":"https:\/\/www.inuspherese-zentrum-dortmund-holzwickede.de\/pl\/wp-json\/wp\/v2\/pages"}],"about":[{"href":"https:\/\/www.inuspherese-zentrum-dortmund-holzwickede.de\/pl\/wp-json\/wp\/v2\/types\/page"}],"author":[{"embeddable":true,"href":"https:\/\/www.inuspherese-zentrum-dortmund-holzwickede.de\/pl\/wp-json\/wp\/v2\/users\/1"}],"replies":[{"embeddable":true,"href":"https:\/\/www.inuspherese-zentrum-dortmund-holzwickede.de\/pl\/wp-json\/wp\/v2\/comments?post=1470"}],"version-history":[{"count":1,"href":"https:\/\/www.inuspherese-zentrum-dortmund-holzwickede.de\/pl\/wp-json\/wp\/v2\/pages\/1470\/revisions"}],"predecessor-version":[{"id":3004,"href":"https:\/\/www.inuspherese-zentrum-dortmund-holzwickede.de\/pl\/wp-json\/wp\/v2\/pages\/1470\/revisions\/3004"}],"up":[{"embeddable":true,"href":"https:\/\/www.inuspherese-zentrum-dortmund-holzwickede.de\/pl\/wp-json\/wp\/v2\/pages\/1160"}],"wp:featuredmedia":[{"embeddable":true,"href":"https:\/\/www.inuspherese-zentrum-dortmund-holzwickede.de\/pl\/wp-json\/wp\/v2\/media\/1990"}],"wp:attachment":[{"href":"https:\/\/www.inuspherese-zentrum-dortmund-holzwickede.de\/pl\/wp-json\/wp\/v2\/media?parent=1470"}],"curies":[{"name":"wp","href":"https:\/\/api.w.org\/{rel}","templated":true}]}}