{"id":1740,"date":"2022-06-09T12:16:42","date_gmt":"2022-06-09T10:16:42","guid":{"rendered":"https:\/\/www.ganzheitliche-arztpraxis-kronberg.de\/?page_id=1740"},"modified":"2024-07-09T09:32:03","modified_gmt":"2024-07-09T07:32:03","slug":"stress-erschoepfung","status":"publish","type":"page","link":"https:\/\/www.inuspherese-zentrum-dortmund-holzwickede.de\/pl\/unser-anliegen\/stress-erschoepfung\/","title":{"rendered":"Stres i wyczerpanie"},"content":{"rendered":"<section id=\"content-standard-block_4052a266b86a2c0f2ac76692ee6b52d0\" class=\"content-standard bg-trans   text-default pt-md-5 pt-4 pb-md-5 pb-4\" >\r\n\t<div class=\"container\">\r\n    \t<div class=\"row\">\r\n\t\t\t<div class=\"col-12\"><div class=\"intro\">\n<p><strong>Jak powr\u00f3ci\u0107 do spokoju i wysokiego poziomu energii oraz zoptymalizowa\u0107 swoj\u0105 wydajno\u015b\u0107 i samopoczucie?<\/strong><\/p>\n<p>Niezale\u017cnie od tego, czy jeste\u015b pracownikiem, kierownikiem czy pracuj\u0105c\u0105 mam\u0105, w dzisiejszych czasach wymaga si\u0119 od Ciebie coraz wi\u0119cej pracy na wszystkich poziomach. Wyczerpanie i brak koncentracji mog\u0105 \u0142atwo prowadzi\u0107 do b\u0142\u0119d\u00f3w, a tym samym do niepo\u017c\u0105danych konsekwencji.<\/p>\n<p>Ale im bardziej starasz si\u0119 poradzi\u0107 sobie z t\u0105 presj\u0105, tym wi\u0119kszy stres powstaje. Dop\u00f3ki jest jeszcze wystarczaj\u0105co du\u017co energii, cia\u0142o mo\u017ce zrekompensowa\u0107 ten wysi\u0142ek - ale ma to swoj\u0105 cen\u0119:<\/p>\n<p>Wydajno\u015b\u0107 spada, poniewa\u017c wa\u017cne sk\u0142adniki od\u017cywcze s\u0105 wyczerpane, a uk\u0142ad odporno\u015bciowy cierpi.<\/p>\n<\/div>\n<\/div>\r\n\t\t<\/div>\r\n\t<\/div>\r\n<\/section>\n\n<section id=\"content-standard-block_05f54dc5abc63dc1fabb5dfb47906cca\" class=\"content-cols bg-light   text-default pt-md-5 pt-4 pb-md-5 pb-4\" >\r\n\t<div class=\"container\">\r\n    \t<div class=\"row mb-md-0 mb-n3 align-items-start\">\r\n\t\t\t\t\t\t\t<div class=\"col-lg-4 mb-lg-0 mb-3 pb-5 bobbel-wrapper ml-auto mr-auto\">\r\n\t\t\t\t\t<div class=\"bobbel\">\n<p><img loading=\"lazy\" decoding=\"async\" class=\"alignnone wp-image-2168 size-medium\" src=\"https:\/\/www.ganzheitliche-arztpraxis-kronberg.de\/wp-content\/uploads\/2022\/06\/laptop-g21d150efc_1920-600x400.jpg\" alt=\"Stress\" width=\"600\" height=\"400\" srcset=\"https:\/\/www.inuspherese-zentrum-dortmund-holzwickede.de\/wp-content\/uploads\/2022\/06\/laptop-g21d150efc_1920-600x400.jpg 600w, https:\/\/www.inuspherese-zentrum-dortmund-holzwickede.de\/wp-content\/uploads\/2022\/06\/laptop-g21d150efc_1920-1200x800.jpg 1200w, https:\/\/www.inuspherese-zentrum-dortmund-holzwickede.de\/wp-content\/uploads\/2022\/06\/laptop-g21d150efc_1920-800x533.jpg 800w, https:\/\/www.inuspherese-zentrum-dortmund-holzwickede.de\/wp-content\/uploads\/2022\/06\/laptop-g21d150efc_1920-1536x1024.jpg 1536w, https:\/\/www.inuspherese-zentrum-dortmund-holzwickede.de\/wp-content\/uploads\/2022\/06\/laptop-g21d150efc_1920.jpg 1920w\" sizes=\"auto, (max-width: 600px) 100vw, 600px\" \/><\/p>\n<\/div>\n\t\t\t\t<\/div>\r\n\t\t\t\t\t\t\t<div class=\"col-lg-8 mb-lg-0 mb-3 pb-5 pl-lg-5\">\r\n\t\t\t\t\t<h3>Negatywna spirala stresu i wydajno\u015bci<\/h3>\n<p>Pracujesz ci\u0119\u017cej i d\u0142u\u017cej, aby spe\u0142ni\u0107 w\u0142asne oczekiwania - a tak\u017ce oczekiwania wsp\u00f3\u0142pracownik\u00f3w, prze\u0142o\u017conych i rodziny.<\/p>\n<p>Tworzy to <strong>B\u0142\u0119dne ko\u0142o<\/strong>poniewa\u017c zwi\u0119kszony wysi\u0142ek nieuchronnie prowadzi do wi\u0119kszego stresu. Zwi\u0119kszony stres powoduje wi\u0119ksze zu\u017cycie sk\u0142adnik\u00f3w od\u017cywczych. A je\u015bli nie zostan\u0105 one uzupe\u0142nione, wydajno\u015b\u0107 nadal spada. Cierpi na tym koncentracja. Praca, kt\u00f3ra wcze\u015bniej by\u0142a \u0142atwa, nagle zajmuje wi\u0119cej czasu. W rezultacie masz mniej czasu, jeste\u015b pod wi\u0119ksz\u0105 presj\u0105 itp.<\/p>\n\t\t\t\t<\/div>\r\n\t\t\t\t\t<\/div>\r\n\t<\/div>\r\n<\/section>\n\n<section id=\"content-standard-block_78314249e90ffc1e2a13ffc49b26505a\" class=\"content-cols bg-light   text-default pt-md-5 pt-4 pb-md-5 pb-4\" >\r\n\t<div class=\"container\">\r\n    \t<div class=\"row mb-md-0 mb-n3 align-items-start\">\r\n\t\t\t\t\t\t\t<div class=\"col-lg-4 mb-lg-0 mb-3 pb-5 bobbel-wrapper ml-auto mr-auto\">\r\n\t\t\t\t\t<div class=\"bobbel\">\n<p><img loading=\"lazy\" decoding=\"async\" class=\"alignnone wp-image-2124 size-medium\" src=\"https:\/\/www.ganzheitliche-arztpraxis-kronberg.de\/wp-content\/uploads\/2022\/06\/AdobeStock_120199300-600x400.jpeg\" alt=\"IHHT\" width=\"600\" height=\"400\" srcset=\"https:\/\/www.inuspherese-zentrum-dortmund-holzwickede.de\/wp-content\/uploads\/2022\/06\/AdobeStock_120199300-600x400.jpeg 600w, https:\/\/www.inuspherese-zentrum-dortmund-holzwickede.de\/wp-content\/uploads\/2022\/06\/AdobeStock_120199300-1200x801.jpeg 1200w, https:\/\/www.inuspherese-zentrum-dortmund-holzwickede.de\/wp-content\/uploads\/2022\/06\/AdobeStock_120199300-800x534.jpeg 800w, https:\/\/www.inuspherese-zentrum-dortmund-holzwickede.de\/wp-content\/uploads\/2022\/06\/AdobeStock_120199300-1536x1025.jpeg 1536w, https:\/\/www.inuspherese-zentrum-dortmund-holzwickede.de\/wp-content\/uploads\/2022\/06\/AdobeStock_120199300-2048x1367.jpeg 2048w\" sizes=\"auto, (max-width: 600px) 100vw, 600px\" \/><\/p>\n<\/div>\n\t\t\t\t<\/div>\r\n\t\t\t\t\t\t\t<div class=\"col-lg-8 mb-lg-0 mb-3 pb-5 pl-lg-5\">\r\n\t\t\t\t\t<h3>Jak utrzyma\u0107 form\u0119<\/h3>\n<p>Nie ma wielu realnych rozwi\u0105za\u0144 <strong>Sposoby wyj\u015bcia z tego b\u0142\u0119dnego ko\u0142a<\/strong>. Porzucenie pracy, pozostawienie stresu za sob\u0105 i stanie si\u0119 odludkiem nie jest opcj\u0105 dla wi\u0119kszo\u015bci ludzi. Musz\u0105 i chc\u0105 <strong>Odpowiedzialno\u015b\u0107<\/strong>\u017ce maj\u0105, <strong>wymierza\u0107 sprawiedliwo\u015b\u0107<\/strong>.<\/p>\n<p>Nie zastanawiaj\u0105c si\u0119 nad tym zbyt d\u0142ugo, wiele os\u00f3b wybiera \u015bcie\u017ck\u0119, kt\u00f3r\u0105 pod\u0105\u017ca do samego ko\u0144ca. <strong>Wypalenie<\/strong> dogania ich. Ale nawet wtedy mog\u0105 <strong>Odpowiedzialno\u015b\u0107 nie tylko<\/strong> sta\u0107 si\u0119.<\/p>\n<p>Oczywi\u015bcie bardziej inteligentne i przysz\u0142o\u015bciowe jest przerwanie b\u0142\u0119dnego ko\u0142a w jego najs\u0142abszym punkcie:<\/p>\n<p>The <strong>Dostarczanie brakuj\u0105cych sk\u0142adnik\u00f3w od\u017cywczych<\/strong> zapewnia, \u017ce <strong>Utrzymanie zdolno\u015bci koncentracji<\/strong> pozostaje. Ktokolwiek chce <strong>szybki<\/strong> oraz <strong>bardziej wolny od b\u0142\u0119d\u00f3w<\/strong> mo\u017ce sobie z tym poradzi\u0107, <strong>Oszcz\u0119dno\u015b\u0107 czasu<\/strong> dla innych rzeczy. Na przyk\u0142ad na umiej\u0119tne planowanie lub medytacj\u0119. Lub relaksuj\u0105cy dzie\u0144 z najbli\u017cszymi. To spowolnienie eliminuje stres z codziennego \u017cycia, dzi\u0119ki czemu <strong>Cia\u0142o<\/strong> w czasie <strong>regenerowa\u0107 si\u0119<\/strong> mo\u017ce.<\/p>\n\t\t\t\t<\/div>\r\n\t\t\t\t\t<\/div>\r\n\t<\/div>\r\n<\/section>\n\n<section id=\"content-standard-block_f246691bd5183d284eb9c919bcdc9890\" class=\"content-standard bg-trans   text-default pt-md-5 pt-4 pb-md-5 pb-4\" >\r\n\t<div class=\"container\">\r\n    \t<div class=\"row\">\r\n\t\t\t<div class=\"col-12\"><h4>Aby zr\u00f3wnowa\u017cy\u0107 autonomiczny uk\u0142ad nerwowy, oferujemy:<\/h4>\n<ul class=\"onecolumn\">\n<li>Spersonalizowany <strong>Wyr\u00f3wnanie<\/strong> Tw\u00f3j <strong>Zapotrzebowanie<\/strong> witaminy, minera\u0142y, aminokwasy poprzez <a href=\"https:\/\/www.inuspherese-zentrum-dortmund-holzwickede.de\/pl\/therapie\/\">medycyna ortomolekularna<\/a>.\n<\/li>\n<li>Specjalnie skompilowane dla Ciebie <strong>Napary<\/strong>aby powr\u00f3ci\u0107 do najlepszej formy.\n<\/li>\n<li><strong>Trening wysoko\u015bciowy IHHT<\/strong> - dzi\u0119ki czemu organizm otrzymuje wi\u0119cej tlenu i mo\u017ce w\u0142\u0105czy\u0107 turbo. (Metoda ta jest r\u00f3wnie\u017c stosowana przez sportowc\u00f3w wytrzyma\u0142o\u015bciowych i profesjonalne dru\u017cyny pi\u0142karskie w celu zwi\u0119kszenia wydajno\u015bci).<\/li>\n<li>Leczenie przez <strong>Systemy cz\u0119stotliwo\u015bci<\/strong>takich jak SCIO\n<\/li>\n<\/ul>\n<p>Je\u015bli cierpisz z powodu stresu i chcesz zn\u00f3w by\u0107 pe\u0142en energii, skontaktuj si\u0119 z nami pod adresem <a href=\"mailto:info@praxis-lubon.de\">info@praxis-lubon.de<\/a>\u00a0i um\u00f3wi\u0107 si\u0119 na spotkanie. Aby\u015b m\u00f3g\u0142 jak najszybciej wr\u00f3ci\u0107 do sprawno\u015bci, do kt\u00f3rej jeste\u015b przyzwyczajony!<\/p>\n<\/div>\r\n\t\t<\/div>\r\n\t<\/div>\r\n<\/section>\n\n<section id=\"content-standard-block_9f4656b077a0b7f82d9aabce27279a16\" class=\"content-standard bg-dark   text-white pt-md-5 pt-4 pb-md-5 pb-4\" >\r\n\t<div class=\"container\">\r\n    \t<div class=\"row\">\r\n\t\t\t<div class=\"col-12\"><h4>Neurostres<\/h4>\n<p>Oko\u0142o 30 lat temu termin <strong>Neurostres<\/strong> ukuty. Opisuje on brak r\u00f3wnowagi neuro-regulacyjnej autonomicznego uk\u0142adu nerwowego, tj. wzajemne oddzia\u0142ywanie mi\u0119dzy wsp\u00f3\u0142czulnym uk\u0142adem nerwowym (kt\u00f3ry promuje wydajno\u015b\u0107) a przywsp\u00f3\u0142czulnym uk\u0142adem nerwowym (kt\u00f3ry promuje regeneracj\u0119). Tylko wtedy, gdy dzia\u0142aj\u0105 one razem w zr\u00f3wnowa\u017cony spos\u00f3b, cia\u0142o mo\u017ce dzia\u0142a\u0107 w razie potrzeby, a nast\u0119pnie odpowiednio si\u0119 zregenerowa\u0107. Je\u015bli nie jest to ju\u017c mo\u017cliwe z powodu utrzymuj\u0105cego si\u0119 stresu, prowadzi to do zaburze\u0144 funkcjonalnych, np. wyczerpania, depresji, wypalenia zawodowego, migren, niepokoju, podatno\u015bci na infekcje, a nawet fibromialgii.<\/p>\n<\/div>\r\n\t\t<\/div>\r\n\t<\/div>\r\n<\/section>\n\n<section id=\"content-standard-block_2a1ab8fe18dd80b70e4fdcd2eedaa12e\" class=\"content-nav bg-trans   text-default pt-md-5 pt-4 pb-md-5 pb-4\" >\r\n\t<div class=\"container\">\r\n\t\t\t\t\t<h2 class=\"mb-5\"><span>Wi\u0119cej<\/span> spektrum<\/h2>\r\n\t\t\t\t<div class=\"row mb-lg-0 mb-n4 d-flex justify-content-centerX\">\r\n\t\t\t\t\t\t\t\t\t<div class=\"col-lg-4 col-md-6 mb-5 px-lg-4 px-3\">\r\n\t\t\t\t\t<a class=\"block inherit h-100 text-centerX\" href=\"https:\/\/www.inuspherese-zentrum-dortmund-holzwickede.de\/pl\/unser-anliegen\/inuspherese\/\">\r\n\t\t\t\t\t\t\r\n\t\t\t\t\t\t\t<div class=\"bobbel-wrapper\">\r\n\t\t\t\t\t\t\t\t<div class=\"bobbel mb-4\">\r\n\t\t\t\t\t\t\t\t\t<img loading=\"lazy\" decoding=\"async\" width=\"480\" height=\"480\" src=\"https:\/\/www.inuspherese-zentrum-dortmund-holzwickede.de\/wp-content\/uploads\/2022\/11\/AdobeStock_31677497-480x480.jpeg\" class=\"wp-post-image\" alt=\"Praxis f\u00fcr Inuspherese in Kronberg bei Frankfurt\" srcset=\"https:\/\/www.inuspherese-zentrum-dortmund-holzwickede.de\/wp-content\/uploads\/2022\/11\/AdobeStock_31677497-480x480.jpeg 480w, https:\/\/www.inuspherese-zentrum-dortmund-holzwickede.de\/wp-content\/uploads\/2022\/11\/AdobeStock_31677497-300x300.jpeg 300w, https:\/\/www.inuspherese-zentrum-dortmund-holzwickede.de\/wp-content\/uploads\/2022\/11\/AdobeStock_31677497-100x100.jpeg 100w\" sizes=\"auto, (max-width: 480px) 100vw, 480px\" title=\"Praktyka inuspheresis w Kronbergu ko\u0142o Frankfurtu\" \/>\t\t\t\t\t\t\t\t<\/div>\r\n\t\t\t\t\t\t\t<\/div>\r\n\t\t\t\t\t\t\t<h3>INUSpheresis<sup>\u00ae<\/sup><\/h3>\r\n\t\t\t\t\t\t\tSkuteczna metoda detoksykacji organizmu\t\t\t\t\t\t\t<span class=\"wichtig\">\" wi\u0119cej<\/span>\r\n\t\t\t\t\t\t\r\n\t\t\t\t\t<\/a>\r\n\t\t\t\t<\/div>\r\n\t\t\t\t\t\t\t<div class=\"col-lg-4 col-md-6 mb-5 px-lg-4 px-3\">\r\n\t\t\t\t\t<a class=\"block inherit h-100 text-centerX\" href=\"https:\/\/www.inuspherese-zentrum-dortmund-holzwickede.de\/pl\/unser-anliegen\/ganzheitliche-medizin\/\">\r\n\t\t\t\t\t\t\r\n\t\t\t\t\t\t\t<div class=\"bobbel-wrapper\">\r\n\t\t\t\t\t\t\t\t<div class=\"bobbel mb-4\">\r\n\t\t\t\t\t\t\t\t\t<img loading=\"lazy\" decoding=\"async\" width=\"480\" height=\"480\" src=\"https:\/\/www.inuspherese-zentrum-dortmund-holzwickede.de\/wp-content\/uploads\/2022\/06\/AdobeStock_247969304-1-e1654983526943-480x480.jpeg\" class=\"wp-post-image\" alt=\"Ganzheitliche Familienmedizin\" srcset=\"https:\/\/www.inuspherese-zentrum-dortmund-holzwickede.de\/wp-content\/uploads\/2022\/06\/AdobeStock_247969304-1-e1654983526943-480x480.jpeg 480w, https:\/\/www.inuspherese-zentrum-dortmund-holzwickede.de\/wp-content\/uploads\/2022\/06\/AdobeStock_247969304-1-e1654983526943-600x599.jpeg 600w, https:\/\/www.inuspherese-zentrum-dortmund-holzwickede.de\/wp-content\/uploads\/2022\/06\/AdobeStock_247969304-1-e1654983526943-300x300.jpeg 300w, https:\/\/www.inuspherese-zentrum-dortmund-holzwickede.de\/wp-content\/uploads\/2022\/06\/AdobeStock_247969304-1-e1654983526943-800x800.jpeg 800w, https:\/\/www.inuspherese-zentrum-dortmund-holzwickede.de\/wp-content\/uploads\/2022\/06\/AdobeStock_247969304-1-e1654983526943-100x100.jpeg 100w, https:\/\/www.inuspherese-zentrum-dortmund-holzwickede.de\/wp-content\/uploads\/2022\/06\/AdobeStock_247969304-1-e1654983526943.jpeg 897w\" sizes=\"auto, (max-width: 480px) 100vw, 480px\" title=\"Holistyczna medycyna rodzinna\" \/>\t\t\t\t\t\t\t\t<\/div>\r\n\t\t\t\t\t\t\t<\/div>\r\n\t\t\t\t\t\t\t<h3>Medycyna holistyczna<\/h3>\r\n\t\t\t\t\t\t\tZdrowie i dobre samopoczucie dzieci i doros\u0142ych\t\t\t\t\t\t\t<span class=\"wichtig\">\" wi\u0119cej<\/span>\r\n\t\t\t\t\t\t\r\n\t\t\t\t\t<\/a>\r\n\t\t\t\t<\/div>\r\n\t\t\t\t\t\t\t<div class=\"col-lg-4 col-md-6 mb-5 px-lg-4 px-3\">\r\n\t\t\t\t\t<a class=\"block inherit h-100 text-centerX\" href=\"https:\/\/www.inuspherese-zentrum-dortmund-holzwickede.de\/pl\/unser-anliegen\/bioidentische-hormontherapie\/\">\r\n\t\t\t\t\t\t\r\n\t\t\t\t\t\t\t<div class=\"bobbel-wrapper\">\r\n\t\t\t\t\t\t\t\t<div class=\"bobbel mb-4\">\r\n\t\t\t\t\t\t\t\t\t<img loading=\"lazy\" decoding=\"async\" width=\"480\" height=\"480\" src=\"https:\/\/www.inuspherese-zentrum-dortmund-holzwickede.de\/wp-content\/uploads\/2022\/06\/AdobeStock_432637966-1-e1654983363510-480x480.jpeg\" class=\"wp-post-image\" alt=\"Bioidentische Hormontherapie\" srcset=\"https:\/\/www.inuspherese-zentrum-dortmund-holzwickede.de\/wp-content\/uploads\/2022\/06\/AdobeStock_432637966-1-e1654983363510-480x480.jpeg 480w, https:\/\/www.inuspherese-zentrum-dortmund-holzwickede.de\/wp-content\/uploads\/2022\/06\/AdobeStock_432637966-1-e1654983363510-300x300.jpeg 300w, https:\/\/www.inuspherese-zentrum-dortmund-holzwickede.de\/wp-content\/uploads\/2022\/06\/AdobeStock_432637966-1-e1654983363510-600x599.jpeg 600w, https:\/\/www.inuspherese-zentrum-dortmund-holzwickede.de\/wp-content\/uploads\/2022\/06\/AdobeStock_432637966-1-e1654983363510-800x798.jpeg 800w, https:\/\/www.inuspherese-zentrum-dortmund-holzwickede.de\/wp-content\/uploads\/2022\/06\/AdobeStock_432637966-1-e1654983363510-100x100.jpeg 100w, https:\/\/www.inuspherese-zentrum-dortmund-holzwickede.de\/wp-content\/uploads\/2022\/06\/AdobeStock_432637966-1-e1654983363510.jpeg 1046w\" sizes=\"auto, (max-width: 480px) 100vw, 480px\" title=\"Bioidentyczna terapia hormonalna\" \/>\t\t\t\t\t\t\t\t<\/div>\r\n\t\t\t\t\t\t\t<\/div>\r\n\t\t\t\t\t\t\t<h3>Bioidentyczna terapia hormonalna<\/h3>\r\n\t\t\t\t\t\t\tNaturalne zr\u00f3wnowa\u017cenie nier\u00f3wnowagi hormonalnej\t\t\t\t\t\t\t<span class=\"wichtig\">\" wi\u0119cej<\/span>\r\n\t\t\t\t\t\t\r\n\t\t\t\t\t<\/a>\r\n\t\t\t\t<\/div>\r\n\t\t\t\t\t\t\t<div class=\"col-lg-4 col-md-6 mb-5 px-lg-4 px-3\">\r\n\t\t\t\t\t<a class=\"block inherit h-100 text-centerX\" href=\"https:\/\/www.inuspherese-zentrum-dortmund-holzwickede.de\/pl\/unser-anliegen\/allergien-unvertraeglichkeiten\/\">\r\n\t\t\t\t\t\t\r\n\t\t\t\t\t\t\t<div class=\"bobbel-wrapper\">\r\n\t\t\t\t\t\t\t\t<div class=\"bobbel mb-4\">\r\n\t\t\t\t\t\t\t\t\t<img loading=\"lazy\" decoding=\"async\" width=\"480\" height=\"480\" src=\"https:\/\/www.inuspherese-zentrum-dortmund-holzwickede.de\/wp-content\/uploads\/2022\/06\/AdobeStock_143107425-1-e1654983797821-480x480.jpeg\" class=\"wp-post-image\" alt=\"Allergien und Unvertr\u00e4glichkeiten\" srcset=\"https:\/\/www.inuspherese-zentrum-dortmund-holzwickede.de\/wp-content\/uploads\/2022\/06\/AdobeStock_143107425-1-e1654983797821-480x480.jpeg 480w, https:\/\/www.inuspherese-zentrum-dortmund-holzwickede.de\/wp-content\/uploads\/2022\/06\/AdobeStock_143107425-1-e1654983797821-300x300.jpeg 300w, https:\/\/www.inuspherese-zentrum-dortmund-holzwickede.de\/wp-content\/uploads\/2022\/06\/AdobeStock_143107425-1-e1654983797821-600x600.jpeg 600w, https:\/\/www.inuspherese-zentrum-dortmund-holzwickede.de\/wp-content\/uploads\/2022\/06\/AdobeStock_143107425-1-e1654983797821-800x800.jpeg 800w, https:\/\/www.inuspherese-zentrum-dortmund-holzwickede.de\/wp-content\/uploads\/2022\/06\/AdobeStock_143107425-1-e1654983797821-100x100.jpeg 100w, https:\/\/www.inuspherese-zentrum-dortmund-holzwickede.de\/wp-content\/uploads\/2022\/06\/AdobeStock_143107425-1-e1654983797821.jpeg 812w\" sizes=\"auto, (max-width: 480px) 100vw, 480px\" title=\"Alergie i nietolerancje\" \/>\t\t\t\t\t\t\t\t<\/div>\r\n\t\t\t\t\t\t\t<\/div>\r\n\t\t\t\t\t\t\t<h3>Alergie i nietolerancje<\/h3>\r\n\t\t\t\t\t\t\tna materia\u0142ach dentystycznych, implantach piersi i staw\u00f3w, \u017cywno\u015bci\t\t\t\t\t\t\t<span class=\"wichtig\">\" wi\u0119cej<\/span>\r\n\t\t\t\t\t\t\r\n\t\t\t\t\t<\/a>\r\n\t\t\t\t<\/div>\r\n\t\t\t\t\t\t\t<div class=\"col-lg-4 col-md-6 mb-5 px-lg-4 px-3\">\r\n\t\t\t\t\t<a class=\"block inherit h-100 text-centerX\" href=\"https:\/\/www.inuspherese-zentrum-dortmund-holzwickede.de\/pl\/unser-anliegen\/schmerz-therapie\/\">\r\n\t\t\t\t\t\t\r\n\t\t\t\t\t\t\t<div class=\"bobbel-wrapper\">\r\n\t\t\t\t\t\t\t\t<div class=\"bobbel mb-4\">\r\n\t\t\t\t\t\t\t\t\t<img loading=\"lazy\" decoding=\"async\" width=\"480\" height=\"480\" src=\"https:\/\/www.inuspherese-zentrum-dortmund-holzwickede.de\/wp-content\/uploads\/2022\/06\/AdobeStock_186990770-1-e1654983667744-480x480.jpeg\" class=\"wp-post-image\" alt=\"Schmerz-Therapie\" srcset=\"https:\/\/www.inuspherese-zentrum-dortmund-holzwickede.de\/wp-content\/uploads\/2022\/06\/AdobeStock_186990770-1-e1654983667744-480x480.jpeg 480w, https:\/\/www.inuspherese-zentrum-dortmund-holzwickede.de\/wp-content\/uploads\/2022\/06\/AdobeStock_186990770-1-e1654983667744-300x300.jpeg 300w, https:\/\/www.inuspherese-zentrum-dortmund-holzwickede.de\/wp-content\/uploads\/2022\/06\/AdobeStock_186990770-1-e1654983667744-600x600.jpeg 600w, https:\/\/www.inuspherese-zentrum-dortmund-holzwickede.de\/wp-content\/uploads\/2022\/06\/AdobeStock_186990770-1-e1654983667744-800x800.jpeg 800w, https:\/\/www.inuspherese-zentrum-dortmund-holzwickede.de\/wp-content\/uploads\/2022\/06\/AdobeStock_186990770-1-e1654983667744-1200x1200.jpeg 1200w, https:\/\/www.inuspherese-zentrum-dortmund-holzwickede.de\/wp-content\/uploads\/2022\/06\/AdobeStock_186990770-1-e1654983667744-100x100.jpeg 100w, https:\/\/www.inuspherese-zentrum-dortmund-holzwickede.de\/wp-content\/uploads\/2022\/06\/AdobeStock_186990770-1-e1654983667744.jpeg 1521w\" sizes=\"auto, (max-width: 480px) 100vw, 480px\" title=\"Leczenie b\u00f3lu\" \/>\t\t\t\t\t\t\t\t<\/div>\r\n\t\t\t\t\t\t\t<\/div>\r\n\t\t\t\t\t\t\t<h3>Leczenie b\u00f3lu<\/h3>\r\n\t\t\t\t\t\t\tNie pozw\u00f3l, aby b\u00f3l Ci\u0119 spowolni\u0142!\t\t\t\t\t\t\t<span class=\"wichtig\">\" wi\u0119cej<\/span>\r\n\t\t\t\t\t\t\r\n\t\t\t\t\t<\/a>\r\n\t\t\t\t<\/div>\r\n\t\t\t\t\t\t\t<div class=\"col-lg-4 col-md-6 mb-5 px-lg-4 px-3\">\r\n\t\t\t\t\t<a class=\"block inherit h-100 text-centerX\" href=\"https:\/\/www.inuspherese-zentrum-dortmund-holzwickede.de\/pl\/unser-anliegen\/darm-gesundheit\/\">\r\n\t\t\t\t\t\t\r\n\t\t\t\t\t\t\t<div class=\"bobbel-wrapper\">\r\n\t\t\t\t\t\t\t\t<div class=\"bobbel mb-4\">\r\n\t\t\t\t\t\t\t\t\t<img loading=\"lazy\" decoding=\"async\" width=\"480\" height=\"480\" src=\"https:\/\/www.inuspherese-zentrum-dortmund-holzwickede.de\/wp-content\/uploads\/2022\/06\/AdobeStock_499223182-480x480.jpeg\" class=\"wp-post-image\" alt=\"Darm-Gesundheit\" srcset=\"https:\/\/www.inuspherese-zentrum-dortmund-holzwickede.de\/wp-content\/uploads\/2022\/06\/AdobeStock_499223182-480x480.jpeg 480w, https:\/\/www.inuspherese-zentrum-dortmund-holzwickede.de\/wp-content\/uploads\/2022\/06\/AdobeStock_499223182-300x300.jpeg 300w, https:\/\/www.inuspherese-zentrum-dortmund-holzwickede.de\/wp-content\/uploads\/2022\/06\/AdobeStock_499223182-100x100.jpeg 100w\" sizes=\"auto, (max-width: 480px) 100vw, 480px\" title=\"Zdrowie jelit\" \/>\t\t\t\t\t\t\t\t<\/div>\r\n\t\t\t\t\t\t\t<\/div>\r\n\t\t\t\t\t\t\t<h3>Zdrowie jelit<\/h3>\r\n\t\t\t\t\t\t\tB\u00f3l brzucha, trawienie, alergie - co robi\u0107?\t\t\t\t\t\t\t<span class=\"wichtig\">\" wi\u0119cej<\/span>\r\n\t\t\t\t\t\t\r\n\t\t\t\t\t<\/a>\r\n\t\t\t\t<\/div>\r\n\t\t\t\t\t\t\t<\/div>\r\n\t<\/div>\r\n<\/section>","protected":false},"excerpt":{"rendered":"<p>Powr\u00f3t do spokoju i wysokiego poziomu energii<\/p>","protected":false},"author":1,"featured_media":1994,"parent":1160,"menu_order":8,"comment_status":"closed","ping_status":"closed","template":"","meta":{"_acf_changed":false,"inline_featured_image":false,"footnotes":""},"class_list":["post-1740","page","type-page","status-publish","has-post-thumbnail","hentry"],"acf":[],"_links":{"self":[{"href":"https:\/\/www.inuspherese-zentrum-dortmund-holzwickede.de\/pl\/wp-json\/wp\/v2\/pages\/1740","targetHints":{"allow":["GET"]}}],"collection":[{"href":"https:\/\/www.inuspherese-zentrum-dortmund-holzwickede.de\/pl\/wp-json\/wp\/v2\/pages"}],"about":[{"href":"https:\/\/www.inuspherese-zentrum-dortmund-holzwickede.de\/pl\/wp-json\/wp\/v2\/types\/page"}],"author":[{"embeddable":true,"href":"https:\/\/www.inuspherese-zentrum-dortmund-holzwickede.de\/pl\/wp-json\/wp\/v2\/users\/1"}],"replies":[{"embeddable":true,"href":"https:\/\/www.inuspherese-zentrum-dortmund-holzwickede.de\/pl\/wp-json\/wp\/v2\/comments?post=1740"}],"version-history":[{"count":2,"href":"https:\/\/www.inuspherese-zentrum-dortmund-holzwickede.de\/pl\/wp-json\/wp\/v2\/pages\/1740\/revisions"}],"predecessor-version":[{"id":3008,"href":"https:\/\/www.inuspherese-zentrum-dortmund-holzwickede.de\/pl\/wp-json\/wp\/v2\/pages\/1740\/revisions\/3008"}],"up":[{"embeddable":true,"href":"https:\/\/www.inuspherese-zentrum-dortmund-holzwickede.de\/pl\/wp-json\/wp\/v2\/pages\/1160"}],"wp:featuredmedia":[{"embeddable":true,"href":"https:\/\/www.inuspherese-zentrum-dortmund-holzwickede.de\/pl\/wp-json\/wp\/v2\/media\/1994"}],"wp:attachment":[{"href":"https:\/\/www.inuspherese-zentrum-dortmund-holzwickede.de\/pl\/wp-json\/wp\/v2\/media?parent=1740"}],"curies":[{"name":"wp","href":"https:\/\/api.w.org\/{rel}","templated":true}]}}