{"id":18,"date":"2020-03-24T20:39:47","date_gmt":"2020-03-24T19:39:47","guid":{"rendered":"https:\/\/www.ganzheitliche-arztpraxis-kronberg.de\/?page_id=18"},"modified":"2024-09-03T21:15:48","modified_gmt":"2024-09-03T19:15:48","slug":"inuspherese-zentrum-dortmund-holzwickede","status":"publish","type":"page","link":"https:\/\/www.inuspherese-zentrum-dortmund-holzwickede.de\/pl\/","title":{"rendered":"INUSpheresis\u00ae CentreDortmund Holzwickede"},"content":{"rendered":"<section id=\"content-standard-block_5a25c2a4d55b92efb602e8f4b93fd4c9\" class=\"content-standard bg-trans   text-default pt-md-5 pt-4 pb-md-5 pb-4\" >\r\n\t<div class=\"container\">\r\n    \t<div class=\"row\">\r\n\t\t\t<div class=\"col-12\"><div class=\"intro\">\n<p style=\"font-weight: 400;\">Zdrowie jest najwi\u0119kszym atutem ka\u017cdej jednostki i spo\u0142ecze\u0144stwa. Im zdrowsza jest ka\u017cda jednostka, tym lepiej nam wszystkim.<\/p>\n<p style=\"font-weight: 400;\">W naszej praktyce postrzegamy ka\u017cd\u0105 osob\u0119 indywidualnie i holistycznie jako jedno\u015b\u0107 cia\u0142a, umys\u0142u i duszy.<\/p>\n<p style=\"font-weight: 400;\">Wykorzystujemy medycyn\u0119 konwencjonaln\u0105 i rozszerzamy leczenie o holistyczn\u0105 diagnostyk\u0119 medyczn\u0105 i metody terapii z zakresu medycyny regulacyjnej i energetycznej.<\/p>\n<\/div>\n<\/div>\r\n\t\t<\/div>\r\n\t<\/div>\r\n<\/section>\n\n<section id=\"content-standard-block_9373d46d6143bdc58d7bae7ab074bfdc\" class=\"content-nav bg-trans   text-default pt-md- pt- pb-md-5 pb-4\" >\r\n\t<div class=\"container\">\r\n\t\t\t\t\t<h2 class=\"mb-5\"><span>Nasz<\/span> spektrum<\/h2>\r\n\t\t\t\t<div class=\"row mb-lg-0 mb-n4 d-flex justify-content-centerX\">\r\n\t\t\t\t\t\t\t\t\t<div class=\"col-lg-4 col-md-6 mb-5 px-lg-4 px-3\">\r\n\t\t\t\t\t<a class=\"block inherit h-100 text-centerX\" href=\"https:\/\/www.inuspherese-zentrum-dortmund-holzwickede.de\/pl\/unser-anliegen\/inuspherese\/\">\r\n\t\t\t\t\t\t\r\n\t\t\t\t\t\t\t<div class=\"bobbel-wrapper\">\r\n\t\t\t\t\t\t\t\t<div class=\"bobbel mb-4\">\r\n\t\t\t\t\t\t\t\t\t<img loading=\"lazy\" decoding=\"async\" width=\"480\" height=\"480\" src=\"https:\/\/www.inuspherese-zentrum-dortmund-holzwickede.de\/wp-content\/uploads\/2022\/11\/AdobeStock_31677497-480x480.jpeg\" class=\"wp-post-image\" alt=\"Praxis f\u00fcr Inuspherese in Kronberg bei Frankfurt\" srcset=\"https:\/\/www.inuspherese-zentrum-dortmund-holzwickede.de\/wp-content\/uploads\/2022\/11\/AdobeStock_31677497-480x480.jpeg 480w, https:\/\/www.inuspherese-zentrum-dortmund-holzwickede.de\/wp-content\/uploads\/2022\/11\/AdobeStock_31677497-300x300.jpeg 300w, https:\/\/www.inuspherese-zentrum-dortmund-holzwickede.de\/wp-content\/uploads\/2022\/11\/AdobeStock_31677497-100x100.jpeg 100w\" sizes=\"auto, (max-width: 480px) 100vw, 480px\" title=\"Praktyka inuspheresis w Kronbergu ko\u0142o Frankfurtu\" \/>\t\t\t\t\t\t\t\t<\/div>\r\n\t\t\t\t\t\t\t<\/div>\r\n\t\t\t\t\t\t\t<h3>INUSpheresis<sup>\u00ae<\/sup><\/h3>\r\n\t\t\t\t\t\t\tSkuteczna metoda detoksykacji organizmu\t\t\t\t\t\t\t<span class=\"wichtig\">\" wi\u0119cej<\/span>\r\n\t\t\t\t\t\t\r\n\t\t\t\t\t<\/a>\r\n\t\t\t\t<\/div>\r\n\t\t\t\t\t\t\t<div class=\"col-lg-4 col-md-6 mb-5 px-lg-4 px-3\">\r\n\t\t\t\t\t<a class=\"block inherit h-100 text-centerX\" href=\"https:\/\/www.inuspherese-zentrum-dortmund-holzwickede.de\/pl\/unser-anliegen\/ganzheitliche-medizin\/\">\r\n\t\t\t\t\t\t\r\n\t\t\t\t\t\t\t<div class=\"bobbel-wrapper\">\r\n\t\t\t\t\t\t\t\t<div class=\"bobbel mb-4\">\r\n\t\t\t\t\t\t\t\t\t<img loading=\"lazy\" decoding=\"async\" width=\"480\" height=\"480\" src=\"https:\/\/www.inuspherese-zentrum-dortmund-holzwickede.de\/wp-content\/uploads\/2022\/06\/AdobeStock_247969304-1-e1654983526943-480x480.jpeg\" class=\"wp-post-image\" alt=\"Ganzheitliche Familienmedizin\" srcset=\"https:\/\/www.inuspherese-zentrum-dortmund-holzwickede.de\/wp-content\/uploads\/2022\/06\/AdobeStock_247969304-1-e1654983526943-480x480.jpeg 480w, https:\/\/www.inuspherese-zentrum-dortmund-holzwickede.de\/wp-content\/uploads\/2022\/06\/AdobeStock_247969304-1-e1654983526943-600x599.jpeg 600w, https:\/\/www.inuspherese-zentrum-dortmund-holzwickede.de\/wp-content\/uploads\/2022\/06\/AdobeStock_247969304-1-e1654983526943-300x300.jpeg 300w, https:\/\/www.inuspherese-zentrum-dortmund-holzwickede.de\/wp-content\/uploads\/2022\/06\/AdobeStock_247969304-1-e1654983526943-800x800.jpeg 800w, https:\/\/www.inuspherese-zentrum-dortmund-holzwickede.de\/wp-content\/uploads\/2022\/06\/AdobeStock_247969304-1-e1654983526943-100x100.jpeg 100w, https:\/\/www.inuspherese-zentrum-dortmund-holzwickede.de\/wp-content\/uploads\/2022\/06\/AdobeStock_247969304-1-e1654983526943.jpeg 897w\" sizes=\"auto, (max-width: 480px) 100vw, 480px\" title=\"Holistyczna medycyna rodzinna\" \/>\t\t\t\t\t\t\t\t<\/div>\r\n\t\t\t\t\t\t\t<\/div>\r\n\t\t\t\t\t\t\t<h3>Medycyna holistyczna<\/h3>\r\n\t\t\t\t\t\t\tZdrowie i dobre samopoczucie dzieci i doros\u0142ych\t\t\t\t\t\t\t<span class=\"wichtig\">\" wi\u0119cej<\/span>\r\n\t\t\t\t\t\t\r\n\t\t\t\t\t<\/a>\r\n\t\t\t\t<\/div>\r\n\t\t\t\t\t\t\t<div class=\"col-lg-4 col-md-6 mb-5 px-lg-4 px-3\">\r\n\t\t\t\t\t<a class=\"block inherit h-100 text-centerX\" href=\"https:\/\/www.inuspherese-zentrum-dortmund-holzwickede.de\/pl\/unser-anliegen\/bioidentische-hormontherapie\/\">\r\n\t\t\t\t\t\t\r\n\t\t\t\t\t\t\t<div class=\"bobbel-wrapper\">\r\n\t\t\t\t\t\t\t\t<div class=\"bobbel mb-4\">\r\n\t\t\t\t\t\t\t\t\t<img loading=\"lazy\" decoding=\"async\" width=\"480\" height=\"480\" src=\"https:\/\/www.inuspherese-zentrum-dortmund-holzwickede.de\/wp-content\/uploads\/2022\/06\/AdobeStock_432637966-1-e1654983363510-480x480.jpeg\" class=\"wp-post-image\" alt=\"Bioidentische Hormontherapie\" srcset=\"https:\/\/www.inuspherese-zentrum-dortmund-holzwickede.de\/wp-content\/uploads\/2022\/06\/AdobeStock_432637966-1-e1654983363510-480x480.jpeg 480w, https:\/\/www.inuspherese-zentrum-dortmund-holzwickede.de\/wp-content\/uploads\/2022\/06\/AdobeStock_432637966-1-e1654983363510-300x300.jpeg 300w, https:\/\/www.inuspherese-zentrum-dortmund-holzwickede.de\/wp-content\/uploads\/2022\/06\/AdobeStock_432637966-1-e1654983363510-600x599.jpeg 600w, https:\/\/www.inuspherese-zentrum-dortmund-holzwickede.de\/wp-content\/uploads\/2022\/06\/AdobeStock_432637966-1-e1654983363510-800x798.jpeg 800w, https:\/\/www.inuspherese-zentrum-dortmund-holzwickede.de\/wp-content\/uploads\/2022\/06\/AdobeStock_432637966-1-e1654983363510-100x100.jpeg 100w, https:\/\/www.inuspherese-zentrum-dortmund-holzwickede.de\/wp-content\/uploads\/2022\/06\/AdobeStock_432637966-1-e1654983363510.jpeg 1046w\" sizes=\"auto, (max-width: 480px) 100vw, 480px\" title=\"Bioidentyczna terapia hormonalna\" \/>\t\t\t\t\t\t\t\t<\/div>\r\n\t\t\t\t\t\t\t<\/div>\r\n\t\t\t\t\t\t\t<h3>Bioidentyczna terapia hormonalna<\/h3>\r\n\t\t\t\t\t\t\tNaturalne zr\u00f3wnowa\u017cenie nier\u00f3wnowagi hormonalnej\t\t\t\t\t\t\t<span class=\"wichtig\">\" wi\u0119cej<\/span>\r\n\t\t\t\t\t\t\r\n\t\t\t\t\t<\/a>\r\n\t\t\t\t<\/div>\r\n\t\t\t\t\t\t\t<div class=\"col-lg-4 col-md-6 mb-5 px-lg-4 px-3\">\r\n\t\t\t\t\t<a class=\"block inherit h-100 text-centerX\" href=\"https:\/\/www.inuspherese-zentrum-dortmund-holzwickede.de\/pl\/unser-anliegen\/allergien-unvertraeglichkeiten\/\">\r\n\t\t\t\t\t\t\r\n\t\t\t\t\t\t\t<div class=\"bobbel-wrapper\">\r\n\t\t\t\t\t\t\t\t<div class=\"bobbel mb-4\">\r\n\t\t\t\t\t\t\t\t\t<img loading=\"lazy\" decoding=\"async\" width=\"480\" height=\"480\" src=\"https:\/\/www.inuspherese-zentrum-dortmund-holzwickede.de\/wp-content\/uploads\/2022\/06\/AdobeStock_143107425-1-e1654983797821-480x480.jpeg\" class=\"wp-post-image\" alt=\"Allergien und Unvertr\u00e4glichkeiten\" srcset=\"https:\/\/www.inuspherese-zentrum-dortmund-holzwickede.de\/wp-content\/uploads\/2022\/06\/AdobeStock_143107425-1-e1654983797821-480x480.jpeg 480w, https:\/\/www.inuspherese-zentrum-dortmund-holzwickede.de\/wp-content\/uploads\/2022\/06\/AdobeStock_143107425-1-e1654983797821-300x300.jpeg 300w, https:\/\/www.inuspherese-zentrum-dortmund-holzwickede.de\/wp-content\/uploads\/2022\/06\/AdobeStock_143107425-1-e1654983797821-600x600.jpeg 600w, https:\/\/www.inuspherese-zentrum-dortmund-holzwickede.de\/wp-content\/uploads\/2022\/06\/AdobeStock_143107425-1-e1654983797821-800x800.jpeg 800w, https:\/\/www.inuspherese-zentrum-dortmund-holzwickede.de\/wp-content\/uploads\/2022\/06\/AdobeStock_143107425-1-e1654983797821-100x100.jpeg 100w, https:\/\/www.inuspherese-zentrum-dortmund-holzwickede.de\/wp-content\/uploads\/2022\/06\/AdobeStock_143107425-1-e1654983797821.jpeg 812w\" sizes=\"auto, (max-width: 480px) 100vw, 480px\" title=\"Alergie i nietolerancje\" \/>\t\t\t\t\t\t\t\t<\/div>\r\n\t\t\t\t\t\t\t<\/div>\r\n\t\t\t\t\t\t\t<h3>Alergie i nietolerancje<\/h3>\r\n\t\t\t\t\t\t\tna materia\u0142ach dentystycznych, implantach piersi i staw\u00f3w, \u017cywno\u015bci\t\t\t\t\t\t\t<span class=\"wichtig\">\" wi\u0119cej<\/span>\r\n\t\t\t\t\t\t\r\n\t\t\t\t\t<\/a>\r\n\t\t\t\t<\/div>\r\n\t\t\t\t\t\t\t<div class=\"col-lg-4 col-md-6 mb-5 px-lg-4 px-3\">\r\n\t\t\t\t\t<a class=\"block inherit h-100 text-centerX\" href=\"https:\/\/www.inuspherese-zentrum-dortmund-holzwickede.de\/pl\/unser-anliegen\/schmerz-therapie\/\">\r\n\t\t\t\t\t\t\r\n\t\t\t\t\t\t\t<div class=\"bobbel-wrapper\">\r\n\t\t\t\t\t\t\t\t<div class=\"bobbel mb-4\">\r\n\t\t\t\t\t\t\t\t\t<img loading=\"lazy\" decoding=\"async\" width=\"480\" height=\"480\" src=\"https:\/\/www.inuspherese-zentrum-dortmund-holzwickede.de\/wp-content\/uploads\/2022\/06\/AdobeStock_186990770-1-e1654983667744-480x480.jpeg\" class=\"wp-post-image\" alt=\"Schmerz-Therapie\" srcset=\"https:\/\/www.inuspherese-zentrum-dortmund-holzwickede.de\/wp-content\/uploads\/2022\/06\/AdobeStock_186990770-1-e1654983667744-480x480.jpeg 480w, https:\/\/www.inuspherese-zentrum-dortmund-holzwickede.de\/wp-content\/uploads\/2022\/06\/AdobeStock_186990770-1-e1654983667744-300x300.jpeg 300w, https:\/\/www.inuspherese-zentrum-dortmund-holzwickede.de\/wp-content\/uploads\/2022\/06\/AdobeStock_186990770-1-e1654983667744-600x600.jpeg 600w, https:\/\/www.inuspherese-zentrum-dortmund-holzwickede.de\/wp-content\/uploads\/2022\/06\/AdobeStock_186990770-1-e1654983667744-800x800.jpeg 800w, https:\/\/www.inuspherese-zentrum-dortmund-holzwickede.de\/wp-content\/uploads\/2022\/06\/AdobeStock_186990770-1-e1654983667744-1200x1200.jpeg 1200w, https:\/\/www.inuspherese-zentrum-dortmund-holzwickede.de\/wp-content\/uploads\/2022\/06\/AdobeStock_186990770-1-e1654983667744-100x100.jpeg 100w, https:\/\/www.inuspherese-zentrum-dortmund-holzwickede.de\/wp-content\/uploads\/2022\/06\/AdobeStock_186990770-1-e1654983667744.jpeg 1521w\" sizes=\"auto, (max-width: 480px) 100vw, 480px\" title=\"Leczenie b\u00f3lu\" \/>\t\t\t\t\t\t\t\t<\/div>\r\n\t\t\t\t\t\t\t<\/div>\r\n\t\t\t\t\t\t\t<h3>Leczenie b\u00f3lu<\/h3>\r\n\t\t\t\t\t\t\tNie pozw\u00f3l, aby b\u00f3l Ci\u0119 spowolni\u0142!\t\t\t\t\t\t\t<span class=\"wichtig\">\" wi\u0119cej<\/span>\r\n\t\t\t\t\t\t\r\n\t\t\t\t\t<\/a>\r\n\t\t\t\t<\/div>\r\n\t\t\t\t\t\t\t<div class=\"col-lg-4 col-md-6 mb-5 px-lg-4 px-3\">\r\n\t\t\t\t\t<a class=\"block inherit h-100 text-centerX\" href=\"https:\/\/www.inuspherese-zentrum-dortmund-holzwickede.de\/pl\/unser-anliegen\/stress-erschoepfung\/\">\r\n\t\t\t\t\t\t\r\n\t\t\t\t\t\t\t<div class=\"bobbel-wrapper\">\r\n\t\t\t\t\t\t\t\t<div class=\"bobbel mb-4\">\r\n\t\t\t\t\t\t\t\t\t<img loading=\"lazy\" decoding=\"async\" width=\"480\" height=\"480\" src=\"https:\/\/www.inuspherese-zentrum-dortmund-holzwickede.de\/wp-content\/uploads\/2022\/06\/AdobeStock_354310924-1-e1654983291789-480x480.jpeg\" class=\"wp-post-image\" alt=\"Stress und Ersch\u00f6pfung\" srcset=\"https:\/\/www.inuspherese-zentrum-dortmund-holzwickede.de\/wp-content\/uploads\/2022\/06\/AdobeStock_354310924-1-e1654983291789-480x480.jpeg 480w, https:\/\/www.inuspherese-zentrum-dortmund-holzwickede.de\/wp-content\/uploads\/2022\/06\/AdobeStock_354310924-1-e1654983291789-300x300.jpeg 300w, https:\/\/www.inuspherese-zentrum-dortmund-holzwickede.de\/wp-content\/uploads\/2022\/06\/AdobeStock_354310924-1-e1654983291789-600x600.jpeg 600w, https:\/\/www.inuspherese-zentrum-dortmund-holzwickede.de\/wp-content\/uploads\/2022\/06\/AdobeStock_354310924-1-e1654983291789-800x800.jpeg 800w, https:\/\/www.inuspherese-zentrum-dortmund-holzwickede.de\/wp-content\/uploads\/2022\/06\/AdobeStock_354310924-1-e1654983291789-100x100.jpeg 100w, https:\/\/www.inuspherese-zentrum-dortmund-holzwickede.de\/wp-content\/uploads\/2022\/06\/AdobeStock_354310924-1-e1654983291789.jpeg 864w\" sizes=\"auto, (max-width: 480px) 100vw, 480px\" title=\"Stres i wyczerpanie\" \/>\t\t\t\t\t\t\t\t<\/div>\r\n\t\t\t\t\t\t\t<\/div>\r\n\t\t\t\t\t\t\t<h3>Stres i wyczerpanie<\/h3>\r\n\t\t\t\t\t\t\tPowr\u00f3t do spokoju i wysokiego poziomu energii\t\t\t\t\t\t\t<span class=\"wichtig\">\" wi\u0119cej<\/span>\r\n\t\t\t\t\t\t\r\n\t\t\t\t\t<\/a>\r\n\t\t\t\t<\/div>\r\n\t\t\t\t\t\t\t<div class=\"col-lg-4 col-md-6 mb-5 px-lg-4 px-3\">\r\n\t\t\t\t\t<a class=\"block inherit h-100 text-centerX\" href=\"https:\/\/www.inuspherese-zentrum-dortmund-holzwickede.de\/pl\/unser-anliegen\/darm-gesundheit\/\">\r\n\t\t\t\t\t\t\r\n\t\t\t\t\t\t\t<div class=\"bobbel-wrapper\">\r\n\t\t\t\t\t\t\t\t<div class=\"bobbel mb-4\">\r\n\t\t\t\t\t\t\t\t\t<img loading=\"lazy\" decoding=\"async\" width=\"480\" height=\"480\" src=\"https:\/\/www.inuspherese-zentrum-dortmund-holzwickede.de\/wp-content\/uploads\/2022\/06\/AdobeStock_499223182-480x480.jpeg\" class=\"wp-post-image\" alt=\"Darm-Gesundheit\" srcset=\"https:\/\/www.inuspherese-zentrum-dortmund-holzwickede.de\/wp-content\/uploads\/2022\/06\/AdobeStock_499223182-480x480.jpeg 480w, https:\/\/www.inuspherese-zentrum-dortmund-holzwickede.de\/wp-content\/uploads\/2022\/06\/AdobeStock_499223182-300x300.jpeg 300w, https:\/\/www.inuspherese-zentrum-dortmund-holzwickede.de\/wp-content\/uploads\/2022\/06\/AdobeStock_499223182-100x100.jpeg 100w\" sizes=\"auto, (max-width: 480px) 100vw, 480px\" title=\"Zdrowie jelit\" \/>\t\t\t\t\t\t\t\t<\/div>\r\n\t\t\t\t\t\t\t<\/div>\r\n\t\t\t\t\t\t\t<h3>Zdrowie jelit<\/h3>\r\n\t\t\t\t\t\t\tB\u00f3l brzucha, trawienie, alergie - co robi\u0107?\t\t\t\t\t\t\t<span class=\"wichtig\">\" wi\u0119cej<\/span>\r\n\t\t\t\t\t\t\r\n\t\t\t\t\t<\/a>\r\n\t\t\t\t<\/div>\r\n\t\t\t\t\t\t\t<\/div>\r\n\t<\/div>\r\n<\/section>\n\n<section id=\"content-standard-block_45844033f488530d10ea514c37507083\" class=\"content-standard bg-light   text-default pt-md-5 pt-4 pb-md-5 pb-4\" >\r\n\t<div class=\"container\">\r\n    \t<div class=\"row\">\r\n\t\t\t<div class=\"col-12\"><h2 class=\"mb-lg-5 mb-4\">Objawy <span class=\"wichtig\">oraz<\/span> Zaburzenia<\/h2>\n<div class=\"intro mb-5\">\n<p>Nasza praktyka specjalizuje si\u0119 w profilaktyce zdrowotnej dla dzieci i doros\u0142ych oraz w leczeniu ostrych i przewlek\u0142ych dolegliwo\u015bci, np. spowodowanych d\u0142ugotrwa\u0142ym stresem, niedoborami sk\u0142adnik\u00f3w od\u017cywczych, nietolerancjami pokarmowymi i innymi problemami zdrowotnymi.<wbr \/>(niewykryte) stany zapalne, zaburzenia r\u00f3wnowagi hormonalnej itp.<\/p>\n<p>Leczymy r\u00f3wnie\u017c:<\/p>\n<\/div>\n<ul class=\"multicolumn\">\n<li>Proces starzenia si\u0119<\/li>\n<li>Niedokrwisto\u015b\u0107<\/li>\n<li>Przeciwdzia\u0142anie starzeniu<\/li>\n<li>Choroba Alzheimera<\/li>\n<li>apatia \/ zm\u0119czenie<\/li>\n<li>Alergie \/ nietolerancje<\/li>\n<li>Choroby oczu<\/li>\n<li>Astma<\/li>\n<li>Borelioza<\/li>\n<li>Zapalenie oskrzeli<\/li>\n<li>Wypalenie<\/li>\n<li>Choroby jelit<\/li>\n<li>Cukrzyca<\/li>\n<li>Stany zapalne<\/li>\n<li>Redukcja wagi<\/li>\n<li>Choroby sk\u00f3ry<\/li>\n<li>Choroby uk\u0142adu kr\u0105\u017cenia \/ wysokie ci\u015bnienie krwi<\/li>\n<li>Regulacja hormonalna<\/li>\n<li>Choroby immunologiczne<\/li>\n<li>B\u00f3l g\u0142owy<\/li>\n<li>S\u0142aba wydajno\u015b\u0107<\/li>\n<li>Migrena<\/li>\n<li>Zaburzenia snu<\/li>\n<li>Zanieczyszczenie metalami ci\u0119\u017ckimi<\/li>\n<li>Traumy<\/li>\n<li>Toksyczne choroby \u015brodowiskowe<\/li>\n<\/ul>\n<h2>\u00a0<\/h2>\n<h2 class=\"mb-lg-5 mb-4\">Dlaczego INUSpheresis Centre Dortmund w Holzwickede?<\/h2>\n<div class=\"intro mb-5\">\n<p>Nasze centrum koncentruje si\u0119 na holistycznej koncepcji leczenia, kt\u00f3ra \u0142\u0105czy medycyn\u0119 konwencjonaln\u0105 i alternatywne metody terapii. Oferujemy mi\u0119dzy innymi INUSpheresis NRW do skutecznej detoksykacji organizmu.<\/p>\n<p>Oferujemy r\u00f3wnie\u017c leczenie hormonami bioidentycznymi, znanymi r\u00f3wnie\u017c jako hormony identyczne z naturalnymi. Terapie te pomagaj\u0105 naturalnie regulowa\u0107 zaburzenia r\u00f3wnowagi hormonalnej.<br \/>\nSzukasz holistycznego lekarza w Dortmundzie? Nasz do\u015bwiadczony zesp\u00f3\u0142 jest do Twojej dyspozycji.<\/p>\n<\/div>\n<\/div>\r\n\t\t<\/div>\r\n\t<\/div>\r\n<\/section>","protected":false},"excerpt":{"rendered":"","protected":false},"author":1,"featured_media":0,"parent":0,"menu_order":1,"comment_status":"closed","ping_status":"closed","template":"","meta":{"_acf_changed":false,"inline_featured_image":false,"footnotes":""},"class_list":["post-18","page","type-page","status-publish","hentry"],"acf":[],"_links":{"self":[{"href":"https:\/\/www.inuspherese-zentrum-dortmund-holzwickede.de\/pl\/wp-json\/wp\/v2\/pages\/18","targetHints":{"allow":["GET"]}}],"collection":[{"href":"https:\/\/www.inuspherese-zentrum-dortmund-holzwickede.de\/pl\/wp-json\/wp\/v2\/pages"}],"about":[{"href":"https:\/\/www.inuspherese-zentrum-dortmund-holzwickede.de\/pl\/wp-json\/wp\/v2\/types\/page"}],"author":[{"embeddable":true,"href":"https:\/\/www.inuspherese-zentrum-dortmund-holzwickede.de\/pl\/wp-json\/wp\/v2\/users\/1"}],"replies":[{"embeddable":true,"href":"https:\/\/www.inuspherese-zentrum-dortmund-holzwickede.de\/pl\/wp-json\/wp\/v2\/comments?post=18"}],"version-history":[{"count":9,"href":"https:\/\/www.inuspherese-zentrum-dortmund-holzwickede.de\/pl\/wp-json\/wp\/v2\/pages\/18\/revisions"}],"predecessor-version":[{"id":3084,"href":"https:\/\/www.inuspherese-zentrum-dortmund-holzwickede.de\/pl\/wp-json\/wp\/v2\/pages\/18\/revisions\/3084"}],"wp:attachment":[{"href":"https:\/\/www.inuspherese-zentrum-dortmund-holzwickede.de\/pl\/wp-json\/wp\/v2\/media?parent=18"}],"curies":[{"name":"wp","href":"https:\/\/api.w.org\/{rel}","templated":true}]}}